{"id":1335284,"date":"2021-01-04T12:20:09","date_gmt":"2021-01-04T11:20:09","guid":{"rendered":"https:\/\/laboklin.de\/start-karriere-bei-laboklin\/unsere-mitarbeiter-benefits\/"},"modified":"2024-02-21T08:38:38","modified_gmt":"2024-02-21T07:38:38","slug":"unsere-mitarbeiter-benefits","status":"publish","type":"page","link":"https:\/\/laboklin.de\/de-ch\/start-karriere-bei-laboklin\/unsere-mitarbeiter-benefits\/","title":{"rendered":"Unsere Mitarbeiter-Benefits"},"content":{"rendered":"<div class=\"wpb-content-wrapper\"><p>[vc_row type=&#187;vc_default&#187; equal_height=&#187;yes&#187;][vc_column width=&#187;2\/3&#8243;][vc_column_text css=&#187;.vc_custom_1688548598162{padding-top: 60px !important;padding-right: 30px !important;padding-bottom: 30px !important;padding-left: 30px !important;}&#187;]<\/p>\n<h3 style=\"text-align: center;\">Um unsere <strong><u>Wertsch\u00e4tzung<\/u><\/strong> f\u00fcr unsere<strong><u> Mitarbeiter<\/u><\/strong> zu zeigen, bieten wir Ihnen folgende <strong><u>Vorteile<\/u><\/strong>:<\/h3>\n<p>[\/vc_column_text][\/vc_column][vc_column width=&#187;1\/3&#8243; css=&#187;.vc_custom_1609761360125{margin-right: 5px !important;}&#187;]<div tabindex=\"0\" class=\"ult-new-ib ult-ib-effect-style13  ult-ib-resp  \" data-min-width=\"768\" data-max-width=\"900\" style=\"background:#000000;\" data-opacity=\"0.8\" data-hover-opacity=\"0.2\" ><img decoding=\"async\" class=\"ult-new-ib-img\" style=\"opacity:0.8;\" alt=\"null\" src=\"https:\/\/laboklin.de\/wp-content\/uploads\/2021\/01\/ICON_Arbeitszeitanpassung.jpg\"   \/><div id=\"interactive-banner-wrap-3103\" class=\"ult-new-ib-desc\" style=\"\"><h3 class=\"ult-new-ib-title ult-responsive\"  data-ultimate-target='#interactive-banner-wrap-3103 .ult-new-ib-title'  data-responsive-json-new='{\"font-size\":\"desktop:22px;\",\"line-height\":\"\"}'  style=\"font-family:&#039;Open Sans&#039;;font-weight:600;color:#ffffff;\">Arbeitszeitanpassung<\/h3><div class=\"ult-new-ib-content ult-responsive\"  data-ultimate-target='#interactive-banner-wrap-3103 .ult-new-ib-content'  data-responsive-json-new='{\"font-size\":\"\",\"line-height\":\"\"}'  style=\"font-weight:normal;color:#ffffff;\"><p>Durch die M\u00f6glichkeit zur bedarfsgerechten und flexiblen Arbeitszeitanpassung k\u00f6nnen Sie Ihre Arbeitszeit stets an Ihre privaten Bed\u00fcrfnisse anpassen.<\/p><\/div><\/div><\/div>[\/vc_column][\/vc_row][vc_row][vc_column width=&#187;1\/3&#8243; css=&#187;.vc_custom_1609761346915{margin-right: 5px !important;}&#187;]<div tabindex=\"0\" class=\"ult-new-ib ult-ib-effect-style13  ult-ib-resp   vc_custom_1609763120846\" data-min-width=\"768\" data-max-width=\"900\" style=\"background:#000000;\" data-opacity=\"1\" data-hover-opacity=\"0.4\" ><img decoding=\"async\" class=\"ult-new-ib-img\" style=\"opacity:1;\" alt=\"null\" src=\"https:\/\/laboklin.de\/wp-content\/uploads\/2021\/01\/ICON_MAParkplatz.jpg\"   \/><div id=\"interactive-banner-wrap-5758\" class=\"ult-new-ib-desc\" style=\"\"><h3 class=\"ult-new-ib-title ult-responsive\"  data-ultimate-target='#interactive-banner-wrap-5758 .ult-new-ib-title'  data-responsive-json-new='{\"font-size\":\"desktop:22px;\",\"line-height\":\"\"}'  style=\"font-family:&#039;Open Sans&#039;;font-weight:600;color:#ffffff;\">Mitarbeiterparkpl\u00e4tze<\/h3><div class=\"ult-new-ib-content ult-responsive\"  data-ultimate-target='#interactive-banner-wrap-5758 .ult-new-ib-content'  data-responsive-json-new='{\"font-size\":\"\",\"line-height\":\"\"}'  style=\"font-weight:normal;\"><p>Der Start in den Arbeitstag f\u00e4llt leicht \u2013 dank unserer kostenfreien Mitarbeiterparkpl\u00e4tze m\u00fcssen Sie keine Zeit mit Parkplatzsuche verschwenden.<\/p><\/div><\/div><\/div>[\/vc_column][vc_column width=&#187;1\/3&#8243; css=&#187;.vc_custom_1609761360125{margin-right: 5px !important;}&#187;]<div tabindex=\"0\" class=\"ult-new-ib ult-ib-effect-style13  ult-ib-resp  \" data-min-width=\"768\" data-max-width=\"900\" style=\"background:#000000;\" data-opacity=\"0.8\" data-hover-opacity=\"0.4\" ><img decoding=\"async\" class=\"ult-new-ib-img\" style=\"opacity:0.8;\" alt=\"null\" src=\"https:\/\/laboklin.de\/wp-content\/uploads\/2021\/01\/ICON_Mittagstisch.jpg\"   \/><div id=\"interactive-banner-wrap-3559\" class=\"ult-new-ib-desc\" style=\"\"><h3 class=\"ult-new-ib-title ult-responsive\"  data-ultimate-target='#interactive-banner-wrap-3559 .ult-new-ib-title'  data-responsive-json-new='{\"font-size\":\"desktop:22px;\",\"line-height\":\"\"}'  style=\"font-family:&#039;Open Sans&#039;;font-weight:600;color:#ffffff;\">Mobile Kantine<\/h3><div class=\"ult-new-ib-content ult-responsive\"  data-ultimate-target='#interactive-banner-wrap-3559 .ult-new-ib-content'  data-responsive-json-new='{\"font-size\":\"\",\"line-height\":\"\"}'  style=\"font-weight:normal;color:#ffffff;\"><p>F\u00fcr den Hunger in der Mittagspause gibt es einmal w\u00f6chentlich kostenloses Mittagessen.<\/p><\/div><\/div><\/div>[\/vc_column][vc_column width=&#187;1\/3&#8243; css=&#187;.vc_custom_1609761371146{margin-right: 5px !important;}&#187;]<div tabindex=\"0\" class=\"ult-new-ib ult-ib-effect-style13  ult-ib-resp  \" data-min-width=\"768\" data-max-width=\"900\" style=\"background:#000000;\" data-opacity=\"0.8\" data-hover-opacity=\"0.4\" ><img decoding=\"async\" class=\"ult-new-ib-img\" style=\"opacity:0.8;\" alt=\"null\" src=\"https:\/\/laboklin.de\/wp-content\/uploads\/2021\/01\/ICON_Gerteanke.jpg\"   \/><div id=\"interactive-banner-wrap-9647\" class=\"ult-new-ib-desc\" style=\"\"><h3 class=\"ult-new-ib-title ult-responsive\"  data-ultimate-target='#interactive-banner-wrap-9647 .ult-new-ib-title'  data-responsive-json-new='{\"font-size\":\"desktop:22px;\",\"line-height\":\"\"}'  style=\"font-family:&#039;Open Sans&#039;;font-weight:600;color:#ffffff;\">Erfrischungsgetr\u00e4nke<\/h3><div class=\"ult-new-ib-content ult-responsive\"  data-ultimate-target='#interactive-banner-wrap-9647 .ult-new-ib-content'  data-responsive-json-new='{\"font-size\":\"\",\"line-height\":\"\"}'  style=\"font-weight:normal;color:#ffffff;\"><p>Um Ihnen den Arbeitstag sorgenfrei zu gestalten, erhalten Sie bei uns jederzeit kostenfreie Erfrischungsgetr\u00e4nke sowie Kaffee oder Tee!<\/p><\/div><\/div><\/div>[\/vc_column][\/vc_row][vc_row][vc_column width=&#187;1\/3&#8243; css=&#187;.vc_custom_1609761346915{margin-right: 5px !important;}&#187;]<div tabindex=\"0\" class=\"ult-new-ib ult-ib-effect-style13  ult-ib-resp  \" data-min-width=\"768\" data-max-width=\"900\" style=\"background:#000000;\" data-opacity=\"0.8\" data-hover-opacity=\"0.4\" ><img decoding=\"async\" class=\"ult-new-ib-img\" style=\"opacity:0.8;\" alt=\"null\" src=\"https:\/\/laboklin.de\/wp-content\/uploads\/2021\/01\/ICON_RabattShop.jpg\"   \/><div id=\"interactive-banner-wrap-3711\" class=\"ult-new-ib-desc\" style=\"\"><h3 class=\"ult-new-ib-title ult-responsive\"  data-ultimate-target='#interactive-banner-wrap-3711 .ult-new-ib-title'  data-responsive-json-new='{\"font-size\":\"desktop:22px;\",\"line-height\":\"\"}'  style=\"font-family:&#039;Open Sans&#039;;font-weight:600;color:#ffffff;\">Mitarbeiter-Rabatt-Portal<\/h3><div class=\"ult-new-ib-content ult-responsive\"  data-ultimate-target='#interactive-banner-wrap-3711 .ult-new-ib-content'  data-responsive-json-new='{\"font-size\":\"\",\"line-height\":\"\"}'  style=\"font-weight:normal;color:#ffffff;\"><p>Auf der Suche nach neuer Kleidung, Technik oder sonstiges?<br \/>\nDurch unser Mitarbeiter-Rabatt-Portal erhalten Sie bei zahlreichen namhaften Onlineshops Preisnachl\u00e4sse.<\/p><\/div><\/div><\/div>[\/vc_column][vc_column width=&#187;1\/3&#8243; css=&#187;.vc_custom_1609761360125{margin-right: 5px !important;}&#187;]<div tabindex=\"0\" class=\"ult-new-ib ult-ib-effect-style13  ult-ib-resp  \" data-min-width=\"768\" data-max-width=\"900\" style=\"background:#000000;\" data-opacity=\"0.8\" data-hover-opacity=\"0.4\" ><img decoding=\"async\" class=\"ult-new-ib-img\" style=\"opacity:0.8;\" alt=\"null\" src=\"https:\/\/laboklin.de\/wp-content\/uploads\/2021\/02\/ICON_Fitness-Studio.jpg\"   \/><div id=\"interactive-banner-wrap-8479\" class=\"ult-new-ib-desc\" style=\"\"><h3 class=\"ult-new-ib-title ult-responsive\"  data-ultimate-target='#interactive-banner-wrap-8479 .ult-new-ib-title'  data-responsive-json-new='{\"font-size\":\"desktop:22px;\",\"line-height\":\"\"}'  style=\"font-family:&#039;Open Sans&#039;;font-weight:600;color:#ffffff;\">Firmeneigener Fitnessraum<\/h3><div class=\"ult-new-ib-content ult-responsive\"  data-ultimate-target='#interactive-banner-wrap-8479 .ult-new-ib-content'  data-responsive-json-new='{\"font-size\":\"\",\"line-height\":\"\"}'  style=\"font-weight:normal;color:#ffffff;\"><p>Nach der Arbeit wollen Sie sich bewegen? Kein Problem \u2013 in unserem firmeneigenen Fitnessraum k\u00f6nnen Sie sich sportlich auspowern!<\/p><\/div><\/div><\/div>[\/vc_column][vc_column width=&#187;1\/3&#8243; css=&#187;.vc_custom_1609761371146{margin-right: 5px !important;}&#187;]<div tabindex=\"0\" class=\"ult-new-ib ult-ib-effect-style13  ult-ib-resp  \" data-min-width=\"768\" data-max-width=\"900\" style=\"background:#000000;\" data-opacity=\"0.8\" data-hover-opacity=\"0.4\" ><img decoding=\"async\" class=\"ult-new-ib-img\" style=\"opacity:0.8;\" alt=\"null\" src=\"https:\/\/laboklin.de\/wp-content\/uploads\/2021\/01\/ICON_VWLeistungen-.jpg\"   \/><div id=\"interactive-banner-wrap-1697\" class=\"ult-new-ib-desc\" style=\"\"><h3 class=\"ult-new-ib-title ult-responsive\"  data-ultimate-target='#interactive-banner-wrap-1697 .ult-new-ib-title'  data-responsive-json-new='{\"font-size\":\"desktop:22px;\",\"line-height\":\"\"}'  style=\"font-family:&#039;Open Sans&#039;;font-weight:600;color:#ffffff;\">Verm\u00f6genswirksame Leistungen<\/h3><div class=\"ult-new-ib-content ult-responsive\"  data-ultimate-target='#interactive-banner-wrap-1697 .ult-new-ib-content'  data-responsive-json-new='{\"font-size\":\"\",\"line-height\":\"\"}'  style=\"font-weight:normal;color:#ffffff;\"><p>Um unsere Mitarbeiter \u00fcber das Gehalt hinaus finanziell zu unterst\u00fctzen, \u00fcbernehmen wir verm\u00f6genswirksame Leistungen bis zur H\u00f6he von 40,00 \u20ac.<\/p><\/div><\/div><\/div>[\/vc_column][\/vc_row][vc_row][vc_column width=&#187;1\/3&#8243; css=&#187;.vc_custom_1609761346915{margin-right: 5px !important;}&#187;]<div tabindex=\"0\" class=\"ult-new-ib ult-ib-effect-style13  ult-ib-resp  \" data-min-width=\"768\" data-max-width=\"900\" style=\"background:#000000;\" data-opacity=\"0.8\" data-hover-opacity=\"0.4\" ><img decoding=\"async\" class=\"ult-new-ib-img\" style=\"opacity:0.8;\" alt=\"null\" src=\"https:\/\/laboklin.de\/wp-content\/uploads\/2021\/01\/ICON_Altersvorsorge.jpg\"   \/><div id=\"interactive-banner-wrap-2502\" class=\"ult-new-ib-desc\" style=\"\"><h3 class=\"ult-new-ib-title ult-responsive\"  data-ultimate-target='#interactive-banner-wrap-2502 .ult-new-ib-title'  data-responsive-json-new='{\"font-size\":\"desktop:22px;\",\"line-height\":\"\"}'  style=\"font-family:&#039;Open Sans&#039;;font-weight:600;color:#ffffff;\">Altersvorsorge<\/h3><div class=\"ult-new-ib-content ult-responsive\"  data-ultimate-target='#interactive-banner-wrap-2502 .ult-new-ib-content'  data-responsive-json-new='{\"font-size\":\"\",\"line-height\":\"\"}'  style=\"font-weight:normal;color:#ffffff;\"><p>Zur Vorbereitung auf das Alter unterst\u00fctzen wir unsere Mitarbeiter bei der betrieblichen Altersvorsorge.<\/p><\/div><\/div><\/div>[\/vc_column][vc_column width=&#187;1\/3&#8243; css=&#187;.vc_custom_1609761360125{margin-right: 5px !important;}&#187;]<div tabindex=\"0\" class=\"ult-new-ib ult-ib-effect-style13  ult-ib-resp  \" data-min-width=\"768\" data-max-width=\"900\" style=\"background:#000000;\" data-opacity=\"0.8\" data-hover-opacity=\"0.4\" ><img decoding=\"async\" class=\"ult-new-ib-img\" style=\"opacity:0.8;\" alt=\"null\" src=\"https:\/\/laboklin.de\/wp-content\/uploads\/2021\/01\/ICON_Weiterbildung.jpg\"   \/><div id=\"interactive-banner-wrap-5747\" class=\"ult-new-ib-desc\" style=\"\"><h3 class=\"ult-new-ib-title ult-responsive\"  data-ultimate-target='#interactive-banner-wrap-5747 .ult-new-ib-title'  data-responsive-json-new='{\"font-size\":\"desktop:22px;\",\"line-height\":\"\"}'  style=\"font-family:&#039;Open Sans&#039;;font-weight:600;color:#ffffff;\">Fort- und Weiterbildung<\/h3><div class=\"ult-new-ib-content ult-responsive\"  data-ultimate-target='#interactive-banner-wrap-5747 .ult-new-ib-content'  data-responsive-json-new='{\"font-size\":\"\",\"line-height\":\"\"}'  style=\"font-weight:normal;color:#ffffff;\"><p>Zur beruflichen und pers\u00f6nlichen Weiterentwicklung unterst\u00fctzen wir unsere Mitarbeiter regelm\u00e4\u00dfig bei Fort- und Weiterbildung.<\/p><\/div><\/div><\/div>[\/vc_column][vc_column width=&#187;1\/3&#8243; css=&#187;.vc_custom_1609761371146{margin-right: 5px !important;}&#187;]<div tabindex=\"0\" class=\"ult-new-ib ult-ib-effect-style13  ult-ib-resp  \" data-min-width=\"768\" data-max-width=\"900\" style=\"background:#000000;\" data-opacity=\"0.8\" data-hover-opacity=\"0.4\" ><img decoding=\"async\" class=\"ult-new-ib-img\" style=\"opacity:0.8;\" alt=\"null\" src=\"https:\/\/laboklin.de\/wp-content\/uploads\/2021\/01\/ICON_WBetriebsfeiern.jpg\"   \/><div id=\"interactive-banner-wrap-5870\" class=\"ult-new-ib-desc\" style=\"\"><h3 class=\"ult-new-ib-title ult-responsive\"  data-ultimate-target='#interactive-banner-wrap-5870 .ult-new-ib-title'  data-responsive-json-new='{\"font-size\":\"desktop:21px;\",\"line-height\":\"\"}'  style=\"font-family:&#039;Open Sans&#039;;font-weight:600;color:#ffffff;\">Betriebsveranstaltungen<\/h3><div class=\"ult-new-ib-content ult-responsive\"  data-ultimate-target='#interactive-banner-wrap-5870 .ult-new-ib-content'  data-responsive-json-new='{\"font-size\":\"\",\"line-height\":\"\"}'  style=\"font-weight:normal;color:#ffffff;\"><p>Um als Team zu wachsen feiern wir gemeinsam Betriebsveranstaltungen.<\/p><\/div><\/div><\/div>[\/vc_column][\/vc_row][vc_row type=&#187;vc_default&#187;][vc_column width=&#187;1\/3&#8243; css=&#187;.vc_custom_1609761346915{margin-right: 5px !important;}&#187;]<div tabindex=\"0\" class=\"ult-new-ib ult-ib-effect-style13  ult-ib-resp  \" data-min-width=\"768\" data-max-width=\"900\" style=\"background:#000000;\" data-opacity=\"0.8\" data-hover-opacity=\"0.4\" ><img decoding=\"async\" class=\"ult-new-ib-img\" style=\"opacity:0.8;\" alt=\"null\" src=\"https:\/\/laboklin.de\/wp-content\/uploads\/2021\/01\/ICON_Gesundheitsvorsorge.jpg\"   \/><div id=\"interactive-banner-wrap-6601\" class=\"ult-new-ib-desc\" style=\"\"><h3 class=\"ult-new-ib-title ult-responsive\"  data-ultimate-target='#interactive-banner-wrap-6601 .ult-new-ib-title'  data-responsive-json-new='{\"font-size\":\"desktop:22px;\",\"line-height\":\"\"}'  style=\"font-family:&#039;Open Sans&#039;;font-weight:600;color:#ffffff;\">Gesundheitsvorsorge<\/h3><div class=\"ult-new-ib-content ult-responsive\"  data-ultimate-target='#interactive-banner-wrap-6601 .ult-new-ib-content'  data-responsive-json-new='{\"font-size\":\"\",\"line-height\":\"\"}'  style=\"font-weight:normal;color:#ffffff;\"><p>Da die Gesundheit unserer Mitarbeiter f\u00fcr uns an erster Stelle steht, betreiben wir eine betriebliche Gesundheitsvorsorge und bieten bspw. kostenfreie Grippeschutzimpfungen im Betrieb an.<\/p><\/div><\/div><\/div>[\/vc_column][vc_column width=&#187;1\/3&#8243; css=&#187;.vc_custom_1609761360125{margin-right: 5px !important;}&#187;]<div tabindex=\"0\" class=\"ult-new-ib ult-ib-effect-style13  ult-ib-resp  \" data-min-width=\"768\" data-max-width=\"900\" style=\"background:#000000;\" data-opacity=\"0.8\" data-hover-opacity=\"0.3\" ><img decoding=\"async\" class=\"ult-new-ib-img\" style=\"opacity:0.8;\" alt=\"null\" src=\"https:\/\/laboklin.de\/wp-content\/uploads\/2021\/01\/ICON_Fahrrad.jpg\"   \/><div id=\"interactive-banner-wrap-7365\" class=\"ult-new-ib-desc\" style=\"\"><h3 class=\"ult-new-ib-title ult-responsive\"  data-ultimate-target='#interactive-banner-wrap-7365 .ult-new-ib-title'  data-responsive-json-new='{\"font-size\":\"desktop:24px;\",\"line-height\":\"\"}'  style=\"font-family:&#039;Open Sans&#039;;font-weight:600;color:#ffffff;\">Fahrrad leasen<\/h3><div class=\"ult-new-ib-content ult-responsive\"  data-ultimate-target='#interactive-banner-wrap-7365 .ult-new-ib-content'  data-responsive-json-new='{\"font-size\":\"\",\"line-height\":\"\"}'  style=\"font-weight:normal;color:#ffffff;\"><p>Wer auf ein Auto verzichten m\u00f6chte, kann sich \u00fcber unser Angebot des Dienstrads ein Fahrrad leasen und sich somit umweltschonend auf den Weg zur Arbeit machen.<\/p><\/div><\/div><\/div>[\/vc_column][vc_column width=&#187;1\/3&#8243; css=&#187;.vc_custom_1609761371146{margin-right: 5px !important;}&#187;]<div tabindex=\"0\" class=\"ult-new-ib ult-ib-effect-style13  ult-ib-resp ult-ib2-min-height \" data-min-width=\"768\" data-max-width=\"900\" style=\"background:#000000; opacity:0; \" data-opacity=\"0.8\" data-hover-opacity=\"0.4\"  data-min-height=\"270\" ><img decoding=\"async\" class=\"ult-new-ib-img\" style=\"opacity:0.8;\" alt=\"null\" src=\"https:\/\/laboklin.de\/wp-content\/uploads\/2023\/07\/LABOKLIN_fuer-Ihre-Elektrofahrzeuge-.jpg\"  data-min-height=\"270\"   \/><div id=\"interactive-banner-wrap-3579\" class=\"ult-new-ib-desc\" style=\"\"><h3 class=\"ult-new-ib-title ult-responsive\"  data-ultimate-target='#interactive-banner-wrap-3579 .ult-new-ib-title'  data-responsive-json-new='{\"font-size\":\"desktop:21px;\",\"line-height\":\"\"}'  style=\"font-family:&#039;Open Sans&#039;;font-weight:600;color:#ffffff;\">Ladestationen<\/h3><div class=\"ult-new-ib-content ult-responsive\"  data-ultimate-target='#interactive-banner-wrap-3579 .ult-new-ib-content'  data-responsive-json-new='{\"font-size\":\"\",\"line-height\":\"\"}'  style=\"font-weight:normal;color:#ffffff;\"><p>kostenfreie Ladem\u00f6glichkeiten f\u00fcr Ihre Elektrofahrzeuge<\/p><\/div><\/div><\/div>[\/vc_column][\/vc_row][vc_row type=&#187;vc_default&#187; disable_element=&#187;yes&#187;][vc_column][\/vc_column][\/vc_row][vc_row type=&#187;vc_default&#187; css=&#187;.vc_custom_1609760568832{margin-bottom: 30px !important;}&#187;][vc_column][\/vc_column][\/vc_row]<\/p>\n<\/div>","protected":false},"excerpt":{"rendered":"<p>[vc_row type=&#187;vc_default&#187; equal_height=&#187;yes&#187;][vc_column width=&#187;2\/3&#8243;][vc_column_text css=&#187;.vc_custom_1688548598162{padding-top: 60px !important;padding-right: 30px !important;padding-bottom: 30px !important;padding-left: 30px !important;}&#187;] Um unsere Wertsch\u00e4tzung f\u00fcr unsere Mitarbeiter zu zeigen, bieten wir Ihnen folgende Vorteile: [\/vc_column_text][\/vc_column][vc_column width=&#187;1\/3&#8243; css=&#187;.vc_custom_1609761360125{margin-right: 5px !important;}&#187;][\/vc_column][\/vc_row][vc_row][vc_column width=&#187;1\/3&#8243; css=&#187;.vc_custom_1609761346915{margin-right: 5px !important;}&#187;][\/vc_column][vc_column width=&#187;1\/3&#8243; css=&#187;.vc_custom_1609761360125{margin-right: 5px !important;}&#187;][\/vc_column][vc_column width=&#187;1\/3&#8243; css=&#187;.vc_custom_1609761371146{margin-right: 5px !important;}&#187;][\/vc_column][\/vc_row][vc_row][vc_column width=&#187;1\/3&#8243; css=&#187;.vc_custom_1609761346915{margin-right: 5px !important;}&#187;][\/vc_column][vc_column width=&#187;1\/3&#8243; css=&#187;.vc_custom_1609761360125{margin-right: 5px !important;}&#187;][\/vc_column][vc_column width=&#187;1\/3&#8243; css=&#187;.vc_custom_1609761371146{margin-right: 5px !important;}&#187;][\/vc_column][\/vc_row][vc_row][vc_column&hellip;<\/p>\n","protected":false},"author":1,"featured_media":0,"parent":1332642,"menu_order":9,"comment_status":"closed","ping_status":"closed","template":"","meta":{"_seopress_robots_primary_cat":"","_seopress_titles_title":"","_seopress_titles_desc":"","_seopress_robots_index":"","footnotes":""},"class_list":["post-1335284","page","type-page","status-publish","hentry","description-off"],"_links":{"self":[{"href":"https:\/\/laboklin.de\/de-ch\/wp-json\/wp\/v2\/pages\/1335284","targetHints":{"allow":["GET"]}}],"collection":[{"href":"https:\/\/laboklin.de\/de-ch\/wp-json\/wp\/v2\/pages"}],"about":[{"href":"https:\/\/laboklin.de\/de-ch\/wp-json\/wp\/v2\/types\/page"}],"author":[{"embeddable":true,"href":"https:\/\/laboklin.de\/de-ch\/wp-json\/wp\/v2\/users\/1"}],"replies":[{"embeddable":true,"href":"https:\/\/laboklin.de\/de-ch\/wp-json\/wp\/v2\/comments?post=1335284"}],"version-history":[{"count":6,"href":"https:\/\/laboklin.de\/de-ch\/wp-json\/wp\/v2\/pages\/1335284\/revisions"}],"predecessor-version":[{"id":1463524,"href":"https:\/\/laboklin.de\/de-ch\/wp-json\/wp\/v2\/pages\/1335284\/revisions\/1463524"}],"up":[{"embeddable":true,"href":"https:\/\/laboklin.de\/de-ch\/wp-json\/wp\/v2\/pages\/1332642"}],"wp:attachment":[{"href":"https:\/\/laboklin.de\/de-ch\/wp-json\/wp\/v2\/media?parent=1335284"}],"curies":[{"name":"wp","href":"https:\/\/api.w.org\/{rel}","templated":true}]}}