{"id":1335281,"date":"2021-01-27T10:45:22","date_gmt":"2021-01-27T09:45:22","guid":{"rendered":"https:\/\/laboklin.de\/leistungen\/profile\/profile-screenings-kleintiere\/pcr-profile\/dysbiose-profil\/"},"modified":"2025-01-27T10:33:47","modified_gmt":"2025-01-27T09:33:47","slug":"dysbioseprofil","status":"publish","type":"page","link":"https:\/\/laboklin.de\/de-ch\/leistungen\/profile\/profile-screenings-kleintiere\/pcr-profile\/dysbioseprofil\/","title":{"rendered":"Dysbioseprofil"},"content":{"rendered":"<h3 class=\"csc-firstHeader\">Dysbioseprofil<\/h3><p><span>LABOKLIN Leistungs-ID: 1290<\/span><\/p><p class=\"bodytext\">Indikationen zur Untersuchung des Mikrobioms:<br> <ul><li>chronische Diarrh\u00f6e, Flatulenzen, Obstipation<\/li> <li>exokrine Pankreasinsuffizienz, Mangelerscheinungen <\/li><li>St\u00f6rungen des Immunsystems (Abwehrschw\u00e4che, Futtermittelallergien, atopische Dermatitiden) <\/li><li>entz\u00fcndliche Darmerkrankungen (auch zur Therapiekontrolle) <\/li><li>Leaky gut<\/li><li>Leistungsverluste<\/li><li>Abkl\u00e4rung von Mikroflorast\u00f6rungen nach Antibiotikatherapie<\/li><\/ul><\/p><table class=\"tx-laboklinleistung-table contenttable contenttable-2\" style=\"margin-top: 35px;\"><tr><td class=\"td-0\"><strong>Material<\/strong><\/td><td class=\"td-1\"><p class=\"bodytext\">Faeces<\/p><\/td><\/tr><tr><td class=\"td-0\"><strong>Parameter<\/strong><\/td><td class=\"td-1\"><p class=\"bodytext\">Markerkeime Darm-Mikrobiom quantitativ (inkl. Anaerobier) (PCR) <br>Mykologie <br>\u03b1-1-Antitrypsin, sekretorisches IgA (sIgA), Calprotectin, Pankreas-Elastase (Hund), mikroskopische Nahrungsausnutzung (Katze) <br>Endoparasiten<\/p><\/td><\/tr><tr><td class=\"td-0\"><strong>Tierart(en)<\/strong><\/td><td class=\"td-1\"><p class=\"bodytext\">Hund, Katze<\/p><\/td><\/tr><tr><td class=\"td-0\"><strong>Dauer<\/strong><\/td><td class=\"td-1\"><p class=\"bodytext\">4 - 7 Tage<\/p><\/td><\/tr><tr><td class=\"td-0\"><strong>Anmerkung<\/strong><\/td><td class=\"td-1\"><p class=\"bodytext\"><ul><li>Die Untersuchung ist auch w\u00e4hrend einer Therapie mit Syn- oder Probiotika m\u00f6glich!<\/li><\/ul><\/p><\/td><\/tr><\/table>\n","protected":false},"excerpt":{"rendered":"<p>DysbioseprofilLABOKLIN Leistungs-ID: 1290Indikationen zur Untersuchung des Mikrobioms: chronische Diarrh\u00f6e, Flatulenzen, Obstipation exokrine Pankreasinsuffizienz, Mangelerscheinungen St\u00f6rungen des Immunsystems (Abwehrschw\u00e4che, Futtermittelallergien, atopische Dermatitiden) entz\u00fcndliche Darmerkrankungen (auch zur Therapiekontrolle) Leaky gutLeistungsverlusteAbkl\u00e4rung von Mikroflorast\u00f6rungen nach AntibiotikatherapieMaterialFaecesParameterMarkerkeime Darm-Mikrobiom quantitativ (inkl. Anaerobier) (PCR) Mykologie \u03b1-1-Antitrypsin, sekretorisches IgA (sIgA), Calprotectin, Pankreas-Elastase (Hund), mikroskopische Nahrungsausnutzung (Katze) EndoparasitenTierart(en)Hund, KatzeDauer4 &#8211; 7 TageAnmerkungDie Untersuchung ist&hellip;<\/p>\n","protected":false},"author":1,"featured_media":0,"parent":1332831,"menu_order":9,"comment_status":"closed","ping_status":"closed","template":"","meta":{"_seopress_robots_primary_cat":"","_seopress_titles_title":"","_seopress_titles_desc":"","_seopress_robots_index":"","footnotes":""},"class_list":["post-1335281","page","type-page","status-publish","hentry","description-off"],"_links":{"self":[{"href":"https:\/\/laboklin.de\/de-ch\/wp-json\/wp\/v2\/pages\/1335281","targetHints":{"allow":["GET"]}}],"collection":[{"href":"https:\/\/laboklin.de\/de-ch\/wp-json\/wp\/v2\/pages"}],"about":[{"href":"https:\/\/laboklin.de\/de-ch\/wp-json\/wp\/v2\/types\/page"}],"author":[{"embeddable":true,"href":"https:\/\/laboklin.de\/de-ch\/wp-json\/wp\/v2\/users\/1"}],"replies":[{"embeddable":true,"href":"https:\/\/laboklin.de\/de-ch\/wp-json\/wp\/v2\/comments?post=1335281"}],"version-history":[{"count":2,"href":"https:\/\/laboklin.de\/de-ch\/wp-json\/wp\/v2\/pages\/1335281\/revisions"}],"predecessor-version":[{"id":1456454,"href":"https:\/\/laboklin.de\/de-ch\/wp-json\/wp\/v2\/pages\/1335281\/revisions\/1456454"}],"up":[{"embeddable":true,"href":"https:\/\/laboklin.de\/de-ch\/wp-json\/wp\/v2\/pages\/1332831"}],"wp:attachment":[{"href":"https:\/\/laboklin.de\/de-ch\/wp-json\/wp\/v2\/media?parent=1335281"}],"curies":[{"name":"wp","href":"https:\/\/api.w.org\/{rel}","templated":true}]}}