{"id":1335248,"date":"2020-10-16T11:36:26","date_gmt":"2020-10-16T09:36:26","guid":{"rendered":"https:\/\/laboklin.de\/leistungen\/profile\/profile-screenings-pferd\/klinisch-chemische-profile-screenings\/equines-cushing-profil\/"},"modified":"2025-01-27T12:27:11","modified_gmt":"2025-01-27T11:27:11","slug":"equines-cushing-profil","status":"publish","type":"page","link":"https:\/\/laboklin.de\/de-ch\/leistungen\/profile\/profile-screenings-pferd\/klinisch-chemische-profile-screenings\/equines-cushing-profil\/","title":{"rendered":"Equines Cushing-Profil"},"content":{"rendered":"<h3 class=\"csc-firstHeader\">PPID-Profil (equines Cushing)<\/h3><p><span>LABOKLIN Leistungs-ID: 2532<\/span><\/p><p class=\"bodytext\"><br>Das PPID-Profil ist so zusammengestellt, dass man aus den Ergebnissen einer N\u00fcchtern-Blutprobe eine m\u00f6glichst differenzierte Aussage hinsichtlich der Erkrankung bekommt; dazu werden nicht nur \u00e4tiologische Parameter, sondern auch hinweisende Parameter untersucht; au\u00dferdem wird gleichzeitig eine etwaige Insulindysregulation mit abgekl\u00e4rt.<\/p><table class=\"tx-laboklinleistung-table contenttable contenttable-2\" style=\"margin-top: 35px;\"><tr><td class=\"td-0\"><strong>Material<\/strong><\/td><td class=\"td-1\"><p class=\"bodytext\">EDTA-Plasma 2 ml (gek\u00fchlt) + Serum 2 ml (gek\u00fchlt) + Natrium-Fluorid-Blut 2 ml<\/p><\/td><\/tr><tr><td class=\"td-0\"><strong>Parameter<\/strong><\/td><td class=\"td-1\"><p class=\"bodytext\">Insulin, ACTH, Glucose, Fructosamine, Triglyceride, \u03b3-GT, RISQI (Reciprocal Inverse Square of Insulin), MIRG (Modified Insulin to Glucose Ratio), I\/G-Quotient<\/p><\/td><\/tr><tr><td class=\"td-0\"><strong>Methode<\/strong><\/td><td class=\"td-1\"><p class=\"bodytext\">photometrisch, CLA<\/p><\/td><\/tr><tr><td class=\"td-0\"><strong>Dauer<\/strong><\/td><td class=\"td-1\"><p class=\"bodytext\">1 Tag<\/p><\/td><\/tr><tr><td class=\"td-0\"><strong>Anmerkung<\/strong><\/td><td class=\"td-1\"><p class=\"bodytext\">Zu dem Profil kann ein gro\u00dfes Blutbild angefordert werden. In diesem Fall ist zus\u00e4tzlich 1 ml EDTA-Blut und ein Blutausstrich einzusenden.<\/p><\/td><\/tr><\/table>\n","protected":false},"excerpt":{"rendered":"<p>PPID-Profil (equines Cushing)LABOKLIN Leistungs-ID: 2532Das PPID-Profil ist so zusammengestellt, dass man aus den Ergebnissen einer N\u00fcchtern-Blutprobe eine m\u00f6glichst differenzierte Aussage hinsichtlich der Erkrankung bekommt; dazu werden nicht nur \u00e4tiologische Parameter, sondern auch hinweisende Parameter untersucht; au\u00dferdem wird gleichzeitig eine etwaige Insulindysregulation mit abgekl\u00e4rt.MaterialEDTA-Plasma 2 ml (gek\u00fchlt) + Serum 2 ml (gek\u00fchlt) + Natrium-Fluorid-Blut 2 mlParameterInsulin,&hellip;<\/p>\n","protected":false},"author":1,"featured_media":0,"parent":1332849,"menu_order":8,"comment_status":"closed","ping_status":"closed","template":"","meta":{"_seopress_robots_primary_cat":"","_seopress_titles_title":"","_seopress_titles_desc":"","_seopress_robots_index":"","footnotes":""},"class_list":["post-1335248","page","type-page","status-publish","hentry","description-off"],"_links":{"self":[{"href":"https:\/\/laboklin.de\/de-ch\/wp-json\/wp\/v2\/pages\/1335248","targetHints":{"allow":["GET"]}}],"collection":[{"href":"https:\/\/laboklin.de\/de-ch\/wp-json\/wp\/v2\/pages"}],"about":[{"href":"https:\/\/laboklin.de\/de-ch\/wp-json\/wp\/v2\/types\/page"}],"author":[{"embeddable":true,"href":"https:\/\/laboklin.de\/de-ch\/wp-json\/wp\/v2\/users\/1"}],"replies":[{"embeddable":true,"href":"https:\/\/laboklin.de\/de-ch\/wp-json\/wp\/v2\/comments?post=1335248"}],"version-history":[{"count":1,"href":"https:\/\/laboklin.de\/de-ch\/wp-json\/wp\/v2\/pages\/1335248\/revisions"}],"predecessor-version":[{"id":1503819,"href":"https:\/\/laboklin.de\/de-ch\/wp-json\/wp\/v2\/pages\/1335248\/revisions\/1503819"}],"up":[{"embeddable":true,"href":"https:\/\/laboklin.de\/de-ch\/wp-json\/wp\/v2\/pages\/1332849"}],"wp:attachment":[{"href":"https:\/\/laboklin.de\/de-ch\/wp-json\/wp\/v2\/media?parent=1335248"}],"curies":[{"name":"wp","href":"https:\/\/api.w.org\/{rel}","templated":true}]}}