{"id":1335243,"date":"2020-10-16T11:36:26","date_gmt":"2020-10-16T09:36:26","guid":{"rendered":"https:\/\/laboklin.de\/leistungen\/profile\/profile-screenings-kleinsaeuger-voegel-reptilien-fische\/klinisch-chemische-profile-screenings\/reptilien-screening-gross\/"},"modified":"2025-01-27T11:45:13","modified_gmt":"2025-01-27T10:45:13","slug":"reptilien-screening-gross","status":"publish","type":"page","link":"https:\/\/laboklin.de\/de-ch\/leistungen\/profile\/profile-screenings-kleinsaeuger-voegel-reptilien-fische\/klinisch-chemische-profile-screenings\/reptilien-screening-gross\/","title":{"rendered":"Reptilien-Screening (gro\u00df)"},"content":{"rendered":"<h3 class=\"csc-firstHeader\">Reptilien-Screening (gro\u00df)<\/h3><p><span>LABOKLIN Leistungs-ID: 1200<\/span><\/p><table class=\"tx-laboklinleistung-table contenttable contenttable-2\" style=\"margin-top: 35px;\"><tr><td class=\"td-0\"><strong>Material<\/strong><\/td><td class=\"td-1\"><p class=\"bodytext\">Serum oder Heparin-Plasma 0,4 ml<\/p><\/td><\/tr><tr><td class=\"td-0\"><strong>Parameter<\/strong><\/td><td class=\"td-1\"><p class=\"bodytext\">AP, GLDH, ALT, AST, Gallens\u00e4uren, CK, Protein, Triglyceride, Cholesterin, Harnstoff, Harns\u00e4ure, Phosphat, Calcium, Kalium, Natrium<\/p><\/td><\/tr><tr><td class=\"td-0\"><strong>Dauer<\/strong><\/td><td class=\"td-1\"><p class=\"bodytext\">1 Tag<\/p><\/td><\/tr><\/table>\n","protected":false},"excerpt":{"rendered":"<p>Reptilien-Screening (gro\u00df)LABOKLIN Leistungs-ID: 1200MaterialSerum oder Heparin-Plasma 0,4 mlParameterAP, GLDH, ALT, AST, Gallens\u00e4uren, CK, Protein, Triglyceride, Cholesterin, Harnstoff, Harns\u00e4ure, Phosphat, Calcium, Kalium, NatriumDauer1 Tag<\/p>\n","protected":false},"author":1,"featured_media":0,"parent":1332835,"menu_order":8,"comment_status":"closed","ping_status":"closed","template":"","meta":{"_seopress_robots_primary_cat":"","_seopress_titles_title":"","_seopress_titles_desc":"","_seopress_robots_index":"","footnotes":""},"class_list":["post-1335243","page","type-page","status-publish","hentry","description-off"],"_links":{"self":[{"href":"https:\/\/laboklin.de\/de-ch\/wp-json\/wp\/v2\/pages\/1335243","targetHints":{"allow":["GET"]}}],"collection":[{"href":"https:\/\/laboklin.de\/de-ch\/wp-json\/wp\/v2\/pages"}],"about":[{"href":"https:\/\/laboklin.de\/de-ch\/wp-json\/wp\/v2\/types\/page"}],"author":[{"embeddable":true,"href":"https:\/\/laboklin.de\/de-ch\/wp-json\/wp\/v2\/users\/1"}],"replies":[{"embeddable":true,"href":"https:\/\/laboklin.de\/de-ch\/wp-json\/wp\/v2\/comments?post=1335243"}],"version-history":[{"count":1,"href":"https:\/\/laboklin.de\/de-ch\/wp-json\/wp\/v2\/pages\/1335243\/revisions"}],"predecessor-version":[{"id":1503710,"href":"https:\/\/laboklin.de\/de-ch\/wp-json\/wp\/v2\/pages\/1335243\/revisions\/1503710"}],"up":[{"embeddable":true,"href":"https:\/\/laboklin.de\/de-ch\/wp-json\/wp\/v2\/pages\/1332835"}],"wp:attachment":[{"href":"https:\/\/laboklin.de\/de-ch\/wp-json\/wp\/v2\/media?parent=1335243"}],"curies":[{"name":"wp","href":"https:\/\/api.w.org\/{rel}","templated":true}]}}