{"id":1335217,"date":"2020-10-16T11:36:27","date_gmt":"2020-10-16T09:36:27","guid":{"rendered":"https:\/\/laboklin.de\/leistungen\/mikrobiologie-parasitologie\/parasitologie\/parasitologische-untersuchungen-kot\/auswanderungsverfahren\/"},"modified":"2025-02-04T09:35:50","modified_gmt":"2025-02-04T08:35:50","slug":"auswanderungsverfahren","status":"publish","type":"page","link":"https:\/\/laboklin.de\/de-ch\/leistungen\/mikrobiologie-parasitologie\/parasitologie\/parasitologische-untersuchungen-kot\/auswanderungsverfahren\/","title":{"rendered":"Auswanderungsverfahren"},"content":{"rendered":"<h3 class=\"csc-firstHeader\">Auswanderungsverfahren<\/h3><p><span>LABOKLIN Leistungs-ID: 585<\/span><\/p><table class=\"tx-laboklinleistung-table contenttable contenttable-2\" style=\"margin-top: 35px;\"><tr><td class=\"td-0\"><strong>Material<\/strong><\/td><td class=\"td-1\"><p class=\"bodytext\">Faeces<\/p><\/td><\/tr><tr><td class=\"td-0\"><strong>Parameter<\/strong><\/td><td class=\"td-1\"><p class=\"bodytext\">Lungenwurmlarven<\/p><\/td><\/tr><tr><td class=\"td-0\"><strong>Methode<\/strong><\/td><td class=\"td-1\"><p class=\"bodytext\">Auswanderungsverfahren (Baermann-Wetzel) <\/p><\/td><\/tr><tr><td class=\"td-0\"><strong>Dauer<\/strong><\/td><td class=\"td-1\"><p class=\"bodytext\">2 Tage<\/p><\/td><\/tr><tr><td class=\"td-0\"><strong>Anmerkung<\/strong><\/td><td class=\"td-1\"><p class=\"bodytext\"><ul><li>Bei chronischem Husten und Dyspnoe sollte man auch eine Infektion mit Lungenw\u00fcrmern mittels Auswanderungsverfahren abkl\u00e4ren.<\/li><li>Die Lungenw\u00fcrmer <strong>Angiostrongylus vasorum<\/strong>,<strong> Aelurostrongylus abstrusus<\/strong>, <strong> Crenosoma vulpis<\/strong> und <strong>Troglostrongylus brevior<\/strong> k\u00f6nnen nicht nur mit dem Auswanderungsverfahren, sondern auch mittels PCR aus Blut und ggf. bronchoalveol\u00e4rer Lavage als Einzelnachweis (siehe Infektionskrankheiten: Erreger- und Antik\u00f6rpernachweise \/ Parasiten) und im Lungenwurmprofil Hund sowie Lungenwurmprofil Katze (siehe Profile\/Screenings \u2013 Kleintiere \/ PCR-Profile) nachgewiesen werden. <\/li><li>Beim <strong>Pferd<\/strong> auch Untersuchung von bronchoalveol\u00e4rer Lavage als Einzelnachweis nachgewiesen werden.<\/li><\/ul><\/p><\/td><\/tr><\/table>\n","protected":false},"excerpt":{"rendered":"<p>AuswanderungsverfahrenLABOKLIN Leistungs-ID: 585MaterialFaecesParameterLungenwurmlarvenMethodeAuswanderungsverfahren (Baermann-Wetzel) Dauer2 TageAnmerkungBei chronischem Husten und Dyspnoe sollte man auch eine Infektion mit Lungenw\u00fcrmern mittels Auswanderungsverfahren abkl\u00e4ren.Die Lungenw\u00fcrmer Angiostrongylus vasorum, Aelurostrongylus abstrusus, Crenosoma vulpis und Troglostrongylus brevior k\u00f6nnen nicht nur mit dem Auswanderungsverfahren, sondern auch mittels PCR aus Blut und ggf. bronchoalveol\u00e4rer Lavage als Einzelnachweis (siehe Infektionskrankheiten: Erreger- und Antik\u00f6rpernachweise \/ Parasiten)&hellip;<\/p>\n","protected":false},"author":1,"featured_media":0,"parent":1333215,"menu_order":8,"comment_status":"closed","ping_status":"closed","template":"","meta":{"_seopress_robots_primary_cat":"","_seopress_titles_title":"","_seopress_titles_desc":"","_seopress_robots_index":"","footnotes":""},"class_list":["post-1335217","page","type-page","status-publish","hentry","description-off"],"_links":{"self":[{"href":"https:\/\/laboklin.de\/de-ch\/wp-json\/wp\/v2\/pages\/1335217","targetHints":{"allow":["GET"]}}],"collection":[{"href":"https:\/\/laboklin.de\/de-ch\/wp-json\/wp\/v2\/pages"}],"about":[{"href":"https:\/\/laboklin.de\/de-ch\/wp-json\/wp\/v2\/types\/page"}],"author":[{"embeddable":true,"href":"https:\/\/laboklin.de\/de-ch\/wp-json\/wp\/v2\/users\/1"}],"replies":[{"embeddable":true,"href":"https:\/\/laboklin.de\/de-ch\/wp-json\/wp\/v2\/comments?post=1335217"}],"version-history":[{"count":1,"href":"https:\/\/laboklin.de\/de-ch\/wp-json\/wp\/v2\/pages\/1335217\/revisions"}],"predecessor-version":[{"id":1506446,"href":"https:\/\/laboklin.de\/de-ch\/wp-json\/wp\/v2\/pages\/1335217\/revisions\/1506446"}],"up":[{"embeddable":true,"href":"https:\/\/laboklin.de\/de-ch\/wp-json\/wp\/v2\/pages\/1333215"}],"wp:attachment":[{"href":"https:\/\/laboklin.de\/de-ch\/wp-json\/wp\/v2\/media?parent=1335217"}],"curies":[{"name":"wp","href":"https:\/\/api.w.org\/{rel}","templated":true}]}}