{"id":1335188,"date":"2020-10-16T11:36:27","date_gmt":"2020-10-16T09:36:27","guid":{"rendered":"https:\/\/laboklin.de\/leistungen\/haematologie-klin-chemie-endokrinologie\/klinisch-chemische-parameter\/mineralstoffe-und-elektrolyte\/mn-mangan\/"},"modified":"2025-01-28T13:27:55","modified_gmt":"2025-01-28T12:27:55","slug":"mn-mangan","status":"publish","type":"page","link":"https:\/\/laboklin.de\/de-ch\/leistungen\/haematologie-klin-chemie-endokrinologie\/klinisch-chemische-parameter\/mineralstoffe-und-elektrolyte\/mn-mangan\/","title":{"rendered":"Mn (Mangan)"},"content":{"rendered":"<h3 class=\"csc-firstHeader\">Mn (Mangan)<\/h3><p><span>LABOKLIN Leistungs-ID: 4008<\/span><\/p><p class=\"bodytext\"><br><\/p><table class=\"tx-laboklinleistung-table contenttable contenttable-2\" style=\"margin-top: 35px;\"><tr><td class=\"td-0\"><strong>Material<\/strong><\/td><td class=\"td-1\"><p class=\"bodytext\">Serum 0,5 ml<\/p><\/td><\/tr><tr><td class=\"td-0\"><strong>Methode<\/strong><\/td><td class=\"td-1\"><p class=\"bodytext\">Inductively Coupled Plasma Mass Spectrometry (ICP-MS)<\/p><\/td><\/tr><tr><td class=\"td-0\"><strong>Dauer<\/strong><\/td><td class=\"td-1\"><p class=\"bodytext\">2\u20133 Arbeitstage<\/p><\/td><\/tr><tr><td class=\"td-0\"><strong>Anmerkung<\/strong><\/td><td class=\"td-1\"><p class=\"bodytext\"><ul><li>Mangan ist ein essentielles Spurenelement und Bestandteil bzw. Aktivator zahlreicher Enzyme, u. a. der Superoxiddismutase.<\/li><li>Es spielt eine wichtige Rolle im Kohlenhydrat-, Fett- und Proteinmetabolismus, bei der Knochen- und Knorpelbildung sowie im antioxidativen Schutzsystem. <\/li><li>Manganmangel f\u00fchrt zu Wachstumsst\u00f6rungen, Knochendeformationen, Fruchtbarkeitsst\u00f6rungen und reduzierter Glukosetoleranz. Beim <strong>Wiederk\u00e4uer<\/strong> und <strong>Schwein<\/strong> sind v. a. verz\u00f6gertes Wachstum und Fruchtbarkeitsprobleme relevant.<\/li><li>Mangan\u00fcberschuss ist selten, da \u00fcbersch\u00fcssiges Mangan \u00fcberwiegend \u00fcber die Galle ausgeschieden wird. Sehr hohe Konzentrationen k\u00f6nnen neurologische Symptome (Tremor, Ataxie) verursachen. <\/li><\/ul><\/p><\/td><\/tr><\/table>\n","protected":false},"excerpt":{"rendered":"<p>Mn (Mangan)LABOKLIN Leistungs-ID: 4008MaterialSerum 0,5 mlMethodeInductively Coupled Plasma Mass Spectrometry (ICP-MS)Dauer2\u20133 ArbeitstageAnmerkungMangan ist ein essentielles Spurenelement und Bestandteil bzw. Aktivator zahlreicher Enzyme, u. a. der Superoxiddismutase.Es spielt eine wichtige Rolle im Kohlenhydrat-, Fett- und Proteinmetabolismus, bei der Knochen- und Knorpelbildung sowie im antioxidativen Schutzsystem. Manganmangel f\u00fchrt zu Wachstumsst\u00f6rungen, Knochendeformationen, Fruchtbarkeitsst\u00f6rungen und reduzierter Glukosetoleranz. Beim Wiederk\u00e4uer&hellip;<\/p>\n","protected":false},"author":1,"featured_media":0,"parent":1332897,"menu_order":8,"comment_status":"closed","ping_status":"closed","template":"","meta":{"_seopress_robots_primary_cat":"","_seopress_titles_title":"","_seopress_titles_desc":"","_seopress_robots_index":"","footnotes":""},"class_list":["post-1335188","page","type-page","status-publish","hentry","description-off"],"_links":{"self":[{"href":"https:\/\/laboklin.de\/de-ch\/wp-json\/wp\/v2\/pages\/1335188","targetHints":{"allow":["GET"]}}],"collection":[{"href":"https:\/\/laboklin.de\/de-ch\/wp-json\/wp\/v2\/pages"}],"about":[{"href":"https:\/\/laboklin.de\/de-ch\/wp-json\/wp\/v2\/types\/page"}],"author":[{"embeddable":true,"href":"https:\/\/laboklin.de\/de-ch\/wp-json\/wp\/v2\/users\/1"}],"replies":[{"embeddable":true,"href":"https:\/\/laboklin.de\/de-ch\/wp-json\/wp\/v2\/comments?post=1335188"}],"version-history":[{"count":1,"href":"https:\/\/laboklin.de\/de-ch\/wp-json\/wp\/v2\/pages\/1335188\/revisions"}],"predecessor-version":[{"id":1504382,"href":"https:\/\/laboklin.de\/de-ch\/wp-json\/wp\/v2\/pages\/1335188\/revisions\/1504382"}],"up":[{"embeddable":true,"href":"https:\/\/laboklin.de\/de-ch\/wp-json\/wp\/v2\/pages\/1332897"}],"wp:attachment":[{"href":"https:\/\/laboklin.de\/de-ch\/wp-json\/wp\/v2\/media?parent=1335188"}],"curies":[{"name":"wp","href":"https:\/\/api.w.org\/{rel}","templated":true}]}}