{"id":1335181,"date":"2020-10-16T11:36:27","date_gmt":"2020-10-16T09:36:27","guid":{"rendered":"https:\/\/laboklin.de\/leistungen\/haematologie-klin-chemie-endokrinologie\/haematologie\/gerinnung\/thromboelastographie\/"},"modified":"2025-01-28T10:40:42","modified_gmt":"2025-01-28T09:40:42","slug":"thromboelastographie","status":"publish","type":"page","link":"https:\/\/laboklin.de\/de-ch\/leistungen\/haematologie-klin-chemie-endokrinologie\/haematologie\/gerinnung\/thromboelastographie\/","title":{"rendered":"Thromboelastographie"},"content":{"rendered":"<h3 class=\"csc-firstHeader\">Thromboelastographie<\/h3><p><span>LABOKLIN Leistungs-ID: 2700<\/span><\/p><p class=\"bodytext\"><br><br>Globaltest zur Bestimmung von Gerinnungsst\u00f6rungen inkl. DIC und Thrombozytopathien. <br>Zur Abkl\u00e4rung eines Verdachts auf DIC steht ferner das DIC-Profil zur Verf\u00fcgung.<\/p><table class=\"tx-laboklinleistung-table contenttable contenttable-2\" style=\"margin-top: 35px;\"><tr><td class=\"td-0\"><strong>Material<\/strong><\/td><td class=\"td-1\"><p class=\"bodytext\">Citratblut 1:10 (1 Teil Citrat + 9 Teile Blut) mindestens 2 ml <br>(hierbei muss die je nach Citratr\u00f6hrchen erforderliche F\u00fcllh\u00f6he exakt eingehalten werden - ggf. mehrere R\u00f6hrchen einsenden)<\/p><\/td><\/tr><tr><td class=\"td-0\"><strong>Methode<\/strong><\/td><td class=\"td-1\"><p class=\"bodytext\">Thromboelastographie<\/p><\/td><\/tr><tr><td class=\"td-0\"><strong>Dauer<\/strong><\/td><td class=\"td-1\"><p class=\"bodytext\">1 - 2 Tage<\/p><\/td><\/tr><tr><td class=\"td-0\"><strong>Anmerkung<\/strong><\/td><td class=\"td-1\"><p class=\"bodytext\">Maximales <strong>Probenalter<\/strong> siehe Angabe auf dem <strong>Untersuchungsauftrag<\/strong>.<\/p><\/td><\/tr><\/table>\n","protected":false},"excerpt":{"rendered":"<p>ThromboelastographieLABOKLIN Leistungs-ID: 2700Globaltest zur Bestimmung von Gerinnungsst\u00f6rungen inkl. DIC und Thrombozytopathien. Zur Abkl\u00e4rung eines Verdachts auf DIC steht ferner das DIC-Profil zur Verf\u00fcgung.MaterialCitratblut 1:10 (1 Teil Citrat + 9 Teile Blut) mindestens 2 ml (hierbei muss die je nach Citratr\u00f6hrchen erforderliche F\u00fcllh\u00f6he exakt eingehalten werden &#8211; ggf. mehrere R\u00f6hrchen einsenden)MethodeThromboelastographieDauer1 &#8211; 2 TageAnmerkungMaximales Probenalter siehe&hellip;<\/p>\n","protected":false},"author":1,"featured_media":0,"parent":1332885,"menu_order":8,"comment_status":"closed","ping_status":"closed","template":"","meta":{"_seopress_robots_primary_cat":"","_seopress_titles_title":"","_seopress_titles_desc":"","_seopress_robots_index":"","footnotes":""},"class_list":["post-1335181","page","type-page","status-publish","hentry","description-off"],"_links":{"self":[{"href":"https:\/\/laboklin.de\/de-ch\/wp-json\/wp\/v2\/pages\/1335181","targetHints":{"allow":["GET"]}}],"collection":[{"href":"https:\/\/laboklin.de\/de-ch\/wp-json\/wp\/v2\/pages"}],"about":[{"href":"https:\/\/laboklin.de\/de-ch\/wp-json\/wp\/v2\/types\/page"}],"author":[{"embeddable":true,"href":"https:\/\/laboklin.de\/de-ch\/wp-json\/wp\/v2\/users\/1"}],"replies":[{"embeddable":true,"href":"https:\/\/laboklin.de\/de-ch\/wp-json\/wp\/v2\/comments?post=1335181"}],"version-history":[{"count":1,"href":"https:\/\/laboklin.de\/de-ch\/wp-json\/wp\/v2\/pages\/1335181\/revisions"}],"predecessor-version":[{"id":1504224,"href":"https:\/\/laboklin.de\/de-ch\/wp-json\/wp\/v2\/pages\/1335181\/revisions\/1504224"}],"up":[{"embeddable":true,"href":"https:\/\/laboklin.de\/de-ch\/wp-json\/wp\/v2\/pages\/1332885"}],"wp:attachment":[{"href":"https:\/\/laboklin.de\/de-ch\/wp-json\/wp\/v2\/media?parent=1335181"}],"curies":[{"name":"wp","href":"https:\/\/api.w.org\/{rel}","templated":true}]}}