{"id":1335178,"date":"2020-10-16T11:36:27","date_gmt":"2020-10-16T09:36:27","guid":{"rendered":"https:\/\/laboklin.de\/leistungen\/haematologie-klin-chemie-endokrinologie\/haematologie\/blutbild\/blutausstrich-zytologisch\/"},"modified":"2025-01-28T10:25:51","modified_gmt":"2025-01-28T09:25:51","slug":"blutausstrich-zytologisch","status":"publish","type":"page","link":"https:\/\/laboklin.de\/de-ch\/leistungen\/haematologie-klin-chemie-endokrinologie\/haematologie\/blutbild\/blutausstrich-zytologisch\/","title":{"rendered":"Blutausstrich zytologisch"},"content":{"rendered":"<h3 class=\"csc-firstHeader\">Blutausstrich zytologisch<\/h3><p><span>LABOKLIN Leistungs-ID: 215<\/span><\/p><table class=\"tx-laboklinleistung-table contenttable contenttable-2\" style=\"margin-top: 35px;\"><tr><td class=\"td-0\"><strong>Material<\/strong><\/td><td class=\"td-1\"><p class=\"bodytext\">EDTA-Blut 1 ml + Blutausstrich <br>Kleins\u00e4uger: EDTA-Blut 0,5 ml + Blutausstrich oder Heparin-Blut 0,5  ml + Blutausstrich <br>V\u00f6gel, Reptilien: Heparin-Blut 0,5 ml + Blutausstrich<\/p><\/td><\/tr><tr><td class=\"td-0\"><strong>Parameter<\/strong><\/td><td class=\"td-1\"><p class=\"bodytext\">Morphologie<\/p><\/td><\/tr><tr><td class=\"td-0\"><strong>Tierart(en)<\/strong><\/td><td class=\"td-1\"><p class=\"bodytext\">S\u00e4ugetiere, V\u00f6gel, Reptilien<br>Amphibien und Fische auf Anfrage<\/p><\/td><\/tr><tr><td class=\"td-0\"><strong>Dauer<\/strong><\/td><td class=\"td-1\"><p class=\"bodytext\">Befund\u00fcbermittlung am Tag des Probeneingangs (Mo.-Fr.)<\/p><\/td><\/tr><tr><td class=\"td-0\"><strong>Anmerkung<\/strong><\/td><td class=\"td-1\"><p class=\"bodytext\"><ul><li>Ein Tutorial zur Anfertigung eines Blutausstrichs finden Sie in der Rubrik Fachinformationen unter Video-Tutorials.<\/li><li>Beurteilt wird die Morphologie der Zellen des peripheren Blutes. <\/li><li>Heparin-Blut ist beim S\u00e4ugetier aufgrund der Gefahr von Artefakten nicht empfohlen.<\/li><li>Ein gro\u00dfes Blutbild ist in dieser Leistung inkludiert.<\/li><li>F\u00fcr eine aussagekr\u00e4ftige Interpretation bitte <strong>Anamnese<\/strong>, <strong>Fragestellung<\/strong> und <strong>Vorbefunde<\/strong> angeben.<\/li><\/ul><\/p><\/td><\/tr><\/table>\n","protected":false},"excerpt":{"rendered":"<p>Blutausstrich zytologischLABOKLIN Leistungs-ID: 215MaterialEDTA-Blut 1 ml + Blutausstrich Kleins\u00e4uger: EDTA-Blut 0,5 ml + Blutausstrich oder Heparin-Blut 0,5 ml + Blutausstrich V\u00f6gel, Reptilien: Heparin-Blut 0,5 ml + BlutausstrichParameterMorphologieTierart(en)S\u00e4ugetiere, V\u00f6gel, ReptilienAmphibien und Fische auf AnfrageDauerBefund\u00fcbermittlung am Tag des Probeneingangs (Mo.-Fr.)AnmerkungEin Tutorial zur Anfertigung eines Blutausstrichs finden Sie in der Rubrik Fachinformationen unter Video-Tutorials.Beurteilt wird die Morphologie der&hellip;<\/p>\n","protected":false},"author":1,"featured_media":0,"parent":1332883,"menu_order":8,"comment_status":"closed","ping_status":"closed","template":"","meta":{"_seopress_robots_primary_cat":"","_seopress_titles_title":"","_seopress_titles_desc":"","_seopress_robots_index":"","footnotes":""},"class_list":["post-1335178","page","type-page","status-publish","hentry","description-off"],"_links":{"self":[{"href":"https:\/\/laboklin.de\/de-ch\/wp-json\/wp\/v2\/pages\/1335178","targetHints":{"allow":["GET"]}}],"collection":[{"href":"https:\/\/laboklin.de\/de-ch\/wp-json\/wp\/v2\/pages"}],"about":[{"href":"https:\/\/laboklin.de\/de-ch\/wp-json\/wp\/v2\/types\/page"}],"author":[{"embeddable":true,"href":"https:\/\/laboklin.de\/de-ch\/wp-json\/wp\/v2\/users\/1"}],"replies":[{"embeddable":true,"href":"https:\/\/laboklin.de\/de-ch\/wp-json\/wp\/v2\/comments?post=1335178"}],"version-history":[{"count":1,"href":"https:\/\/laboklin.de\/de-ch\/wp-json\/wp\/v2\/pages\/1335178\/revisions"}],"predecessor-version":[{"id":1504184,"href":"https:\/\/laboklin.de\/de-ch\/wp-json\/wp\/v2\/pages\/1335178\/revisions\/1504184"}],"up":[{"embeddable":true,"href":"https:\/\/laboklin.de\/de-ch\/wp-json\/wp\/v2\/pages\/1332883"}],"wp:attachment":[{"href":"https:\/\/laboklin.de\/de-ch\/wp-json\/wp\/v2\/media?parent=1335178"}],"curies":[{"name":"wp","href":"https:\/\/api.w.org\/{rel}","templated":true}]}}