{"id":1335176,"date":"2021-01-05T09:08:21","date_gmt":"2021-01-05T08:08:21","guid":{"rendered":"https:\/\/laboklin.de\/start-karriere-bei-laboklin\/einstiegsmoeglichkeiten\/"},"modified":"2023-03-30T08:36:00","modified_gmt":"2023-03-30T06:36:00","slug":"einstiegsmoeglichkeiten","status":"publish","type":"page","link":"https:\/\/laboklin.de\/de-ch\/start-karriere-bei-laboklin\/einstiegsmoeglichkeiten\/","title":{"rendered":"Einstiegsm\u00f6glichkeiten"},"content":{"rendered":"<div class=\"wpb-content-wrapper\"><p>[vc_row][vc_column][vc_column_text]<\/p>\n<h3 class=\"fancy-title entry-title start-animation-done start-animation\">Einstiegsm\u00f6glichkeiten<\/h3>\n<p>Bei Laboklin haben Sie vielf\u00e4ltige M\u00f6glichkeiten, sich beruflich weiterzuentwickeln und Ihre Karriere anzukurbeln. Ob im Labor, in der Verwaltung oder in sonstigen Bereichen: <strong>Bei uns stehen Ihnen viele T\u00fcren offen!<\/strong><\/p>\n<p>Dabei bieten wir nicht nur berufserfahrenen Spezialisten und Fachkr\u00e4ften eine Vielzahl an anspruchsvollen, beruflichen Herausforderungen, um das Know-How und Spezialistenwissen an <a href=\"https:\/\/laboklin.de\/de-ch\/start-karriere-bei-laboklin\/unser-angebot-fuer-berufseinsteiger-und-berufserfahrene\/\"><strong>verantwortungsvoller Stelle<\/strong><\/a> einzusetzen, sondern geben auch motivierten <strong><a href=\"https:\/\/laboklin.de\/de-ch\/start-karriere-bei-laboklin\/unser-angebot-fuer-quereinsteiger\/\">Quereinsteigern<\/a><\/strong> die Chance, sich in spannende T\u00e4tigkeitsfelder einzuarbeiten. So werden auch Sie nach Ihrer Einarbeitung schnell zu wertvollen Leistungstr\u00e4gern.[\/vc_column_text][\/vc_column][\/vc_row]<\/p>\n<\/div>","protected":false},"excerpt":{"rendered":"<p>[vc_row][vc_column][vc_column_text] Einstiegsm\u00f6glichkeiten Bei Laboklin haben Sie vielf\u00e4ltige M\u00f6glichkeiten, sich beruflich weiterzuentwickeln und Ihre Karriere anzukurbeln. Ob im Labor, in der Verwaltung oder in sonstigen Bereichen: Bei uns stehen Ihnen viele T\u00fcren offen! Dabei bieten wir nicht nur berufserfahrenen Spezialisten und Fachkr\u00e4ften eine Vielzahl an anspruchsvollen, beruflichen Herausforderungen, um das Know-How und Spezialistenwissen an verantwortungsvoller Stelle&hellip;<\/p>\n","protected":false},"author":1,"featured_media":0,"parent":1332642,"menu_order":8,"comment_status":"closed","ping_status":"closed","template":"","meta":{"_seopress_robots_primary_cat":"","_seopress_titles_title":"","_seopress_titles_desc":"","_seopress_robots_index":"","footnotes":""},"class_list":["post-1335176","page","type-page","status-publish","hentry","description-off"],"_links":{"self":[{"href":"https:\/\/laboklin.de\/de-ch\/wp-json\/wp\/v2\/pages\/1335176","targetHints":{"allow":["GET"]}}],"collection":[{"href":"https:\/\/laboklin.de\/de-ch\/wp-json\/wp\/v2\/pages"}],"about":[{"href":"https:\/\/laboklin.de\/de-ch\/wp-json\/wp\/v2\/types\/page"}],"author":[{"embeddable":true,"href":"https:\/\/laboklin.de\/de-ch\/wp-json\/wp\/v2\/users\/1"}],"replies":[{"embeddable":true,"href":"https:\/\/laboklin.de\/de-ch\/wp-json\/wp\/v2\/comments?post=1335176"}],"version-history":[{"count":2,"href":"https:\/\/laboklin.de\/de-ch\/wp-json\/wp\/v2\/pages\/1335176\/revisions"}],"predecessor-version":[{"id":1431202,"href":"https:\/\/laboklin.de\/de-ch\/wp-json\/wp\/v2\/pages\/1335176\/revisions\/1431202"}],"up":[{"embeddable":true,"href":"https:\/\/laboklin.de\/de-ch\/wp-json\/wp\/v2\/pages\/1332642"}],"wp:attachment":[{"href":"https:\/\/laboklin.de\/de-ch\/wp-json\/wp\/v2\/media?parent=1335176"}],"curies":[{"name":"wp","href":"https:\/\/api.w.org\/{rel}","templated":true}]}}