{"id":1335166,"date":"2021-08-10T13:28:12","date_gmt":"2021-08-10T11:28:12","guid":{"rendered":"https:\/\/laboklin.de\/leistungen\/mikrobiologie-parasitologie\/bakteriologie-mykologie\/resistenztests-empfindlichkeitspruefungen\/multiresistente-keime\/"},"modified":"2025-02-04T09:33:53","modified_gmt":"2025-02-04T08:33:53","slug":"multiresistente-keime","status":"publish","type":"page","link":"https:\/\/laboklin.de\/de-ch\/leistungen\/mikrobiologie-parasitologie\/bakteriologie-mykologie\/resistenztests-empfindlichkeitspruefungen\/multiresistente-keime\/","title":{"rendered":"Multiresistente Keime"},"content":{"rendered":"<h3 class=\"csc-firstHeader\">Untersuchung auf multiresistente Keime<\/h3><p><span>LABOKLIN Leistungs-ID: 1640<\/span><\/p><p class=\"bodytext\">Mit diesem Profil wird auf gezielt auf Bakterien untersucht, die gegen besonders kritische Antibiotika resistent sind. Das Profil zielt darauf ab, symptomlose Tr\u00e4ger von solchen multiresistenten Bakterien zu identifizieren. Dazu k\u00f6nnen zum Beispiel Hunde geh\u00f6ren, die zu Therapiezwecken in Krankenh\u00e4usern und Pflegeeinrichtungen eingesetzt werden und so diese Bakterien eintragen bzw. sie zwischen den Einrichtungen verbreiten k\u00f6nnen. F\u00fcr die meist immunsupprimierten Patienten k\u00f6nnten diese Bakterien unter Umst\u00e4nden ein Risiko f\u00fcr schwere Infektionen darstellen. <br>Besonders kritische Resistenzen treten auf bei Methicillin-resistenten Staphylokokken (insbesonderes Staphylococcus aureus und Staphylococcus pseudintermedius beim Hund), Vancomycin-resistenten Enterokokken (insbesondere Enterococcus faecium und Enterococcus faecalis) und Enterobakterien, die gegen Cephalosporine der 3. und 4. Generation und gegen Carbapenem-Antibiotika resistent sind. Diese Antibiotika sollten in der Veterin\u00e4rmedizin sehr restriktiv bzw. gar nicht angewendet werden. <\/p><table class=\"tx-laboklinleistung-table contenttable contenttable-2\" style=\"margin-top: 35px;\"><tr><td class=\"td-0\"><strong>Material<\/strong><\/td><td class=\"td-1\"><p class=\"bodytext\">4 Tupfer mit Medium <br><ul><li> Tupfer 1: nasal-bukkal <\/li> <li> Tupfer 2: Haut (Achsel oder Leiste) oder Konjunktiva <\/li><li> Tupfer 3: gepoolter Abstrich aus der Umgebung des Tieres (Hundekorb UND Futternapf UND Fu\u00dfboden) <\/li><li> Tupfer 4: Rektalabstrich <\/li><\/ul><\/p><\/td><\/tr><tr><td class=\"td-0\"><strong>Parameter<\/strong><\/td><td class=\"td-1\"><p class=\"bodytext\">ph\u00e4notypischer Resistenznachweis von MRSA, VRE, ESBL, Carbapenemase-Bildnern<\/p><\/td><\/tr><tr><td class=\"td-0\"><strong>Methode<\/strong><\/td><td class=\"td-1\"><p class=\"bodytext\">kulturell, Mikrodilution<\/p><\/td><\/tr><tr><td class=\"td-0\"><strong>Dauer<\/strong><\/td><td class=\"td-1\"><p class=\"bodytext\">3 - 4 Tage<\/p><\/td><\/tr><tr><td class=\"td-0\"><strong>Anmerkung<\/strong><\/td><td class=\"td-1\"><p class=\"bodytext\"><ul><li> Es ist wichtig, auch Proben von der Umgebung des Tieres zu nehmen, da  beschrieben ist, dass insbesondere Methicillin-resistente Staphylokokken nicht immer vom Tier direkt nachgewiesen werden. <\/li> <li>Tupfer 1 \u2013 3 dienen dem Nachweis von MRSA; Tupfer 4 dient dem Nachweis von Vancomycin-resistenten Enterokokken und multiresistenten gramnegativen Bakterien. <\/li> <li> Die Lokalisationen f\u00fcr die Probennahme sind Empfehlungen. Wenn vom Krankenhaus bzw. von der jeweiligen Einrichtung andere Lokalisationen vorgeschrieben sind, richten Sie sich bitte danach. <\/li><li>Das Profil bietet einen ph\u00e4notypischen Resistenznachweis ausgew\u00e4hlter Bakterienisolate. Es wird nicht molekularbiologisch auf Resistenzgene untersucht. <\/li><li>Das Ergebnis der Untersuchung spiegelt die momentane Besiedelung des Tieres wider, daher ist zu erw\u00e4gen, ob regelm\u00e4\u00dfige Kontrolluntersuchungen durchgef\u00fchrt werden sollten. <\/li><\/ul><\/p><\/td><\/tr><\/table>\n","protected":false},"excerpt":{"rendered":"<p>Untersuchung auf multiresistente KeimeLABOKLIN Leistungs-ID: 1640Mit diesem Profil wird auf gezielt auf Bakterien untersucht, die gegen besonders kritische Antibiotika resistent sind. Das Profil zielt darauf ab, symptomlose Tr\u00e4ger von solchen multiresistenten Bakterien zu identifizieren. Dazu k\u00f6nnen zum Beispiel Hunde geh\u00f6ren, die zu Therapiezwecken in Krankenh\u00e4usern und Pflegeeinrichtungen eingesetzt werden und so diese Bakterien eintragen bzw.&hellip;<\/p>\n","protected":false},"author":1,"featured_media":0,"parent":1333212,"menu_order":8,"comment_status":"closed","ping_status":"closed","template":"","meta":{"_seopress_robots_primary_cat":"","_seopress_titles_title":"","_seopress_titles_desc":"","_seopress_robots_index":"","footnotes":""},"class_list":["post-1335166","page","type-page","status-publish","hentry","description-off"],"_links":{"self":[{"href":"https:\/\/laboklin.de\/de-ch\/wp-json\/wp\/v2\/pages\/1335166","targetHints":{"allow":["GET"]}}],"collection":[{"href":"https:\/\/laboklin.de\/de-ch\/wp-json\/wp\/v2\/pages"}],"about":[{"href":"https:\/\/laboklin.de\/de-ch\/wp-json\/wp\/v2\/types\/page"}],"author":[{"embeddable":true,"href":"https:\/\/laboklin.de\/de-ch\/wp-json\/wp\/v2\/users\/1"}],"replies":[{"embeddable":true,"href":"https:\/\/laboklin.de\/de-ch\/wp-json\/wp\/v2\/comments?post=1335166"}],"version-history":[{"count":1,"href":"https:\/\/laboklin.de\/de-ch\/wp-json\/wp\/v2\/pages\/1335166\/revisions"}],"predecessor-version":[{"id":1506441,"href":"https:\/\/laboklin.de\/de-ch\/wp-json\/wp\/v2\/pages\/1335166\/revisions\/1506441"}],"up":[{"embeddable":true,"href":"https:\/\/laboklin.de\/de-ch\/wp-json\/wp\/v2\/pages\/1333212"}],"wp:attachment":[{"href":"https:\/\/laboklin.de\/de-ch\/wp-json\/wp\/v2\/media?parent=1335166"}],"curies":[{"name":"wp","href":"https:\/\/api.w.org\/{rel}","templated":true}]}}