{"id":1335147,"date":"2022-11-09T16:33:08","date_gmt":"2022-11-09T15:33:08","guid":{"rendered":"https:\/\/laboklin.de\/leistungen\/haematologie-klin-chemie-endokrinologie\/immunologische-untersuchungen-entzuendungsparameter\/thrombozytopenie-profil-gross-hund\/"},"modified":"2025-01-29T09:39:38","modified_gmt":"2025-01-29T08:39:38","slug":"thrombozytopenie-profil-gross-hund","status":"publish","type":"page","link":"https:\/\/laboklin.de\/de-ch\/leistungen\/haematologie-klin-chemie-endokrinologie\/immunologische-untersuchungen-entzuendungsparameter\/thrombozytopenie-profil-gross-hund\/","title":{"rendered":"Thrombozytopenie-Profil gro\u00df (Hund)"},"content":{"rendered":"<h3 class=\"csc-firstHeader\">Thrombozytopenie-Profil gro\u00df (Hund)<\/h3><p><span>LABOKLIN Leistungs-ID: 8816<\/span><\/p><p class=\"bodytext\"><br><\/p><table class=\"tx-laboklinleistung-table contenttable contenttable-2\" style=\"margin-top: 35px;\"><tr><td class=\"td-0\"><strong>Material<\/strong><\/td><td class=\"td-1\"><p class=\"bodytext\">EDTA-Blut 1 ml + Blutausstrich<br>(maximales <strong>Probenalter<\/strong> - l\u00e4nderspezifisch - siehe <strong>Untersuchungsauftrag<\/strong>)<\/p><\/td><\/tr><tr><td class=\"td-0\"><strong>Parameter<\/strong><\/td><td class=\"td-1\"><p class=\"bodytext\">Thrombozyten-Antik\u00f6rper; <br>PCR: Anaplasma phygocytophilum, Ehrlichia canis, Anaplasma platys, Babesien (inkl. Spezies-Diff.)<\/p><\/td><\/tr><tr><td class=\"td-0\"><strong>Dauer<\/strong><\/td><td class=\"td-1\"><p class=\"bodytext\">1-3 Arbeitstage<\/p><\/td><\/tr><tr><td class=\"td-0\"><strong>Anmerkung<\/strong><\/td><td class=\"td-1\"><p class=\"bodytext\">Zu dem Profil kann die zytologische Differenzierung eines Blutausstrichs angefordert werden. <\/p><\/td><\/tr><\/table>\n","protected":false},"excerpt":{"rendered":"<p>Thrombozytopenie-Profil gro\u00df (Hund)LABOKLIN Leistungs-ID: 8816MaterialEDTA-Blut 1 ml + Blutausstrich(maximales Probenalter &#8211; l\u00e4nderspezifisch &#8211; siehe Untersuchungsauftrag)ParameterThrombozyten-Antik\u00f6rper; PCR: Anaplasma phygocytophilum, Ehrlichia canis, Anaplasma platys, Babesien (inkl. Spezies-Diff.)Dauer1-3 ArbeitstageAnmerkungZu dem Profil kann die zytologische Differenzierung eines Blutausstrichs angefordert werden.<\/p>\n","protected":false},"author":10,"featured_media":0,"parent":1332760,"menu_order":8,"comment_status":"closed","ping_status":"closed","template":"","meta":{"_seopress_robots_primary_cat":"","_seopress_titles_title":"","_seopress_titles_desc":"","_seopress_robots_index":"","footnotes":""},"class_list":["post-1335147","page","type-page","status-publish","hentry","description-off"],"_links":{"self":[{"href":"https:\/\/laboklin.de\/de-ch\/wp-json\/wp\/v2\/pages\/1335147","targetHints":{"allow":["GET"]}}],"collection":[{"href":"https:\/\/laboklin.de\/de-ch\/wp-json\/wp\/v2\/pages"}],"about":[{"href":"https:\/\/laboklin.de\/de-ch\/wp-json\/wp\/v2\/types\/page"}],"author":[{"embeddable":true,"href":"https:\/\/laboklin.de\/de-ch\/wp-json\/wp\/v2\/users\/10"}],"replies":[{"embeddable":true,"href":"https:\/\/laboklin.de\/de-ch\/wp-json\/wp\/v2\/comments?post=1335147"}],"version-history":[{"count":1,"href":"https:\/\/laboklin.de\/de-ch\/wp-json\/wp\/v2\/pages\/1335147\/revisions"}],"predecessor-version":[{"id":1504494,"href":"https:\/\/laboklin.de\/de-ch\/wp-json\/wp\/v2\/pages\/1335147\/revisions\/1504494"}],"up":[{"embeddable":true,"href":"https:\/\/laboklin.de\/de-ch\/wp-json\/wp\/v2\/pages\/1332760"}],"wp:attachment":[{"href":"https:\/\/laboklin.de\/de-ch\/wp-json\/wp\/v2\/media?parent=1335147"}],"curies":[{"name":"wp","href":"https:\/\/api.w.org\/{rel}","templated":true}]}}