{"id":1335145,"date":"2020-05-20T11:48:03","date_gmt":"2020-05-20T09:48:03","guid":{"rendered":"https:\/\/laboklin.de\/start-karriere-bei-laboklin\/wir-als-arbeitgeber\/"},"modified":"2024-02-21T08:07:29","modified_gmt":"2024-02-21T07:07:29","slug":"wir-als-arbeitgeber","status":"publish","type":"page","link":"https:\/\/laboklin.de\/de-ch\/start-karriere-bei-laboklin\/wir-als-arbeitgeber\/","title":{"rendered":"Wir als Arbeitgeber"},"content":{"rendered":"<div class=\"wpb-content-wrapper\"><p>[vc_row][vc_column][vc_column_text]<\/p>\n<h3>Wir als Arbeitgeber<\/h3>\n<p>Ein Arbeitsumfeld, in dem Alle die Freiheit haben, ihr Bestes geben zu k\u00f6nnen \u2013 das ist unser Anspruch!<\/p>\n<p>Mitarbeiter, die sich mit Herz und Verstand bei uns engagieren, sehen wir als die wichtigste Ressource in unserem Unternehmen.<\/p>\n<p>Nur gemeinsam mit einem motivierten und gut ausgebildeten Team kann eine Weiterentwicklung unseres Unternehmens m\u00f6glich sein.<\/p>\n<p>Ob Querdenker oder Pragmatiker, Vision\u00e4r oder Realist: gemeinsam arbeiten wir an der Weiterf\u00fchrung einer \u00fcber 30-j\u00e4hrigen Erfolgsgeschichte namens LABOKLIN!<\/p>\n<p>Wir als Arbeitgeber setzen daher alles daran, unseren Mitarbeitern ein Arbeitsumfeld zu schaffen, in dem nicht nur das Fachwissen und die Kenntnisse z\u00e4hlen, sondern der Mensch mit seinen Werten im Vordergrund steht.<\/p>\n<p>Gerne informieren wir Sie auf den n\u00e4chsten Seiten \u00fcber uns als Arbeitgeber:<\/p>\n<ul>\n<li><strong><a href=\"https:\/\/laboklin.de\/de\/start-karriere-bei-laboklin\/ihr-arbeitsplatz\/\">Ihr Arbeitsplatz<\/a><\/strong><\/li>\n<li><strong><a href=\"https:\/\/laboklin.de\/de\/start-karriere-bei-laboklin\/unsere-mitarbeiter-benefits\/\">Unsere Mitarbeiter-Benefits<\/a><\/strong><\/li>\n<li><strong><a href=\"https:\/\/laboklin.de\/de\/start-karriere-bei-laboklin\/der-standort-bad-kissingen\/\">Der Standort in Bad Kissingen<\/a><\/strong><\/li>\n<\/ul>\n<p>[\/vc_column_text][\/vc_column][\/vc_row][vc_row type=&#187;vc_default&#187; disable_element=&#187;yes&#187;][vc_column][vc_column_text]<\/p>\n<div>\n<h3>Warum sind wir Ihr passender Arbeitgeber!<\/h3>\n<\/div>\n<p><strong><u>Der Arbeitsplatz:<\/u><\/strong>\u00a0Wir sind ein interdisziplin\u00e4res Team, in dem sich von der Agrarwissenschaftlerin \u00fcber den Mediengestalter und den Programmierer bis zum Tierarzt jeder zu Hause f\u00fchlen kann. Bei uns wechseln sich Routine und Forschung in enger Taktung ab, Innovationen sind hier keine Ausnahmeerscheinung, sondern Alltag. Kunden und Partner in fast ganz Europa und auch dar\u00fcber hinaus er\u00f6ffnen immer wieder den Blick weit \u00fcber den Tellerrand, schaffen abwechslungsreiche Aufgabenstellungen und erfordern flexible L\u00f6sungen. Um diesem Anspruch gerecht zu werden, wird die pers\u00f6nliche Entwicklung des Einzelnen gro\u00dfgeschrieben und durch Fort- und Weiterbildungsangebote sowie flexible Arbeitszeitmodelle unterst\u00fctzt. Hier verbinden sich die Vorteile eines inhabergef\u00fchrten Familienunternehmens mit den M\u00f6glichkeiten internationaler Zusammenarbeit.<\/p>\n<p><strong>Ob Querdenker oder Pragmatiker, Vision\u00e4r oder Realist: gemeinsam arbeiten wir an der Weiterf\u00fchrung einer 30-j\u00e4hrigen Erfolgsgeschichte namens Laboklin.\u00a0\u00a0 \u00a0\u00a0\u00a0\u00a0<\/strong><\/p>\n<p><strong><u>Der Standort:<\/u><\/strong>\u00a0Arbeiten, wo andere Urlaub machen? Ausgezeichnet von der IHK als Wohnort f\u00fcr Fachkr\u00e4fte? Kurort? Das alles und mehr bietet Bad Kissingen. Work-Life-Balance ist hier garantiert: kurze Wege, ein gro\u00dfes Kultur- und Freizeitangebot, bezahlbarer Wohnraum und der direkte Zugang zur Rh\u00f6n schaffen ein gro\u00dfes Plus an Lebensqualit\u00e4t.<\/p>\n<p><strong><u>Das Leitbild:<\/u>\u00a0<\/strong>Schnellstm\u00f6gliche Diagnostik, sichere Resultate, bestm\u00f6glicher Service.<\/p>\n<h4><strong>EIN ARBEITSUMFELD, IN DEM ALLE DIE FREIHEIT HABEN, IHR BESTES GEBEN ZU K\u00d6NNEN \u2013 DAS IST\u00a0<\/strong><strong>UNSER ANSPRUCH.<\/strong><\/h4>\n<hr \/>\n<h5>LABOKLiN<\/h5>\n<ul>\n<li><strong>wurde 1989 gegr\u00fcndet, besch\u00e4ftigt \u00fcber 400 Mitarbeiter und hat seinen Hauptsitz im unterfr\u00e4nkischen<\/strong><br \/>\n<strong>Bad Kissingen,<\/strong><\/li>\n<li><strong>ist eines der gr\u00f6\u00dften akkreditierten, tiermedizinischen Labore Europas,<\/strong><\/li>\n<li><strong>bearbeitet etwa eine Million tiermedizinischer Proben pro Jahr und<\/strong><\/li>\n<li><strong>arbeitet mit Tierarztpraxen und Tierkliniken weltweit zusammen.<\/strong><\/li>\n<\/ul>\n<p>Damit sich unsere Mitarbeiter\/innen gut aufgehoben f\u00fchlen, bieten wir ihnen standardm\u00e4\u00dfig:<\/p>\n<ul>\n<li><strong>bedarfsgerechte und flexible Arbeitszeitanpassung,<\/strong><\/li>\n<li><strong>kostenfreie Getr\u00e4nke,<\/strong><\/li>\n<li><strong>kostenfreie Mitarbeiterparkpl\u00e4tze,<\/strong><\/li>\n<li><strong>Betriebsveranstaltungen,<\/strong><\/li>\n<li><strong>verm\u00f6genswirksame Leistungen,<\/strong><\/li>\n<li><strong>betriebliche Gesundheitsvorsorge,<\/strong><\/li>\n<li><strong>betriebliche Altersvorsorge.<\/strong><\/li>\n<\/ul>\n<p>Dass wir nachhaltig arbeiten und uns das Wohl unserer Mitarbeiter\/innen ganz besonders am Herzen liegt, best\u00e4tigen unsere Auszeichnungen, z. B. \u201eBayern\u2019s Best 50\u201c (2018) sowie Finalist beim \u201eGro\u00dfen Preis des Mittelstands\u201c (2019).<br \/>\nZudem engagieren wir uns regelm\u00e4\u00dfig im Rahmen schulischer und universit\u00e4rer Projekte. Durch unsere Beteiligung am Projekt \u201eMensch Inklusive\u201c der Lebenshilfe geben wir engagierten Menschen mit Einschr\u00e4nkungen die Chance, bei uns im Labor \u2013 und damit auf dem allgemeinen Arbeitsmarkt \u2013 t\u00e4tig zu sein.<br \/>\nBad Kissingen, Standort unserer Unternehmenszentrale, geh\u00f6rt zu den Kommunen, die von der IHK das Qualit\u00e4tszeichen \u201cAusgezeichneter Wohnort f\u00fcr Fachkr\u00e4fte\u201d verliehen bekommen haben. Daneben hat unsere Kleinstadt noch eine ganze Menge mehr zu bieten: So ist sie z. B. Fairtrade Town und wir unterst\u00fctzen als Unternehmen ebenfalls die Kampagne fairer Herstellung und fairen Handels. So setzen wir z. B. f\u00fcr den Kaffee zwischendurch ausschlie\u00dflich auf Fair Trade-Produkte!<\/p>\n<h4>LAST BUT NOT LEAST PFLEGEN WIR MIT UNSEREN MITARBEITERN\/INNEN EIN FAMILI\u00c4RES, OFFENES MITEINANDER.<\/h4>\n<p>[\/vc_column_text][\/vc_column][\/vc_row]<\/p>\n<\/div>","protected":false},"excerpt":{"rendered":"<p>[vc_row][vc_column][vc_column_text] Wir als Arbeitgeber Ein Arbeitsumfeld, in dem Alle die Freiheit haben, ihr Bestes geben zu k\u00f6nnen \u2013 das ist unser Anspruch! Mitarbeiter, die sich mit Herz und Verstand bei uns engagieren, sehen wir als die wichtigste Ressource in unserem Unternehmen. Nur gemeinsam mit einem motivierten und gut ausgebildeten Team kann eine Weiterentwicklung unseres Unternehmens&hellip;<\/p>\n","protected":false},"author":1,"featured_media":0,"parent":1332642,"menu_order":7,"comment_status":"closed","ping_status":"closed","template":"","meta":{"_seopress_robots_primary_cat":"","_seopress_titles_title":"","_seopress_titles_desc":"","_seopress_robots_index":"","footnotes":""},"class_list":["post-1335145","page","type-page","status-publish","hentry","description-off"],"_links":{"self":[{"href":"https:\/\/laboklin.de\/de-ch\/wp-json\/wp\/v2\/pages\/1335145","targetHints":{"allow":["GET"]}}],"collection":[{"href":"https:\/\/laboklin.de\/de-ch\/wp-json\/wp\/v2\/pages"}],"about":[{"href":"https:\/\/laboklin.de\/de-ch\/wp-json\/wp\/v2\/types\/page"}],"author":[{"embeddable":true,"href":"https:\/\/laboklin.de\/de-ch\/wp-json\/wp\/v2\/users\/1"}],"replies":[{"embeddable":true,"href":"https:\/\/laboklin.de\/de-ch\/wp-json\/wp\/v2\/comments?post=1335145"}],"version-history":[{"count":2,"href":"https:\/\/laboklin.de\/de-ch\/wp-json\/wp\/v2\/pages\/1335145\/revisions"}],"predecessor-version":[{"id":1463522,"href":"https:\/\/laboklin.de\/de-ch\/wp-json\/wp\/v2\/pages\/1335145\/revisions\/1463522"}],"up":[{"embeddable":true,"href":"https:\/\/laboklin.de\/de-ch\/wp-json\/wp\/v2\/pages\/1332642"}],"wp:attachment":[{"href":"https:\/\/laboklin.de\/de-ch\/wp-json\/wp\/v2\/media?parent=1335145"}],"curies":[{"name":"wp","href":"https:\/\/api.w.org\/{rel}","templated":true}]}}