{"id":1335106,"date":"2020-10-16T11:36:27","date_gmt":"2020-10-16T09:36:27","guid":{"rendered":"https:\/\/laboklin.de\/leistungen\/genetik\/erbkrankheiten\/katze\/pyruvatkinase-defizienz-pk-defizienz\/"},"modified":"2025-02-25T12:27:02","modified_gmt":"2025-02-25T11:27:02","slug":"pyruvatkinase-defizienz-pk","status":"publish","type":"page","link":"https:\/\/laboklin.de\/de-ch\/leistungen\/genetik\/erbkrankheiten\/katze\/pyruvatkinase-defizienz-pk\/","title":{"rendered":"Pyruvatkinase-Defizienz (PK)"},"content":{"rendered":"<h3 class=\"csc-firstHeader\">Pyruvatkinase-Defizienz (PK)<\/h3><p><span>LABOKLIN Leistungs-ID: 8047<\/span><\/p><p class=\"bodytext\">Bei dieser Erkrankung, die auch beim Mensch und Hund vorkommt, fehlt den roten Blutk\u00f6rperchen das Enzym Pyruvatkinase, welches f\u00fcr die Energiegewinnung der Erythrozyten wichtig ist. Aufgrund einer beeintr\u00e4chtigten Glykolyse in den Erythrozyten ist ihre Lebensdauer stark verk\u00fcrzt, wodurch eine chronische, regenerative h\u00e4molytische An\u00e4mie hervorgerufen wird. Betroffene Tiere k\u00f6nnen neben immer wiederkehrenden Symptomen der An\u00e4mie wie blassen Schleimh\u00e4uten, Schw\u00e4che und M\u00fcdigkeit auch schwere \"h\u00e4molytische Krisen\" mit Gelbsucht und Fieber entwickeln. Die Anzahl der roten Blutk\u00f6rperchen kann von normal bis hochgradig vermindert sein. Verd\u00e4chtig ist eine erh\u00f6hte Zahl juveniler Erythrozyten bei einer normalen Erythrozytenzahl. Gelegentlich ist eine vergr\u00f6\u00dferte Milz tastbar. Aufgrund des unterschiedlichen Krankheitsbildes ist es wichtig, dass eine Pyruvatkinase-Defizienz in Betracht gezogen wird, wenn die Routinelaboruntersuchungen nicht zu einer Diagnose f\u00fchren. Da es bisher leider keine spezifische Therapie f\u00fcr die PK-Defizienz gibt, ist die zuchthygienische Vorbeugung wichtig. Zeigt ein erkranktes Tier eine schwere An\u00e4mie, k\u00f6nnen Bluttransfusionen lebensrettend sein. Daher ist die Durchf\u00fchrung einer Blutgruppenbestimmung ebenfalls wichtig. Bei betroffenen Tieren sollte sowohl Stress, als auch Risiken von Infektionen vermieden werden, da dadurch m\u00f6glicherweise h\u00e4molytische Krisen ausgel\u00f6st werden k\u00f6nnen. <\/p><table class=\"tx-laboklinleistung-table contenttable contenttable-2\" style=\"margin-top: 35px;\"><tr><td class=\"td-0\"><strong>Methode<\/strong><\/td><td class=\"td-1\"><p class=\"bodytext\">TaqMan SNP Assay, ggf. Sequenzierung<\/p><\/td><\/tr><tr><td class=\"td-0\"><strong>Rasse<\/strong><\/td><td class=\"td-1\"><p class=\"bodytext\">Abessinier, Bengal, Europ\u00e4isch Kurzhaar, LaPerm Longhair, LaPerm Shorthair, Maine Coon, Norwegische Waldkatze, Ocicat, Savannah, Sibirische Katze, Singapura, Somali, T\u00fcrkisch Angora, \u00c4gyptische Mau<\/p><\/td><\/tr><tr><td class=\"td-0\"><strong>Erbgang<\/strong><\/td><td class=\"td-1\"><p class=\"bodytext\">autosomal-rezessiv<\/p><\/td><\/tr><tr><td class=\"td-0\"><strong>Dauer<\/strong><\/td><td class=\"td-1\"><p class=\"bodytext\">3 - 5 Werktage nach Erhalt der Probe (bei Sequenzierung 1 - 2 Wochen)<\/p><\/td><\/tr><\/table>\n","protected":false},"excerpt":{"rendered":"<p>Pyruvatkinase-Defizienz (PK)LABOKLIN Leistungs-ID: 8047Bei dieser Erkrankung, die auch beim Mensch und Hund vorkommt, fehlt den roten Blutk\u00f6rperchen das Enzym Pyruvatkinase, welches f\u00fcr die Energiegewinnung der Erythrozyten wichtig ist. Aufgrund einer beeintr\u00e4chtigten Glykolyse in den Erythrozyten ist ihre Lebensdauer stark verk\u00fcrzt, wodurch eine chronische, regenerative h\u00e4molytische An\u00e4mie hervorgerufen wird. Betroffene Tiere k\u00f6nnen neben immer wiederkehrenden Symptomen&hellip;<\/p>\n","protected":false},"author":1,"featured_media":0,"parent":1332704,"menu_order":7,"comment_status":"closed","ping_status":"closed","template":"","meta":{"_seopress_robots_primary_cat":"","_seopress_titles_title":"","_seopress_titles_desc":"","_seopress_robots_index":"","footnotes":""},"class_list":["post-1335106","page","type-page","status-publish","hentry","description-off"],"_links":{"self":[{"href":"https:\/\/laboklin.de\/de-ch\/wp-json\/wp\/v2\/pages\/1335106","targetHints":{"allow":["GET"]}}],"collection":[{"href":"https:\/\/laboklin.de\/de-ch\/wp-json\/wp\/v2\/pages"}],"about":[{"href":"https:\/\/laboklin.de\/de-ch\/wp-json\/wp\/v2\/types\/page"}],"author":[{"embeddable":true,"href":"https:\/\/laboklin.de\/de-ch\/wp-json\/wp\/v2\/users\/1"}],"replies":[{"embeddable":true,"href":"https:\/\/laboklin.de\/de-ch\/wp-json\/wp\/v2\/comments?post=1335106"}],"version-history":[{"count":1,"href":"https:\/\/laboklin.de\/de-ch\/wp-json\/wp\/v2\/pages\/1335106\/revisions"}],"predecessor-version":[{"id":1486674,"href":"https:\/\/laboklin.de\/de-ch\/wp-json\/wp\/v2\/pages\/1335106\/revisions\/1486674"}],"up":[{"embeddable":true,"href":"https:\/\/laboklin.de\/de-ch\/wp-json\/wp\/v2\/pages\/1332704"}],"wp:attachment":[{"href":"https:\/\/laboklin.de\/de-ch\/wp-json\/wp\/v2\/media?parent=1335106"}],"curies":[{"name":"wp","href":"https:\/\/api.w.org\/{rel}","templated":true}]}}