{"id":1335077,"date":"2020-10-16T11:36:27","date_gmt":"2020-10-16T09:36:27","guid":{"rendered":"https:\/\/laboklin.de\/leistungen\/infektionskrankheiten-erreger-und-antikoerpernachweise\/viren\/coronaviren\/coronavirus-katze-pcr-quantitativ\/"},"modified":"2025-01-30T08:53:20","modified_gmt":"2025-01-30T07:53:20","slug":"coronavirus-katze-pcr-quantitativ","status":"publish","type":"page","link":"https:\/\/laboklin.de\/de-ch\/leistungen\/infektionskrankheiten-erreger-und-antikoerpernachweise\/viren\/coronaviren\/coronavirus-katze-pcr-quantitativ\/","title":{"rendered":"Coronavirus (Katze) &#8211; PCR (quantitativ)"},"content":{"rendered":"<h3 class=\"csc-firstHeader\">Coronavirus (Katze) - PCR (quantitativ)<\/h3><p><span>LABOKLIN Leistungs-ID: 8282<\/span><\/p><table class=\"tx-laboklinleistung-table contenttable contenttable-2\" style=\"margin-top: 35px;\"><tr><td class=\"td-0\"><strong>Material<\/strong><\/td><td class=\"td-1\"><p class=\"bodytext\">Faeces, Punktat, EDTA-Blut<\/p><\/td><\/tr><tr><td class=\"td-0\"><strong>Methode<\/strong><\/td><td class=\"td-1\"><p class=\"bodytext\">realtime PCR<\/p><\/td><\/tr><tr><td class=\"td-0\"><strong>Dauer<\/strong><\/td><td class=\"td-1\"><p class=\"bodytext\">1 - 3 Tage<\/p><\/td><\/tr><tr><td class=\"td-0\"><strong>Anmerkung<\/strong><\/td><td class=\"td-1\"><p class=\"bodytext\"><ul><li>Faeces: Nachweis von enteralen FCoV f\u00fcr die Einsch\u00e4tzung des Infektionsdruckes im Bestand und als Entscheidungshilfe f\u00fcr m\u00f6gliche Sanierung. Als frei gilt eine Katze, wenn die PCR in 3 Tests im w\u00f6chentlichen Abstand negativ war und jeweils Sammelkotproben von 3 Tagen untersucht wurden. <\/li> <li>Punktat: Eine hohe Anzahl detektierter Viren im Abdominal- und\/oder Thoraxerguss gilt als starker Hinweis f\u00fcr eine FIP (immer im Zusammenhang mit weiteren diagnostischen Parametern wie z.B. Eiwei\u00dfelektrophorese, Albumin-Globulin-Quotient).<\/li><li>EDTA-Blut: alternatives Probenmaterial bei fehlendem Erguss (Achtung: geringere Sensitivit\u00e4t und Vir\u00e4miephase mit enteralen FCoV m\u00f6glich) <\/li><li>Eine Quantifizierung kann auch im Anschluss an eine qualitative PCR nachgefordert werden.<\/li><\/ul><\/p><\/td><\/tr><\/table>\n","protected":false},"excerpt":{"rendered":"<p>Coronavirus (Katze) &#8211; PCR (quantitativ)LABOKLIN Leistungs-ID: 8282MaterialFaeces, Punktat, EDTA-BlutMethoderealtime PCRDauer1 &#8211; 3 TageAnmerkungFaeces: Nachweis von enteralen FCoV f\u00fcr die Einsch\u00e4tzung des Infektionsdruckes im Bestand und als Entscheidungshilfe f\u00fcr m\u00f6gliche Sanierung. Als frei gilt eine Katze, wenn die PCR in 3 Tests im w\u00f6chentlichen Abstand negativ war und jeweils Sammelkotproben von 3 Tagen untersucht wurden. Punktat:&hellip;<\/p>\n","protected":false},"author":1,"featured_media":0,"parent":1332931,"menu_order":7,"comment_status":"closed","ping_status":"closed","template":"","meta":{"_seopress_robots_primary_cat":"","_seopress_titles_title":"","_seopress_titles_desc":"","_seopress_robots_index":"","footnotes":""},"class_list":["post-1335077","page","type-page","status-publish","hentry","description-off"],"_links":{"self":[{"href":"https:\/\/laboklin.de\/de-ch\/wp-json\/wp\/v2\/pages\/1335077","targetHints":{"allow":["GET"]}}],"collection":[{"href":"https:\/\/laboklin.de\/de-ch\/wp-json\/wp\/v2\/pages"}],"about":[{"href":"https:\/\/laboklin.de\/de-ch\/wp-json\/wp\/v2\/types\/page"}],"author":[{"embeddable":true,"href":"https:\/\/laboklin.de\/de-ch\/wp-json\/wp\/v2\/users\/1"}],"replies":[{"embeddable":true,"href":"https:\/\/laboklin.de\/de-ch\/wp-json\/wp\/v2\/comments?post=1335077"}],"version-history":[{"count":1,"href":"https:\/\/laboklin.de\/de-ch\/wp-json\/wp\/v2\/pages\/1335077\/revisions"}],"predecessor-version":[{"id":1335078,"href":"https:\/\/laboklin.de\/de-ch\/wp-json\/wp\/v2\/pages\/1335077\/revisions\/1335078"}],"up":[{"embeddable":true,"href":"https:\/\/laboklin.de\/de-ch\/wp-json\/wp\/v2\/pages\/1332931"}],"wp:attachment":[{"href":"https:\/\/laboklin.de\/de-ch\/wp-json\/wp\/v2\/media?parent=1335077"}],"curies":[{"name":"wp","href":"https:\/\/api.w.org\/{rel}","templated":true}]}}