{"id":1335049,"date":"2021-02-05T16:55:48","date_gmt":"2021-02-05T15:55:48","guid":{"rendered":"https:\/\/laboklin.de\/fachinformationen\/praeanalytik\/beschriftung\/"},"modified":"2024-11-25T14:37:41","modified_gmt":"2024-11-25T13:37:41","slug":"beschriftung","status":"publish","type":"page","link":"https:\/\/laboklin.de\/de-ch\/fachinformationen\/praeanalytik\/beschriftung\/","title":{"rendered":"Beschriftung"},"content":{"rendered":"<div class=\"wpb-content-wrapper\"><p>[vc_row type=&#187;vc_default&#187; content_placement=&#187;top&#187;][vc_column][vc_column_text]Tier- oder Besitzername sollten deutlich auf Auftrag und Probe vermerkt werden. Alternativ k\u00f6nnen Barcodes zur verwechslungsfreien Kennzeichnung von Probe und Auftrag verwendet werden \u2013 sie werden bei Bestellung von Auftr\u00e4gen automatisch mitgesendet.<br \/>\nBei Funktionstests zus\u00e4tzlich der jeweilige Entnahmezeitpunkt.<\/p>\n<p>Barcode-Etiketten:<br \/>\nAuf einem Bogen sind untereinander die Etiketten f\u00fcr 6 Patienten. F\u00fcr jeden Patienten finden sich Etiketten f\u00fcr Ihr Laborbuch, den Auftrag und zum Kennzeichnen der einzusendenden Probenr\u00f6hrchen \/ -gef\u00e4\u00dfe.<\/p>\n<p>F\u00fcr Serum und EDTA gibt es eine vorgedruckte Etikette, bei den anderen Etiketten ist das Material handschriftlich zu erg\u00e4nzen.<\/p>\n<p>Bitte kleben Sie den Barcode genau \u00fcber das R\u00f6hrchenetikett, so dass der Inhalt auch weiterhin durch die nicht beklebten Fl\u00e4chen ersichtlich ist.<\/p>\n<p><img loading=\"lazy\" decoding=\"async\" class=\"alignnone wp-image-1305980\" src=\"https:\/\/laboklin.de\/wp-content\/uploads\/2021\/02\/csm_Beschriftung_Proben_1ec78b1391.gif\" alt=\"\" width=\"390\" height=\"437\" \/>[\/vc_column_text][\/vc_column][\/vc_row]<\/p>\n<\/div>","protected":false},"excerpt":{"rendered":"<p>[vc_row type=&#187;vc_default&#187; content_placement=&#187;top&#187;][vc_column][vc_column_text]Tier- oder Besitzername sollten deutlich auf Auftrag und Probe vermerkt werden. Alternativ k\u00f6nnen Barcodes zur verwechslungsfreien Kennzeichnung von Probe und Auftrag verwendet werden \u2013 sie werden bei Bestellung von Auftr\u00e4gen automatisch mitgesendet. Bei Funktionstests zus\u00e4tzlich der jeweilige Entnahmezeitpunkt. Barcode-Etiketten: Auf einem Bogen sind untereinander die Etiketten f\u00fcr 6 Patienten. F\u00fcr jeden Patienten finden&hellip;<\/p>\n","protected":false},"author":1,"featured_media":0,"parent":1332674,"menu_order":7,"comment_status":"closed","ping_status":"closed","template":"","meta":{"_seopress_robots_primary_cat":"","_seopress_titles_title":"","_seopress_titles_desc":"","_seopress_robots_index":"","footnotes":""},"class_list":["post-1335049","page","type-page","status-publish","hentry","description-off"],"_links":{"self":[{"href":"https:\/\/laboklin.de\/de-ch\/wp-json\/wp\/v2\/pages\/1335049","targetHints":{"allow":["GET"]}}],"collection":[{"href":"https:\/\/laboklin.de\/de-ch\/wp-json\/wp\/v2\/pages"}],"about":[{"href":"https:\/\/laboklin.de\/de-ch\/wp-json\/wp\/v2\/types\/page"}],"author":[{"embeddable":true,"href":"https:\/\/laboklin.de\/de-ch\/wp-json\/wp\/v2\/users\/1"}],"replies":[{"embeddable":true,"href":"https:\/\/laboklin.de\/de-ch\/wp-json\/wp\/v2\/comments?post=1335049"}],"version-history":[{"count":1,"href":"https:\/\/laboklin.de\/de-ch\/wp-json\/wp\/v2\/pages\/1335049\/revisions"}],"predecessor-version":[{"id":1495434,"href":"https:\/\/laboklin.de\/de-ch\/wp-json\/wp\/v2\/pages\/1335049\/revisions\/1495434"}],"up":[{"embeddable":true,"href":"https:\/\/laboklin.de\/de-ch\/wp-json\/wp\/v2\/pages\/1332674"}],"wp:attachment":[{"href":"https:\/\/laboklin.de\/de-ch\/wp-json\/wp\/v2\/media?parent=1335049"}],"curies":[{"name":"wp","href":"https:\/\/api.w.org\/{rel}","templated":true}]}}