{"id":1334984,"date":"2020-10-16T11:36:27","date_gmt":"2020-10-16T09:36:27","guid":{"rendered":"https:\/\/laboklin.de\/leistungen\/genetik\/fellfarbe-haarstruktur\/katze\/haarlaenge-kurzhaar-langhaar\/"},"modified":"2025-02-25T13:19:26","modified_gmt":"2025-02-25T12:19:26","slug":"haarlaenge-kurzhaar-langhaar","status":"publish","type":"page","link":"https:\/\/laboklin.de\/de-ch\/leistungen\/genetik\/fellfarbe-haarstruktur\/katze\/haarlaenge-kurzhaar-langhaar\/","title":{"rendered":"Haarl\u00e4nge \u2013 Kurzhaar\/Langhaar"},"content":{"rendered":"<h3 class=\"csc-firstHeader\">Haarl\u00e4nge - Kurzhaar\/Langhaar<\/h3><p><span>LABOKLIN Leistungs-ID: 8147<\/span><\/p><p class=\"bodytext\">Bei der Katze werden Fellfarbe, Fellzeichnung und Haarstruktur durch die Kombination der Wirkung verschiedener Gene festgelegt. Ein Gen \u2013 codierend f\u00fcr den Fibroblastenwachstumsfaktor 5 (FG5) \u2013 bestimmt die Haarl\u00e4nge einer Katze. Die Anlage f\u00fcr Langhaar wird dabei rezessiv vererbt. Bislang konnten 4 verschiedene Mutationen im FG5-Gen (M1, M2, M3, M4) identifiziert werden, die mit dem Merkmal \u201eLanghaar\u201c bei der Katze assoziiert sind. Langhaar-Katzen k\u00f6nnen zwei Kopien derselben Mutation tragen (homozygot rezessiv) oder zwei verschiedene, jeweils eine auf je einem Chromosom (compound-heterozygot). Drei der bekannten Mutationen sind rassespezifisch, w\u00e4hrend die vierte bei allen Langhaar-Katzenrassen und deren Kreuzungen vorkommen kann. LABOKLIN bietet einen Gentest f\u00fcr Langhaar bei der Katze an, bei dem alle 4 bislang bei der Katze bekannten Mutationen nachgewiesen werden k\u00f6nnen. Es ist theoretisch m\u00f6glich, dass weitere bislang noch nicht identifizierte Mutationen existieren, die auch mit Langhaarigkeit assoziiert sein k\u00f6nnen. Folgende Genotypen k\u00f6nnen mittels des Gentests unterschieden werden.<br>N\/N: Die Katze hat kurzes Haar. Keine der 4 Langhaar-Mutationen konnte nachgewiesen werden. Die Katze kann keine langhaarigen Nachkommen hervorbringen.<br>N\/M1, N\/M2, N\/M3 oder N\/M4: Die Katze hat kurzes Haar und tr\u00e4gt eine Kopie der der Langhaar-Mutation. Die Katze kann in Abh\u00e4ngigkeit vom Genotyp des Verpaarungspartners sowohl kurz- als auch langhaarige Nachkommen hervorbringen.<br>M1\/M1, M2\/M2, M3\/M3 oder M4\/M4: Die Katze hat langes Haar und produziert ausschlie\u00dflich langhaarige Nachkommen, wenn sie mit einem langhaarigen Partner verpaart wird.<br>M1\/M2, M1\/M3, M1\/M4, M2\/M3, M2\/M4, M3\/M4: Die Katze hat langes Haar und tr\u00e4gt zwei verschiedene Langhaar-Mutationen in heterozygoter Form (compound-heterozygot). Die Katze produziert ausschlie\u00dflich langhaarige Nachkommen, wenn sie mit einem langhaarigen Partner verpaart wird.<br>Der Nachweis der \u201eLanghaar-Mutationen\u201c ist f\u00fcr Kurzhaar-Zuchten von gro\u00dfem Interesse, da aufgrund versteckter \u201eLanghaar\u201c-Tr\u00e4ger immer mehr Langhaarkatzen in diesen Zuchten fallen. <\/p><table class=\"tx-laboklinleistung-table contenttable contenttable-2\" style=\"margin-top: 35px;\"><tr><td class=\"td-0\"><strong>Methode<\/strong><\/td><td class=\"td-1\"><p class=\"bodytext\">TaqMan SNP Assay und Sequenzierung<\/p><\/td><\/tr><tr><td class=\"td-0\"><strong>Erbgang<\/strong><\/td><td class=\"td-1\"><p class=\"bodytext\">autosomal-rezessiv<\/p><\/td><\/tr><tr><td class=\"td-0\"><strong>Dauer<\/strong><\/td><td class=\"td-1\"><p class=\"bodytext\">1 - 2 Wochen nach Erhalt der Probe<\/p><\/td><\/tr><\/table>\n","protected":false},"excerpt":{"rendered":"<p>Haarl\u00e4nge &#8211; Kurzhaar\/LanghaarLABOKLIN Leistungs-ID: 8147Bei der Katze werden Fellfarbe, Fellzeichnung und Haarstruktur durch die Kombination der Wirkung verschiedener Gene festgelegt. Ein Gen \u2013 codierend f\u00fcr den Fibroblastenwachstumsfaktor 5 (FG5) \u2013 bestimmt die Haarl\u00e4nge einer Katze. Die Anlage f\u00fcr Langhaar wird dabei rezessiv vererbt. Bislang konnten 4 verschiedene Mutationen im FG5-Gen (M1, M2, M3, M4) identifiziert&hellip;<\/p>\n","protected":false},"author":1,"featured_media":0,"parent":1332720,"menu_order":6,"comment_status":"closed","ping_status":"closed","template":"","meta":{"_seopress_robots_primary_cat":"","_seopress_titles_title":"","_seopress_titles_desc":"","_seopress_robots_index":"","footnotes":""},"class_list":["post-1334984","page","type-page","status-publish","hentry","description-off"],"_links":{"self":[{"href":"https:\/\/laboklin.de\/de-ch\/wp-json\/wp\/v2\/pages\/1334984","targetHints":{"allow":["GET"]}}],"collection":[{"href":"https:\/\/laboklin.de\/de-ch\/wp-json\/wp\/v2\/pages"}],"about":[{"href":"https:\/\/laboklin.de\/de-ch\/wp-json\/wp\/v2\/types\/page"}],"author":[{"embeddable":true,"href":"https:\/\/laboklin.de\/de-ch\/wp-json\/wp\/v2\/users\/1"}],"replies":[{"embeddable":true,"href":"https:\/\/laboklin.de\/de-ch\/wp-json\/wp\/v2\/comments?post=1334984"}],"version-history":[{"count":1,"href":"https:\/\/laboklin.de\/de-ch\/wp-json\/wp\/v2\/pages\/1334984\/revisions"}],"predecessor-version":[{"id":1486677,"href":"https:\/\/laboklin.de\/de-ch\/wp-json\/wp\/v2\/pages\/1334984\/revisions\/1486677"}],"up":[{"embeddable":true,"href":"https:\/\/laboklin.de\/de-ch\/wp-json\/wp\/v2\/pages\/1332720"}],"wp:attachment":[{"href":"https:\/\/laboklin.de\/de-ch\/wp-json\/wp\/v2\/media?parent=1334984"}],"curies":[{"name":"wp","href":"https:\/\/api.w.org\/{rel}","templated":true}]}}