{"id":1334931,"date":"2020-10-16T11:36:27","date_gmt":"2020-10-16T09:36:27","guid":{"rendered":"https:\/\/laboklin.de\/leistungen\/haematologie-klin-chemie-endokrinologie\/klinisch-chemische-parameter\/mineralstoffe-und-elektrolyte\/cl-chlorid\/"},"modified":"2025-01-28T13:08:35","modified_gmt":"2025-01-28T12:08:35","slug":"cl-chlorid","status":"publish","type":"page","link":"https:\/\/laboklin.de\/de-ch\/leistungen\/haematologie-klin-chemie-endokrinologie\/klinisch-chemische-parameter\/mineralstoffe-und-elektrolyte\/cl-chlorid\/","title":{"rendered":"Cl (Chlorid)"},"content":{"rendered":"<h3 class=\"csc-firstHeader\">Cl (Chlorid)<\/h3><p><span>LABOKLIN Leistungs-ID: 27<\/span><\/p><p class=\"bodytext\"><br><\/p><table class=\"tx-laboklinleistung-table contenttable contenttable-2\" style=\"margin-top: 35px;\"><tr><td class=\"td-0\"><strong>Material<\/strong><\/td><td class=\"td-1\"><p class=\"bodytext\">Serum oder Heparin-Plasma 0,5 ml<\/p><\/td><\/tr><tr><td class=\"td-0\"><strong>Methode<\/strong><\/td><td class=\"td-1\"><p class=\"bodytext\">Ionenselektive Elektrode (ISE)<\/p><\/td><\/tr><tr><td class=\"td-0\"><strong>Dauer<\/strong><\/td><td class=\"td-1\"><p class=\"bodytext\">Befund\u00fcbermittlung am Tag des Probeneingangs (Mo.\u2013Sa.)<\/p><\/td><\/tr><tr><td class=\"td-0\"><strong>Anmerkung<\/strong><\/td><td class=\"td-1\"><p class=\"bodytext\"><ul><li>Das wichtigste extrazellul\u00e4re Anion ist f\u00fcr die Aufrechterhaltung des osmotischen Gleichgewichtes ausschlaggebend. <\/li>\r\n<li>Hypochlor\u00e4mie kommt bei Erkrankungen mit Hyponatri\u00e4mien wie z.B. Erbrechen, abomasaler Reflux bei Labmagenverlagerung, Diarrhoe und metabolischer Alkalose vor.<\/li>\r\n<li><strong>Wiederk\u00e4uer:<\/strong> Hyperchlor\u00e4mie tritt bei allen Erkrankungen auf, die auch Hypernatri\u00e4mien verursachen. H\u00e4ufigste Ursachen sind Dehydratation und hyperchlor\u00e4mische metabolische Acidose. <\/li><\/ul><\/p><\/td><\/tr><\/table>\n","protected":false},"excerpt":{"rendered":"<p>Cl (Chlorid)LABOKLIN Leistungs-ID: 27MaterialSerum oder Heparin-Plasma 0,5 mlMethodeIonenselektive Elektrode (ISE)DauerBefund\u00fcbermittlung am Tag des Probeneingangs (Mo.\u2013Sa.)AnmerkungDas wichtigste extrazellul\u00e4re Anion ist f\u00fcr die Aufrechterhaltung des osmotischen Gleichgewichtes ausschlaggebend. Hypochlor\u00e4mie kommt bei Erkrankungen mit Hyponatri\u00e4mien wie z.B. Erbrechen, abomasaler Reflux bei Labmagenverlagerung, Diarrhoe und metabolischer Alkalose vor. Wiederk\u00e4uer: Hyperchlor\u00e4mie tritt bei allen Erkrankungen auf, die auch Hypernatri\u00e4mien verursachen.&hellip;<\/p>\n","protected":false},"author":1,"featured_media":0,"parent":1332897,"menu_order":6,"comment_status":"closed","ping_status":"closed","template":"","meta":{"_seopress_robots_primary_cat":"","_seopress_titles_title":"","_seopress_titles_desc":"","_seopress_robots_index":"","footnotes":""},"class_list":["post-1334931","page","type-page","status-publish","hentry","description-off"],"_links":{"self":[{"href":"https:\/\/laboklin.de\/de-ch\/wp-json\/wp\/v2\/pages\/1334931","targetHints":{"allow":["GET"]}}],"collection":[{"href":"https:\/\/laboklin.de\/de-ch\/wp-json\/wp\/v2\/pages"}],"about":[{"href":"https:\/\/laboklin.de\/de-ch\/wp-json\/wp\/v2\/types\/page"}],"author":[{"embeddable":true,"href":"https:\/\/laboklin.de\/de-ch\/wp-json\/wp\/v2\/users\/1"}],"replies":[{"embeddable":true,"href":"https:\/\/laboklin.de\/de-ch\/wp-json\/wp\/v2\/comments?post=1334931"}],"version-history":[{"count":1,"href":"https:\/\/laboklin.de\/de-ch\/wp-json\/wp\/v2\/pages\/1334931\/revisions"}],"predecessor-version":[{"id":1504362,"href":"https:\/\/laboklin.de\/de-ch\/wp-json\/wp\/v2\/pages\/1334931\/revisions\/1504362"}],"up":[{"embeddable":true,"href":"https:\/\/laboklin.de\/de-ch\/wp-json\/wp\/v2\/pages\/1332897"}],"wp:attachment":[{"href":"https:\/\/laboklin.de\/de-ch\/wp-json\/wp\/v2\/media?parent=1334931"}],"curies":[{"name":"wp","href":"https:\/\/api.w.org\/{rel}","templated":true}]}}