{"id":1334926,"date":"2020-10-16T11:36:27","date_gmt":"2020-10-16T09:36:27","guid":{"rendered":"https:\/\/laboklin.de\/leistungen\/haematologie-klin-chemie-endokrinologie\/klinisch-chemische-parameter\/enzyme\/lipase-dggr\/"},"modified":"2025-01-28T12:46:08","modified_gmt":"2025-01-28T11:46:08","slug":"lipase-dggr","status":"publish","type":"page","link":"https:\/\/laboklin.de\/de-ch\/leistungen\/haematologie-klin-chemie-endokrinologie\/klinisch-chemische-parameter\/enzyme\/lipase-dggr\/","title":{"rendered":"Lipase (DGGR)"},"content":{"rendered":"<h3 class=\"csc-firstHeader\">Lipase - DGGR <\/h3><p><span>LABOKLIN Leistungs-ID: 12<\/span><\/p><p class=\"bodytext\"><br><\/p><table class=\"tx-laboklinleistung-table contenttable contenttable-2\" style=\"margin-top: 35px;\"><tr><td class=\"td-0\"><strong>Material<\/strong><\/td><td class=\"td-1\"><p class=\"bodytext\">Serum (oder EDTA-Plasma oder Heparin-Plasma) 0,5 ml<\/p><\/td><\/tr><tr><td class=\"td-0\"><strong>Methode<\/strong><\/td><td class=\"td-1\"><p class=\"bodytext\">Photometrie (unter Verwendung von DGGR-Reagenz)<\/p><\/td><\/tr><tr><td class=\"td-0\"><strong>Dauer<\/strong><\/td><td class=\"td-1\"><p class=\"bodytext\">Befund\u00fcbermittlung am Tag des Probeneingangs (Mo.-Sa.)<\/p><\/td><\/tr><tr><td class=\"td-0\"><strong>Anmerkung<\/strong><\/td><td class=\"td-1\"><p class=\"bodytext\"><ul><li>Die Messung erfasst haupts\u00e4chlich die Aktivit\u00e4t der pankreatischen Lipase, aber auch von Lipase aus anderen Geweben (Magen, D\u00fcnndarm). Eine 3-fache Erh\u00f6hung des Wertes spricht f\u00fcr eine akute Pankreatitis. <\/li><li>Zur Verifizierung einer Pankreatitis sollte die spezifische Pankreaslipase (PLI) bestimmt werden. <\/li><li><strong>Pferd:<\/strong> Pankreatitiden k\u00f6nnen im Zusammenhang mit Koliken oder anderen gastrointestinalen Erkrankungen auftreten. Erh\u00f6hte Lipasewerte findet man auch bei Pferden im Hochleistungstraining.<\/li><\/ul><\/p><\/td><\/tr><\/table>\n","protected":false},"excerpt":{"rendered":"<p>Lipase &#8211; DGGR LABOKLIN Leistungs-ID: 12MaterialSerum (oder EDTA-Plasma oder Heparin-Plasma) 0,5 mlMethodePhotometrie (unter Verwendung von DGGR-Reagenz)DauerBefund\u00fcbermittlung am Tag des Probeneingangs (Mo.-Sa.)AnmerkungDie Messung erfasst haupts\u00e4chlich die Aktivit\u00e4t der pankreatischen Lipase, aber auch von Lipase aus anderen Geweben (Magen, D\u00fcnndarm). Eine 3-fache Erh\u00f6hung des Wertes spricht f\u00fcr eine akute Pankreatitis. Zur Verifizierung einer Pankreatitis sollte die spezifische&hellip;<\/p>\n","protected":false},"author":1,"featured_media":0,"parent":1332893,"menu_order":6,"comment_status":"closed","ping_status":"closed","template":"","meta":{"_seopress_robots_primary_cat":"","_seopress_titles_title":"","_seopress_titles_desc":"","_seopress_robots_index":"","footnotes":""},"class_list":["post-1334926","page","type-page","status-publish","hentry","description-off"],"_links":{"self":[{"href":"https:\/\/laboklin.de\/de-ch\/wp-json\/wp\/v2\/pages\/1334926","targetHints":{"allow":["GET"]}}],"collection":[{"href":"https:\/\/laboklin.de\/de-ch\/wp-json\/wp\/v2\/pages"}],"about":[{"href":"https:\/\/laboklin.de\/de-ch\/wp-json\/wp\/v2\/types\/page"}],"author":[{"embeddable":true,"href":"https:\/\/laboklin.de\/de-ch\/wp-json\/wp\/v2\/users\/1"}],"replies":[{"embeddable":true,"href":"https:\/\/laboklin.de\/de-ch\/wp-json\/wp\/v2\/comments?post=1334926"}],"version-history":[{"count":1,"href":"https:\/\/laboklin.de\/de-ch\/wp-json\/wp\/v2\/pages\/1334926\/revisions"}],"predecessor-version":[{"id":1504284,"href":"https:\/\/laboklin.de\/de-ch\/wp-json\/wp\/v2\/pages\/1334926\/revisions\/1504284"}],"up":[{"embeddable":true,"href":"https:\/\/laboklin.de\/de-ch\/wp-json\/wp\/v2\/pages\/1332893"}],"wp:attachment":[{"href":"https:\/\/laboklin.de\/de-ch\/wp-json\/wp\/v2\/media?parent=1334926"}],"curies":[{"name":"wp","href":"https:\/\/api.w.org\/{rel}","templated":true}]}}