{"id":1334905,"date":"2021-11-12T07:34:24","date_gmt":"2021-11-12T06:34:24","guid":{"rendered":"https:\/\/laboklin.de\/leistungen\/genetik\/genetikpakete\/pferd\/paket-warmblut\/"},"modified":"2021-11-12T07:34:24","modified_gmt":"2021-11-12T06:34:24","slug":"paket-warmblut","status":"publish","type":"page","link":"https:\/\/laboklin.de\/de-ch\/leistungen\/genetik\/genetikpakete\/pferd\/paket-warmblut\/","title":{"rendered":"Paket Warmblut"},"content":{"rendered":"<h3 class=\"csc-firstHeader\">Paket Warmblut <\/h3><p><span>LABOKLIN Leistungs-ID: 8253<\/span><\/p><p class=\"bodytext\">Das Paket enth\u00e4lt die folgenden Tests:<br \/>\nPSSM (Polysaccharid-Speicher-Myopathie) und WFFS (Warmblood Fragile Foal Syndrome)<\/p><table class=\"tx-laboklinleistung-table contenttable contenttable-2\" style=\"margin-top: 35px;\"><tr><td class=\"td-0\"><strong>Methode<\/strong><\/td><td class=\"td-1\"><p class=\"bodytext\">TaqMan SNP-Assay<\/p><\/td><\/tr><tr><td class=\"td-0\"><strong>Rasse<\/strong><\/td><td class=\"td-1\"><p class=\"bodytext\">Bayerisches Warmblut, Belgisches Warmblut, Brandenburger Warmblut, Deutsches Reitpony, Deutsches Sportpferd, D\u00e4nisches Warmblut, Freiberger, Hannoveraner, Hessisches Warmblut, Holsteiner, Irisches Sportpferd, KWPN, Lettisches Warmblut, Mecklenburger Warmblut, Oldenburger, Rheinisches Warmblut, Schwedisches Warmblut, Schweizer Warmblut, Selle Francais, S\u00e4chsisches Warmblut, Trakehner, Tschechisches Warmblut, Westfale, Wielkopolski, W\u00fcrttemberger, Zweibr\u00fccker, \u00d6sterreichisches Warmblut<\/p><\/td><\/tr><tr><td class=\"td-0\"><strong>Erbgang<\/strong><\/td><td class=\"td-1\"><p class=\"bodytext\">Weitere Informationen finden Sie in der Beschreibung der jeweiligen Erbkrankheit.<\/p><\/td><\/tr><tr><td class=\"td-0\"><strong>Dauer<\/strong><\/td><td class=\"td-1\"><p class=\"bodytext\">3 - 5 Arbeitstage nach Erhalt der Probe<\/p><\/td><\/tr><\/table>\n","protected":false},"excerpt":{"rendered":"<p>Paket Warmblut LABOKLIN Leistungs-ID: 8253Das Paket enth\u00e4lt die folgenden Tests: PSSM (Polysaccharid-Speicher-Myopathie) und WFFS (Warmblood Fragile Foal Syndrome)MethodeTaqMan SNP-AssayRasseBayerisches Warmblut, Belgisches Warmblut, Brandenburger Warmblut, Deutsches Reitpony, Deutsches Sportpferd, D\u00e4nisches Warmblut, Freiberger, Hannoveraner, Hessisches Warmblut, Holsteiner, Irisches Sportpferd, KWPN, Lettisches Warmblut, Mecklenburger Warmblut, Oldenburger, Rheinisches Warmblut, Schwedisches Warmblut, Schweizer Warmblut, Selle Francais, S\u00e4chsisches Warmblut, Trakehner, Tschechisches&hellip;<\/p>\n","protected":false},"author":1,"featured_media":0,"parent":1332730,"menu_order":6,"comment_status":"closed","ping_status":"closed","template":"","meta":{"_seopress_robots_primary_cat":"","_seopress_titles_title":"","_seopress_titles_desc":"","_seopress_robots_index":"","footnotes":""},"class_list":["post-1334905","page","type-page","status-publish","hentry","description-off"],"_links":{"self":[{"href":"https:\/\/laboklin.de\/de-ch\/wp-json\/wp\/v2\/pages\/1334905","targetHints":{"allow":["GET"]}}],"collection":[{"href":"https:\/\/laboklin.de\/de-ch\/wp-json\/wp\/v2\/pages"}],"about":[{"href":"https:\/\/laboklin.de\/de-ch\/wp-json\/wp\/v2\/types\/page"}],"author":[{"embeddable":true,"href":"https:\/\/laboklin.de\/de-ch\/wp-json\/wp\/v2\/users\/1"}],"replies":[{"embeddable":true,"href":"https:\/\/laboklin.de\/de-ch\/wp-json\/wp\/v2\/comments?post=1334905"}],"version-history":[{"count":0,"href":"https:\/\/laboklin.de\/de-ch\/wp-json\/wp\/v2\/pages\/1334905\/revisions"}],"up":[{"embeddable":true,"href":"https:\/\/laboklin.de\/de-ch\/wp-json\/wp\/v2\/pages\/1332730"}],"wp:attachment":[{"href":"https:\/\/laboklin.de\/de-ch\/wp-json\/wp\/v2\/media?parent=1334905"}],"curies":[{"name":"wp","href":"https:\/\/api.w.org\/{rel}","templated":true}]}}