{"id":1334847,"date":"2020-10-16T11:36:27","date_gmt":"2020-10-16T09:36:27","guid":{"rendered":"https:\/\/laboklin.de\/leistungen\/genetik\/erbkrankheiten\/katze\/hypotrichose-und-kurzlebigkeit\/"},"modified":"2025-02-25T12:19:39","modified_gmt":"2025-02-25T11:19:39","slug":"hypotrichose-und-kurzlebigkeit","status":"publish","type":"page","link":"https:\/\/laboklin.de\/de-ch\/leistungen\/genetik\/erbkrankheiten\/katze\/hypotrichose-und-kurzlebigkeit\/","title":{"rendered":"Hypotrichose und Kurzlebigkeit"},"content":{"rendered":"<h3 class=\"csc-firstHeader\">Hypotrichose und Kurzlebigkeit<\/h3><p><span>LABOKLIN Leistungs-ID: 8318<\/span><\/p><p class=\"bodytext\">Hypotrichose ist eine Erbkrankheit der Heiligen Birma, die durch die Mutation des FOXN-1 Gens verursacht wird. Betroffene Neugeborene besitzen ein d\u00fcnnes flaumiges Fell, das sie schon innerhalb einer Woche nach der Geburt verlieren. Dieses w\u00e4chst bei wenigen Tieren innerhalb der ersten zwei Monate nach. Einige Kitten werden bereits g\u00e4nzlich kahl geboren. Weitere klinische Symptome umfassen fettige und verkrustete Haut im Gesichtsbereich, sowie Anomalien der Krallen, der Zunge und des Schnurrhaare. Die Erkrankung kann in einigen F\u00e4llen f\u00fcr Totgeburten und fr\u00fches Versterben der Kitten innerhalb der ersten Lebenswochen durch unzureichende Immunabwehr verantwortlich sein.<\/p><table class=\"tx-laboklinleistung-table contenttable contenttable-2\" style=\"margin-top: 35px;\"><tr><td class=\"td-0\"><strong>Methode<\/strong><\/td><td class=\"td-1\"><p class=\"bodytext\">Sequenzierung<\/p><\/td><\/tr><tr><td class=\"td-0\"><strong>Rasse<\/strong><\/td><td class=\"td-1\"><p class=\"bodytext\">Heilige Birma<\/p><\/td><\/tr><tr><td class=\"td-0\"><strong>Erbgang<\/strong><\/td><td class=\"td-1\"><p class=\"bodytext\">autosomal-rezessiv<\/p><\/td><\/tr><tr><td class=\"td-0\"><strong>Dauer<\/strong><\/td><td class=\"td-1\"><p class=\"bodytext\">1 - 2 Wochen nach Erhalt der Probe<\/p><\/td><\/tr><\/table>\n","protected":false},"excerpt":{"rendered":"<p>Hypotrichose und KurzlebigkeitLABOKLIN Leistungs-ID: 8318Hypotrichose ist eine Erbkrankheit der Heiligen Birma, die durch die Mutation des FOXN-1 Gens verursacht wird. Betroffene Neugeborene besitzen ein d\u00fcnnes flaumiges Fell, das sie schon innerhalb einer Woche nach der Geburt verlieren. Dieses w\u00e4chst bei wenigen Tieren innerhalb der ersten zwei Monate nach. Einige Kitten werden bereits g\u00e4nzlich kahl geboren.&hellip;<\/p>\n","protected":false},"author":1,"featured_media":0,"parent":1332704,"menu_order":5,"comment_status":"closed","ping_status":"closed","template":"","meta":{"_seopress_robots_primary_cat":"","_seopress_titles_title":"","_seopress_titles_desc":"","_seopress_robots_index":"","footnotes":""},"class_list":["post-1334847","page","type-page","status-publish","hentry","description-off"],"_links":{"self":[{"href":"https:\/\/laboklin.de\/de-ch\/wp-json\/wp\/v2\/pages\/1334847","targetHints":{"allow":["GET"]}}],"collection":[{"href":"https:\/\/laboklin.de\/de-ch\/wp-json\/wp\/v2\/pages"}],"about":[{"href":"https:\/\/laboklin.de\/de-ch\/wp-json\/wp\/v2\/types\/page"}],"author":[{"embeddable":true,"href":"https:\/\/laboklin.de\/de-ch\/wp-json\/wp\/v2\/users\/1"}],"replies":[{"embeddable":true,"href":"https:\/\/laboklin.de\/de-ch\/wp-json\/wp\/v2\/comments?post=1334847"}],"version-history":[{"count":1,"href":"https:\/\/laboklin.de\/de-ch\/wp-json\/wp\/v2\/pages\/1334847\/revisions"}],"predecessor-version":[{"id":1510682,"href":"https:\/\/laboklin.de\/de-ch\/wp-json\/wp\/v2\/pages\/1334847\/revisions\/1510682"}],"up":[{"embeddable":true,"href":"https:\/\/laboklin.de\/de-ch\/wp-json\/wp\/v2\/pages\/1332704"}],"wp:attachment":[{"href":"https:\/\/laboklin.de\/de-ch\/wp-json\/wp\/v2\/media?parent=1334847"}],"curies":[{"name":"wp","href":"https:\/\/api.w.org\/{rel}","templated":true}]}}