{"id":1334845,"date":"2020-10-16T11:36:27","date_gmt":"2020-10-16T09:36:27","guid":{"rendered":"https:\/\/laboklin.de\/leistungen\/pathologie\/zytologie\/liquor-zytologie-klinische-chemie\/"},"modified":"2025-02-05T11:05:58","modified_gmt":"2025-02-05T10:05:58","slug":"liquor-zytologie-klinische-chemie","status":"publish","type":"page","link":"https:\/\/laboklin.de\/de-ch\/leistungen\/pathologie\/zytologie\/liquor-zytologie-klinische-chemie\/","title":{"rendered":"Liquor &#8211; Zytologie + klinische Chemie"},"content":{"rendered":"<h3 class=\"csc-firstHeader\">Liquor - Zytologie + klinische Chemie<\/h3><p><span>LABOKLIN Leistungs-ID: 206<\/span><\/p><table class=\"tx-laboklinleistung-table contenttable contenttable-2\" style=\"margin-top: 35px;\"><tr><td class=\"td-0\"><strong>Material<\/strong><\/td><td class=\"td-1\"><p class=\"bodytext\">Liquor (0,7 ml) (+ wenn m\u00f6glich Zytozentrifugat)<\/p><\/td><\/tr><tr><td class=\"td-0\"><strong>Parameter<\/strong><\/td><td class=\"td-1\"><p class=\"bodytext\">Zytologie, Protein, Zellzahl<\/p><\/td><\/tr><tr><td class=\"td-0\"><strong>Methode<\/strong><\/td><td class=\"td-1\"><p class=\"bodytext\">Zytologie, Photometrie, Durchflusszytometrie<\/p><\/td><\/tr><tr><td class=\"td-0\"><strong>Dauer<\/strong><\/td><td class=\"td-1\"><p class=\"bodytext\">2\u20134 Arbeitstage<\/p><\/td><\/tr><tr><td class=\"td-0\"><strong>Anmerkung<\/strong><\/td><td class=\"td-1\"><p class=\"bodytext\">Punktat f\u00fcr die klinisch-chemischen Untersuchungen bitte in neutralen R\u00f6hrchen nativ (auch f\u00fcr Bakteriologie geeignet) und zus\u00e4tzlich in einem EDTA-R\u00f6hrchen (bessere Zellmorphologie) schicken.<\/p><\/td><\/tr><\/table>\n","protected":false},"excerpt":{"rendered":"<p>Liquor &#8211; Zytologie + klinische ChemieLABOKLIN Leistungs-ID: 206MaterialLiquor (0,7 ml) (+ wenn m\u00f6glich Zytozentrifugat)ParameterZytologie, Protein, ZellzahlMethodeZytologie, Photometrie, DurchflusszytometrieDauer2\u20134 ArbeitstageAnmerkungPunktat f\u00fcr die klinisch-chemischen Untersuchungen bitte in neutralen R\u00f6hrchen nativ (auch f\u00fcr Bakteriologie geeignet) und zus\u00e4tzlich in einem EDTA-R\u00f6hrchen (bessere Zellmorphologie) schicken.<\/p>\n","protected":false},"author":1,"featured_media":0,"parent":1332798,"menu_order":5,"comment_status":"closed","ping_status":"closed","template":"","meta":{"_seopress_robots_primary_cat":"","_seopress_titles_title":"","_seopress_titles_desc":"","_seopress_robots_index":"","footnotes":""},"class_list":["post-1334845","page","type-page","status-publish","hentry","description-off"],"_links":{"self":[{"href":"https:\/\/laboklin.de\/de-ch\/wp-json\/wp\/v2\/pages\/1334845","targetHints":{"allow":["GET"]}}],"collection":[{"href":"https:\/\/laboklin.de\/de-ch\/wp-json\/wp\/v2\/pages"}],"about":[{"href":"https:\/\/laboklin.de\/de-ch\/wp-json\/wp\/v2\/types\/page"}],"author":[{"embeddable":true,"href":"https:\/\/laboklin.de\/de-ch\/wp-json\/wp\/v2\/users\/1"}],"replies":[{"embeddable":true,"href":"https:\/\/laboklin.de\/de-ch\/wp-json\/wp\/v2\/comments?post=1334845"}],"version-history":[{"count":1,"href":"https:\/\/laboklin.de\/de-ch\/wp-json\/wp\/v2\/pages\/1334845\/revisions"}],"predecessor-version":[{"id":1506877,"href":"https:\/\/laboklin.de\/de-ch\/wp-json\/wp\/v2\/pages\/1334845\/revisions\/1506877"}],"up":[{"embeddable":true,"href":"https:\/\/laboklin.de\/de-ch\/wp-json\/wp\/v2\/pages\/1332798"}],"wp:attachment":[{"href":"https:\/\/laboklin.de\/de-ch\/wp-json\/wp\/v2\/media?parent=1334845"}],"curies":[{"name":"wp","href":"https:\/\/api.w.org\/{rel}","templated":true}]}}