{"id":1334777,"date":"2021-01-05T12:09:22","date_gmt":"2021-01-05T11:09:22","guid":{"rendered":"https:\/\/laboklin.de\/start-karriere-bei-laboklin\/unser-angebot-fuer-quereinsteiger\/"},"modified":"2023-01-31T17:29:47","modified_gmt":"2023-01-31T16:29:47","slug":"unser-angebot-fuer-quereinsteiger","status":"publish","type":"page","link":"https:\/\/laboklin.de\/de-ch\/start-karriere-bei-laboklin\/unser-angebot-fuer-quereinsteiger\/","title":{"rendered":"Unser Angebot f\u00fcr Quereinsteiger"},"content":{"rendered":"<div class=\"wpb-content-wrapper\"><p>[vc_row][vc_column][vc_column_text]<\/p>\n<h3>Unser Angebot f\u00fcr Quereinsteiger<\/h3>\n<p>Auch ohne Erfahrung im Labor sind Sie bei uns herzlich willkommen! Durch unsere intensive Einarbeitung geben wir Ihnen die Chance, sich in unsere spannenden T\u00e4tigkeitsfelder einzubringen und sich so zu einem wertvollen Leistungstr\u00e4ger zu entwickeln.<\/p>\n<p>Informieren Sie sich hier \u00fcber unsere aktuellen <a href=\"https:\/\/laboklin.de\/de-ch\/start-karriere-bei-laboklin\/offene-stellen-laboklin\/\"><strong>Stellenangebote<\/strong><\/a> oder lassen Sie uns Ihre Initiativbewerbung mit m\u00f6glicher Aufnahme in den Talentpool zukommen.[\/vc_column_text][\/vc_column][\/vc_row]<\/p>\n<\/div>","protected":false},"excerpt":{"rendered":"<p>[vc_row][vc_column][vc_column_text] Unser Angebot f\u00fcr Quereinsteiger Auch ohne Erfahrung im Labor sind Sie bei uns herzlich willkommen! Durch unsere intensive Einarbeitung geben wir Ihnen die Chance, sich in unsere spannenden T\u00e4tigkeitsfelder einzubringen und sich so zu einem wertvollen Leistungstr\u00e4ger zu entwickeln. Informieren Sie sich hier \u00fcber unsere aktuellen Stellenangebote oder lassen Sie uns Ihre Initiativbewerbung mit&hellip;<\/p>\n","protected":false},"author":1,"featured_media":0,"parent":1332642,"menu_order":5,"comment_status":"closed","ping_status":"closed","template":"","meta":{"_seopress_robots_primary_cat":"","_seopress_titles_title":"","_seopress_titles_desc":"","_seopress_robots_index":"","footnotes":""},"class_list":["post-1334777","page","type-page","status-publish","hentry","description-off"],"_links":{"self":[{"href":"https:\/\/laboklin.de\/de-ch\/wp-json\/wp\/v2\/pages\/1334777","targetHints":{"allow":["GET"]}}],"collection":[{"href":"https:\/\/laboklin.de\/de-ch\/wp-json\/wp\/v2\/pages"}],"about":[{"href":"https:\/\/laboklin.de\/de-ch\/wp-json\/wp\/v2\/types\/page"}],"author":[{"embeddable":true,"href":"https:\/\/laboklin.de\/de-ch\/wp-json\/wp\/v2\/users\/1"}],"replies":[{"embeddable":true,"href":"https:\/\/laboklin.de\/de-ch\/wp-json\/wp\/v2\/comments?post=1334777"}],"version-history":[{"count":1,"href":"https:\/\/laboklin.de\/de-ch\/wp-json\/wp\/v2\/pages\/1334777\/revisions"}],"predecessor-version":[{"id":1334778,"href":"https:\/\/laboklin.de\/de-ch\/wp-json\/wp\/v2\/pages\/1334777\/revisions\/1334778"}],"up":[{"embeddable":true,"href":"https:\/\/laboklin.de\/de-ch\/wp-json\/wp\/v2\/pages\/1332642"}],"wp:attachment":[{"href":"https:\/\/laboklin.de\/de-ch\/wp-json\/wp\/v2\/media?parent=1334777"}],"curies":[{"name":"wp","href":"https:\/\/api.w.org\/{rel}","templated":true}]}}