{"id":1334775,"date":"2024-01-13T10:57:02","date_gmt":"2024-01-13T09:57:02","guid":{"rendered":"https:\/\/laboklin.de\/fachinformationen\/info-broschueren\/"},"modified":"2025-12-17T13:00:53","modified_gmt":"2025-12-17T12:00:53","slug":"info-broschueren","status":"publish","type":"page","link":"https:\/\/laboklin.de\/de-ch\/fachinformationen\/info-broschueren\/","title":{"rendered":"Info-Brosch\u00fcren"},"content":{"rendered":"<div class=\"wpb-content-wrapper\"><p>[vc_row type=&#187;vc_default&#187; el_id=&#187;1&#8243;][vc_column][vc_column_text]<\/p>\n<div id=\"c1864\" class=\"csc-default\">\n<h1 class=\"csc-firstHeader\">Brosch\u00fcren<\/h1>\n<p class=\"bodytext\">Hier finden Sie zur Ansicht unsere Info-Brosch\u00fcren.<\/p>\n<\/div>\n<div id=\"c3483\" class=\"csc-default\">\n<p class=\"bodytext\">Bestellen k\u00f6nnen Sie diese ganz bequem \u00fcber unser<a href=\"https:\/\/app.laboklin.com\/login\" target=\"_blank\" rel=\"noopener\"><strong> Bestellformular (Mein Labor Bereich).<\/strong><\/a><\/p>\n<p class=\"bodytext\"><div class=\"gap\" style=\"line-height: 20px; height: 20px;\"><\/div>\n<div class=\"hr-thin\"><\/div>\n<\/div>\n<p>[\/vc_column_text][\/vc_column][\/vc_row][vc_row][vc_column width=&#187;1\/3&#8243;][vc_column_text css=&#187;&#187;]<\/p>\n<h4>IHR PARTNER F\u00dcR<br \/>\n<strong>FORTBILDUNGEN 2026<\/strong><\/h4>\n<p>[\/vc_column_text][\/vc_column][vc_column width=&#187;2\/3&#8243; css=&#187;.vc_custom_1610532008900{background-color: #ffffff !important;}&#187;][vc_column_text css=&#187;.vc_custom_1765972851053{background-color: #ffffff !important;}&#187;]\n<!-- ipages begin -->\n<div class=\"ipgs-flipbook ipgs-38\" data-json-src=\"https:\/\/laboklin.de\/wp-content\/uploads\/ipages_flipbook\/38\/config.json?ver=1765787156\"  data-item-id=\"38\" style=\"display:none;background-color:#ffffff;\">\n<\/div>\n<!-- ipages end -->\n[\/vc_column_text][\/vc_column][\/vc_row][vc_row][vc_column css=&#187;.vc_custom_1610542180101{margin-top: 10px !important;}&#187;]<div class=\"hr-thin style-line hr-left\" style=\"width: 100%;border-color: #e51e1e;border-top-width: 1px;\"><\/div>[\/vc_column][\/vc_row][vc_row][vc_column width=&#187;1\/3&#8243;][vc_column_text]<\/p>\n<h3>Darmmikrobiota und Dysbiose<\/h3>\n<p>Der Hauptkolonisationsort von Bakterien ist der Gastrointestinaltrakt. Ausgehend von eher keimarmen Bereichen wie Magen und Zw\u00f6lffingerdarm nimmt die Anzahl der Bakterien von D\u00fcnndarm bis zum Kolon stark zu (10<sup>11<\/sup> \u2013 10<sup>12<\/sup> Bakterien\/Gramm Kot).[\/vc_column_text][\/vc_column][vc_column width=&#187;2\/3&#8243; css=&#187;.vc_custom_1610532008900{background-color: #ffffff !important;}&#187;][vc_column_text css=&#187;.vc_custom_1691733930646{background-color: #ffffff !important;}&#187;]\n<!-- ipages begin -->\n<div class=\"ipgs-flipbook ipgs-20\" data-json-src=\"https:\/\/laboklin.de\/wp-content\/uploads\/ipages_flipbook\/20\/config.json?ver=1748938852\"  data-item-id=\"20\" style=\"display:none;background-color:#ffffff;\">\n<\/div>\n<!-- ipages end -->\n[\/vc_column_text][\/vc_column][\/vc_row][vc_row][vc_column css=&#187;.vc_custom_1610542180101{margin-top: 10px !important;}&#187;]<div class=\"hr-thin style-line hr-left\" style=\"width: 100%;border-color: #e51e1e;border-top-width: 1px;\"><\/div>[\/vc_column][\/vc_row][vc_row][vc_column width=&#187;1\/3&#8243;][vc_column_text]<\/p>\n<h3>Pathologie<\/h3>\n<p>Die Histopathologie befasst sich mit der mikroskopischen Untersuchung von Gewebever\u00e4nderungen mit dem Ziel einer m\u00f6glichst umfassenden diagnostischen Aussage.[\/vc_column_text][\/vc_column][vc_column width=&#187;2\/3&#8243; css=&#187;.vc_custom_1610532008900{background-color: #ffffff !important;}&#187;][vc_column_text css=&#187;.vc_custom_1677660712708{background-color: #ffffff !important;}&#187;]\n<!-- ipages begin -->\n<div class=\"ipgs-flipbook ipgs-16\" data-json-src=\"https:\/\/laboklin.de\/wp-content\/uploads\/ipages_flipbook\/16\/config.json?ver=1688394629\"  data-item-id=\"16\" style=\"display:none;background-color:#ffffff;\">\n<\/div>\n<!-- ipages end -->\n[\/vc_column_text][\/vc_column][\/vc_row][vc_row][vc_column css=&#187;.vc_custom_1610542180101{margin-top: 10px !important;}&#187;]<div class=\"hr-thin style-line hr-left\" style=\"width: 100%;border-color: #e51e1e;border-top-width: 1px;\"><\/div>[\/vc_column][\/vc_row][vc_row anchor=&#187;Heamatologie&#187;][vc_column width=&#187;1\/3&#8243;][vc_column_text]<\/p>\n<h3>H\u00e4matologie<\/h3>\n<p>Die H\u00e4matologie ist ein sehr umfangreiches Gebiet. Dieser Leitfaden liefert einen \u00dcberblick \u00fcber s\u00e4mtliche Testverfahren, vom gro\u00dfen Blutbild bis hin zur Blutgruppenbestimmung. Gleichzeitig finden sich darin aber auch wertvolle Hintergrundinformationen, z.B. eine bebilderte Anleitung zur Anfertigung eines Blutausstriches oder Hinweise zur diagnostischen Aufarbeitung von An\u00e4mien oder Leukozytosen; veranschaulicht durch viele Bilder und Flowcharts.[\/vc_column_text][\/vc_column][vc_column width=&#187;2\/3&#8243; css=&#187;.vc_custom_1610532008900{background-color: #ffffff !important;}&#187;][vc_column_text css=&#187;.vc_custom_1610532019084{background-color: #ffffff !important;}&#187;]\n<!-- ipages begin -->\n<div class=\"ipgs-flipbook ipgs-3\" data-json-src=\"https:\/\/laboklin.de\/wp-content\/uploads\/ipages_flipbook\/3\/config.json?ver=1708353393\"  data-item-id=\"3\" style=\"display:none;background-color:#ffffff;\">\n<\/div>\n<!-- ipages end -->\n[\/vc_column_text][\/vc_column][\/vc_row][vc_row][vc_column css=&#187;.vc_custom_1610542180101{margin-top: 10px !important;}&#187;]<div class=\"hr-thin style-line hr-left\" style=\"width: 100%;border-color: #e51e1e;border-top-width: 1px;\"><\/div>[\/vc_column][\/vc_row][vc_row][vc_column width=&#187;1\/3&#8243;][vc_column_text]<\/p>\n<h3>Labordiagnostik bei Kleins\u00e4ugern<\/h3>\n<p>Dieser Leitfaden stellt Besonderheiten der Labordiagnostik bei Kaninchen, Meerschweinchen, Chinchilla, Degu, Hamster und Frettchen dar. Hier finden Sie Informationen zu Pr\u00e4analytik, H\u00e4matologie, Blutchemie, Harn- und Kotuntersuchungen ebenso wie zur Erregerdiagnostik, der Diagnostik endokrinologischer Krankheiten und zur zyto- und histologischen Untersuchung.[\/vc_column_text][\/vc_column][vc_column width=&#187;2\/3&#8243; css=&#187;.vc_custom_1610532008900{background-color: #ffffff !important;}&#187;][vc_column_text css=&#187;.vc_custom_1610536680319{background-color: #ffffff !important;}&#187;]\n<!-- ipages begin -->\n<div class=\"ipgs-flipbook ipgs-5\" data-json-src=\"https:\/\/laboklin.de\/wp-content\/uploads\/ipages_flipbook\/5\/config.json?ver=1749103110\"  data-item-id=\"5\" style=\"display:none;background-color:#ffffff;\">\n<\/div>\n<!-- ipages end -->\n[\/vc_column_text][\/vc_column][\/vc_row][vc_row][vc_column css=&#187;.vc_custom_1610542232452{margin-top: 10px !important;}&#187;]<div class=\"hr-thin style-line hr-left\" style=\"width: 100%;border-color: #e51e1e;border-top-width: 1px;\"><\/div>[\/vc_column][\/vc_row][vc_row][vc_column width=&#187;1\/3&#8243;][vc_column_text]<\/p>\n<h3>Verdauungsst\u00f6rungen bei Hund und Katze &#8211; labordiagnostische Aufarbeitung<\/h3>\n<p>Verdauungsst\u00f6rungen sind ein h\u00e4ufiger Grund f\u00fcr die Vorstellung in der Praxis. Dieser Leitfaden liefert einen \u00dcberblick \u00fcber die verf\u00fcgbaren Untersuchungsm\u00f6glichkeiten, die eine zielgerichtete diagnostische Aufarbeitung erm\u00f6glichen. Das Merkblatt \u201eProbenentnahme Durchfall\u201c zeigt in \u00fcbersichtlicher Tabellenform alle Informationen zu Probenart, Probenmenge und Indikationen f\u00fcr die einzelnen Tests.[\/vc_column_text][\/vc_column][vc_column width=&#187;2\/3&#8243; css=&#187;.vc_custom_1610532008900{background-color: #ffffff !important;}&#187;][vc_column_text css=&#187;.vc_custom_1728295415373{background-color: #ffffff !important;}&#187;]\n<!-- ipages begin -->\n<div class=\"ipgs-flipbook ipgs-26\" data-json-src=\"https:\/\/laboklin.de\/wp-content\/uploads\/ipages_flipbook\/26\/config.json?ver=1727182862\"  data-item-id=\"26\" style=\"display:none;background-color:#ffffff;\">\n<\/div>\n<!-- ipages end -->\n[\/vc_column_text][\/vc_column][\/vc_row][vc_row][vc_column css=&#187;.vc_custom_1610542245413{margin-top: 10px !important;}&#187;]<div class=\"hr-thin style-line hr-left\" style=\"width: 100%;border-color: #e51e1e;border-top-width: 1px;\"><\/div>[\/vc_column][\/vc_row][vc_row][vc_column width=&#187;1\/3&#8243;][vc_column_text]<\/p>\n<h3>Laboruntersuchungen bei Verdacht auf Infektionskrankheiten<\/h3>\n<p>Dieser Leitfaden stellt bei den wichtigsten Infektionskrankheiten von Hund und Katze die jeweiligen Nachweismethoden gegen\u00fcber. Sie erhalten Informationen zur Bewertung der Methoden und zum geeigneten Probenmaterial.[\/vc_column_text][\/vc_column][vc_column width=&#187;2\/3&#8243; css=&#187;.vc_custom_1610532008900{background-color: #ffffff !important;}&#187;][vc_column_text css=&#187;.vc_custom_1610540360789{background-color: #ffffff !important;}&#187;]\n<!-- ipages begin -->\n<div class=\"ipgs-flipbook ipgs-7\" data-json-src=\"https:\/\/laboklin.de\/wp-content\/uploads\/ipages_flipbook\/7\/config.json?ver=1753170618\"  data-item-id=\"7\" style=\"display:none;background-color:rgba(0,0,0,0);\">\n<\/div>\n<!-- ipages end -->\n[\/vc_column_text][\/vc_column][\/vc_row][vc_row type=&#187;vc_default&#187; disable_element=&#187;yes&#187;][vc_column css=&#187;.vc_custom_1610542252927{margin-top: 10px !important;}&#187;]<div class=\"hr-thin style-line hr-left\" style=\"width: 100%;border-color: #e51e1e;border-top-width: 1px;\"><\/div>[\/vc_column][\/vc_row][vc_row type=&#187;vc_default&#187; disable_element=&#187;yes&#187; el_id=&#187;6&#8243;][vc_column width=&#187;1\/3&#8243;][vc_column_text]<\/p>\n<h3>Labordiagnostik bei Erkrankungen des exokrinen Pankreas<\/h3>\n<p>Diese Brosch\u00fcre widmet sich der Pankreatitis, der exokrinen Pankreasinsuffizienz und Tumoren des Pankreas bei Hund und Katze. Erfahren Sie insbesondere, welche Laboruntersuchungen Ihnen bei der Diagnostik der exokrinen Pankreasinsuffizienz und der Pankreatitis zur Verf\u00fcgung stehen und sich ggf. auch f\u00fcr die Verlaufskontrolle eignen.[\/vc_column_text][\/vc_column][vc_column width=&#187;2\/3&#8243; css=&#187;.vc_custom_1610532008900{background-color: #ffffff !important;}&#187;][vc_column_text css=&#187;.vc_custom_1610542019745{background-color: #ffffff !important;}&#187;]<p>Error: the ipages flipbook item can\u2019t be found<\/p>[\/vc_column_text][\/vc_column][\/vc_row][vc_row anchor=&#187;derma&#187;][vc_column css=&#187;.vc_custom_1610542252927{margin-top: 10px !important;}&#187;]<div class=\"hr-thin style-line hr-left\" style=\"width: 100%;border-color: #e51e1e;border-top-width: 1px;\"><\/div>[\/vc_column][\/vc_row][vc_row el_id=&#187;7&#8243; anchor=&#187;7&#8243;][vc_column width=&#187;1\/3&#8243;][vc_column_text css=&#187;.vc_custom_1612351266478{margin-right: 0px !important;}&#187;]<\/p>\n<h3>Laboruntersuchungen bei dermatologischen<br \/>\nProblemen<\/h3>\n<p>Der erste Teil dieser Brosch\u00fcre informiert \u00fcber dermatologische Untersuchungstechniken mit wertvollen Hinweisen insbesondere zur Probenahme. Der zweiten Teil widmet sich der Diagnostik und Therapie von Allergien bei Hund, Katze und Pferd. Die Differentialdiagnosen zur Allergie schlie\u00dfen dermatologisch relevante Erbkrankheiten ein.[\/vc_column_text][\/vc_column][vc_column width=&#187;2\/3&#8243; css=&#187;.vc_custom_1610532008900{background-color: #ffffff !important;}&#187;][vc_column_text css=&#187;.vc_custom_1610542478418{background-color: #ffffff !important;}&#187;]\n<!-- ipages begin -->\n<div class=\"ipgs-flipbook ipgs-9\" data-json-src=\"https:\/\/laboklin.de\/wp-content\/uploads\/ipages_flipbook\/9\/config.json?ver=1681287323\"  data-item-id=\"9\" style=\"display:none;background-color:rgba(0,0,0,0);\">\n<\/div>\n<!-- ipages end -->\n[\/vc_column_text][\/vc_column][\/vc_row][vc_row][vc_column css=&#187;.vc_custom_1610542252927{margin-top: 10px !important;}&#187;]<div class=\"hr-thin style-line hr-left\" style=\"width: 100%;border-color: #e51e1e;border-top-width: 1px;\"><\/div>[\/vc_column][\/vc_row][vc_row type=&#187;vc_default&#187; anchor=&#187;reptilien&#187; el_id=&#187;8&#8243;][vc_column width=&#187;1\/3&#8243;][vc_column_text]<\/p>\n<h3>Laboruntersuchungen bei Reptilien<\/h3>\n<p>In kompakter Form und mit vielen Tabellen bietet Ihnen diese Brosch\u00fcre umfangreiche Informationen zu H\u00e4matologie, klinischer Chemie, Erregerdiagnostik und pathologischen Untersuchungen bei Schildkr\u00f6ten, Echsen und Schlangen. Der zweite Teil widmet sich den Laboruntersuchungen bei Erkrankungen wichtiger Organsysteme sowie bei Quarant\u00e4ne und vor der \u00dcberwinterung. [\/vc_column_text][\/vc_column][vc_column width=&#187;2\/3&#8243; css=&#187;.vc_custom_1610532008900{background-color: #ffffff !important;}&#187;][vc_column_text css=&#187;.vc_custom_1610551174186{background-color: #ffffff !important;}&#187;]\n<!-- ipages begin -->\n<div class=\"ipgs-flipbook ipgs-10\" data-json-src=\"https:\/\/laboklin.de\/wp-content\/uploads\/ipages_flipbook\/10\/config.json?ver=1681287550\"  data-item-id=\"10\" style=\"display:none;background-color:rgba(0,0,0,0);\">\n<\/div>\n<!-- ipages end -->\n[\/vc_column_text][\/vc_column][\/vc_row][vc_row][vc_column css=&#187;.vc_custom_1610542252927{margin-top: 10px !important;}&#187;]<div class=\"hr-thin style-line hr-left\" style=\"width: 100%;border-color: #e51e1e;border-top-width: 1px;\"><\/div>[\/vc_column][\/vc_row][vc_row][vc_column width=&#187;1\/3&#8243;][vc_column_text]<\/p>\n<h3>Labordiagnostik bei Erkrankungen des Auges f\u00fcr Tier\u00e4rzte<\/h3>\n<p>In dieser Brosch\u00fcre werden die labordiagnostischen Untersuchungsm\u00f6glichkeiten des Organs Auge beschrieben. Sie finden hier s\u00e4mtliche Tests f\u00fcr die Tierarten Hund, Katze, Pferd und Kaninchen, die bei der Diagnostik am Auge Hilfestellung geben k\u00f6nnen: von der Mikrobiologie \u00fcber PCR-Profile zu den erblich bedingten Erkrankungen des Auges.[\/vc_column_text][\/vc_column][vc_column width=&#187;2\/3&#8243; css=&#187;.vc_custom_1610532008900{background-color: #ffffff !important;}&#187;][vc_column_text css=&#187;.vc_custom_1610551534158{background-color: #ffffff !important;}&#187;]\n<!-- ipages begin -->\n<div class=\"ipgs-flipbook ipgs-11\" data-json-src=\"https:\/\/laboklin.de\/wp-content\/uploads\/ipages_flipbook\/11\/config.json?ver=1698143973\"  data-item-id=\"11\" style=\"display:none;background-color:#ffffff;\">\n<\/div>\n<!-- ipages end -->\n[\/vc_column_text][\/vc_column][\/vc_row][vc_row][vc_column css=&#187;.vc_custom_1610542252927{margin-top: 10px !important;}&#187;]<div class=\"hr-thin style-line hr-left\" style=\"width: 100%;border-color: #e51e1e;border-top-width: 1px;\"><\/div>[\/vc_column][\/vc_row][vc_row type=&#187;vc_default&#187; disable_element=&#187;yes&#187;][vc_column width=&#187;1\/3&#8243;][vc_column_text]<\/p>\n<h3>Infomaterial zu Pferdepatienten<\/h3>\n<p>In dieser Brosch\u00fcre haben wir f\u00fcr Sie \u201eLaboklin aktuell\u201c zu den Themen H\u00e4matologie, Entz\u00fcndung, Atemwegs- und Infektionskrankheiten, Fortpflanzung und Erbkrankheiten zusammengestellt und mit Leistungs\u00fcbersichten erg\u00e4nzt. [\/vc_column_text][\/vc_column][vc_column width=&#187;2\/3&#8243; css=&#187;.vc_custom_1610532008900{background-color: #ffffff !important;}&#187;][vc_column_text css=&#187;.vc_custom_1679403223985{background-color: #ffffff !important;}&#187;]\n<!-- ipages begin -->\n<div class=\"ipgs-flipbook ipgs-18\" data-json-src=\"https:\/\/laboklin.de\/wp-content\/uploads\/ipages_flipbook\/18\/config.json?ver=1679759046\"  data-item-id=\"18\" style=\"display:none;background-color:rgba(0,0,0,0);\">\n<\/div>\n<!-- ipages end -->\n[\/vc_column_text][\/vc_column][\/vc_row][vc_row type=&#187;vc_default&#187; disable_element=&#187;yes&#187;][vc_column css=&#187;.vc_custom_1610542252927{margin-top: 10px !important;}&#187;]<div class=\"hr-thin style-line hr-left\" style=\"width: 100%;border-color: #e51e1e;border-top-width: 1px;\"><\/div>[\/vc_column][\/vc_row]<\/p>\n<\/div>","protected":false},"excerpt":{"rendered":"<p>[vc_row type=&#187;vc_default&#187; el_id=&#187;1&#8243;][vc_column][vc_column_text] Brosch\u00fcren Hier finden Sie zur Ansicht unsere Info-Brosch\u00fcren. Bestellen k\u00f6nnen Sie diese ganz bequem \u00fcber unser Bestellformular (Mein Labor Bereich). [\/vc_column_text][\/vc_column][\/vc_row][vc_row][vc_column width=&#187;1\/3&#8243;][vc_column_text css=&#187;&#187;] IHR PARTNER F\u00dcR FORTBILDUNGEN 2026 [\/vc_column_text][\/vc_column][vc_column width=&#187;2\/3&#8243; css=&#187;.vc_custom_1610532008900{background-color: #ffffff !important;}&#187;][vc_column_text css=&#187;.vc_custom_1765972851053{background-color: #ffffff !important;}&#187;][\/vc_column_text][\/vc_column][\/vc_row][vc_row][vc_column css=&#187;.vc_custom_1610542180101{margin-top: 10px !important;}&#187;][\/vc_column][\/vc_row][vc_row][vc_column width=&#187;1\/3&#8243;][vc_column_text] Darmmikrobiota und Dysbiose Der Hauptkolonisationsort von Bakterien ist der Gastrointestinaltrakt. Ausgehend von&hellip;<\/p>\n","protected":false},"author":1,"featured_media":0,"parent":1332640,"menu_order":5,"comment_status":"closed","ping_status":"closed","template":"","meta":{"_seopress_robots_primary_cat":"","_seopress_titles_title":"","_seopress_titles_desc":"","_seopress_robots_index":"","footnotes":""},"class_list":["post-1334775","page","type-page","status-publish","hentry","description-off"],"_links":{"self":[{"href":"https:\/\/laboklin.de\/de-ch\/wp-json\/wp\/v2\/pages\/1334775","targetHints":{"allow":["GET"]}}],"collection":[{"href":"https:\/\/laboklin.de\/de-ch\/wp-json\/wp\/v2\/pages"}],"about":[{"href":"https:\/\/laboklin.de\/de-ch\/wp-json\/wp\/v2\/types\/page"}],"author":[{"embeddable":true,"href":"https:\/\/laboklin.de\/de-ch\/wp-json\/wp\/v2\/users\/1"}],"replies":[{"embeddable":true,"href":"https:\/\/laboklin.de\/de-ch\/wp-json\/wp\/v2\/comments?post=1334775"}],"version-history":[{"count":12,"href":"https:\/\/laboklin.de\/de-ch\/wp-json\/wp\/v2\/pages\/1334775\/revisions"}],"predecessor-version":[{"id":1578634,"href":"https:\/\/laboklin.de\/de-ch\/wp-json\/wp\/v2\/pages\/1334775\/revisions\/1578634"}],"up":[{"embeddable":true,"href":"https:\/\/laboklin.de\/de-ch\/wp-json\/wp\/v2\/pages\/1332640"}],"wp:attachment":[{"href":"https:\/\/laboklin.de\/de-ch\/wp-json\/wp\/v2\/media?parent=1334775"}],"curies":[{"name":"wp","href":"https:\/\/api.w.org\/{rel}","templated":true}]}}