{"id":1334741,"date":"2020-06-17T14:14:43","date_gmt":"2020-06-17T12:14:43","guid":{"rendered":"https:\/\/laboklin.de\/start-karriere-bei-laboklin\/unser-angebot-fuer-studierende\/"},"modified":"2024-02-21T07:38:13","modified_gmt":"2024-02-21T06:38:13","slug":"unser-angebot-fuer-studierende","status":"publish","type":"page","link":"https:\/\/laboklin.de\/de-ch\/start-karriere-bei-laboklin\/unser-angebot-fuer-studierende\/","title":{"rendered":"Unser Angebot f\u00fcr Studierende"},"content":{"rendered":"<div class=\"wpb-content-wrapper\"><p>[vc_row][vc_column][vc_column_text]<\/p>\n<h3>Unser Angebot f\u00fcr Studierende und Studieninteressenten<\/h3>\n<p><strong>Sie sind Student der Veterin\u00e4rmedizin und begeistern sich f\u00fcr Labordiagnostik?<br \/>\n<\/strong><strong>Sie suchen nach einem Praktikum au\u00dferhalb der Tierarztpraxis\/-klinik?<br \/>\n<\/strong><strong>Oder Sie studieren Biologie, Bioanalytik, Biomedizin oder artverwandte Studieng\u00e4nge?<\/strong><\/p>\n<p style=\"padding-left: 40px;\">Dann bieten wir Ihnen gerne die M\u00f6glichkeit ein Praktikum in unserem Labor zu absolvieren und so erste praktische Erfahrungen in der Laborarbeit zu gewinnen!<\/p>\n<p><strong>Sie befinden sich im Endspurt Ihres Studiums und sind auf der Suche nach einem innovativen Unternehmen f\u00fcr Ihre Dissertation?<\/strong><\/p>\n<p style=\"padding-left: 40px;\">Auch hier sind wir der richtige Ansprechpartner und bieten Ihnen gerne die M\u00f6glichkeit Ihre Dissertation in unserem Unternehmen zu schreiben!<\/p>\n<p><strong>Sie stehen kurz vor dem Abitur und interessieren sich f\u00fcr ein duales Studium im Bereich der Bioanalytik?<\/strong><\/p>\n<p style=\"padding-left: 40px;\">In Kooperation mit der Hochschule Coburg bieten wir das Verbundstudium der Bioanalytik (B. Sc.) an, bei dem Sie neben dem Hochschulabschluss auch die Ausbildung zum Biologielaboranten (m\/w\/d) bei uns absolvieren. Dabei haben Sie die M\u00f6glichkeit neben den theoretischen Schwerpunkten, wie bspw. Biologie, Biochemie, Pharmakologie und angewandte Analytik, an der Hochschule direkt auch die praktischen T\u00e4tigkeiten im Labor kennenzulernen und somit Ihr theoretisches Wissen optimal praktisch einzusetzen.<\/p>\n<p style=\"padding-left: 40px;\">Weitere Informationen zum Studiengang finden Sie direkt bei der <i class=\"fas fa-external-link-alt\"><\/i> <a href=\"https:\/\/www.hs-coburg.de\/studium\/bachelor\/technik-informatik\/bioanalytik.html#c6988\" target=\"_blank\" rel=\"noopener\"><strong>Hochschule Coburg<\/strong><\/a> und bei unserem <strong><a href=\"https:\/\/laboklin.de\/de-ch\/start-karriere-bei-laboklin\/ausbildung\/\">Ausbildungsangebot<\/a>.<\/strong><\/p>\n<div class=\"hr-thin\"><\/div>\n<h4>Haben wir Ihr Interesse geweckt?<\/h4>\n<p>Dann freuen wir uns auf Ihre <a href=\"https:\/\/laboklin.de\/de-ch\/kontakt\/\"><strong>Kontaktaufnahme<\/strong><\/a> (auch per<strong> <a href=\"mailto:jobs@laboklin.com\">E-Mail<\/a><\/strong>)[\/vc_column_text][\/vc_column][\/vc_row][vc_row type=&#187;vc_default&#187; disable_element=&#187;yes&#187;][vc_column][vc_column_text]<\/p>\n<h1>Unser Angebot f\u00fcr Studierende \u2013 Praktika und Dissertationen<\/h1>\n<ul>\n<li>Sie sind Student\/in der Veterin\u00e4rmedizin und begeistern sich f\u00fcr Labordiagnostik?<\/li>\n<li>Sie studieren Biologie, Bioanalytik, Biomedizin oder artverwandte Studieng\u00e4nge?<\/li>\n<li>Sie suchen nach einem Praktikum au\u00dferhalb der Tierarztpraxis\/-klinik?<\/li>\n<li>Sie befinden sich im Endspurt Ihres Studiums und sind auf der Suche nach einem innovativen<br \/>\nUnternehmen f\u00fcr Ihre Dissertation?<\/li>\n<\/ul>\n<p>Dann freuen wir uns auf Ihre Kontaktaufnahme!<\/p>\n<p>PS: Nach Abschluss des Studiums starten \u00fcbrigens viele unserer Praktikanten bei LABOKLIN ins Berufsleben.<\/p>\n<h1>Angebot f\u00fcr Studieninteressenten<\/h1>\n<p>In Kooperation mit der Hochschule Coburg bieten wir \u00fcbrigens auch das Duale Studium der Bioanalytik (Studium mit vertiefter Praxis) an! Weitergehende Informationen hierzu finden Sie unter\u00a0<a href=\"https:\/\/www.hs-coburg.de\/studium\/bachelor\/technik-informatik\/bioanalytik.html\">https:\/\/www.hs-coburg.de\/studium\/bachelor\/technik-informatik\/bioanalytik.html<\/a><\/p>\n<h3>Wir freuen uns auf Ihre Bewerbung<\/h3>\n<p>Ihre vollst\u00e4ndigen und aussagekr\u00e4ftigen Bewerbungsunterlagen senden Sie bitte unter Angabe Ihres fr\u00fchestm\u00f6glichen Eintrittstermins per\u00a0<a href=\"https:\/\/career.laboklin.com\/bewerbung.php?position=83\">Online-Formular<\/a>, E-Mail oder Post\u00a0an:<\/p>\n<p>LABOKLIN GmbH &amp; Co. KG<br \/>\nPersonal<br \/>\nSteubenstra\u00dfe 4<br \/>\nD &#8211; 97688 Bad Kissingen<\/p>\n<p>jobs[at]laboklin.com[\/vc_column_text][\/vc_column][\/vc_row]<\/p>\n<\/div>","protected":false},"excerpt":{"rendered":"<p>[vc_row][vc_column][vc_column_text] Unser Angebot f\u00fcr Studierende und Studieninteressenten Sie sind Student der Veterin\u00e4rmedizin und begeistern sich f\u00fcr Labordiagnostik? Sie suchen nach einem Praktikum au\u00dferhalb der Tierarztpraxis\/-klinik? Oder Sie studieren Biologie, Bioanalytik, Biomedizin oder artverwandte Studieng\u00e4nge? Dann bieten wir Ihnen gerne die M\u00f6glichkeit ein Praktikum in unserem Labor zu absolvieren und so erste praktische Erfahrungen in der&hellip;<\/p>\n","protected":false},"author":1,"featured_media":0,"parent":1332642,"menu_order":4,"comment_status":"closed","ping_status":"closed","template":"","meta":{"_seopress_robots_primary_cat":"","_seopress_titles_title":"","_seopress_titles_desc":"","_seopress_robots_index":"","footnotes":""},"class_list":["post-1334741","page","type-page","status-publish","hentry","description-off"],"_links":{"self":[{"href":"https:\/\/laboklin.de\/de-ch\/wp-json\/wp\/v2\/pages\/1334741","targetHints":{"allow":["GET"]}}],"collection":[{"href":"https:\/\/laboklin.de\/de-ch\/wp-json\/wp\/v2\/pages"}],"about":[{"href":"https:\/\/laboklin.de\/de-ch\/wp-json\/wp\/v2\/types\/page"}],"author":[{"embeddable":true,"href":"https:\/\/laboklin.de\/de-ch\/wp-json\/wp\/v2\/users\/1"}],"replies":[{"embeddable":true,"href":"https:\/\/laboklin.de\/de-ch\/wp-json\/wp\/v2\/comments?post=1334741"}],"version-history":[{"count":5,"href":"https:\/\/laboklin.de\/de-ch\/wp-json\/wp\/v2\/pages\/1334741\/revisions"}],"predecessor-version":[{"id":1463519,"href":"https:\/\/laboklin.de\/de-ch\/wp-json\/wp\/v2\/pages\/1334741\/revisions\/1463519"}],"up":[{"embeddable":true,"href":"https:\/\/laboklin.de\/de-ch\/wp-json\/wp\/v2\/pages\/1332642"}],"wp:attachment":[{"href":"https:\/\/laboklin.de\/de-ch\/wp-json\/wp\/v2\/media?parent=1334741"}],"curies":[{"name":"wp","href":"https:\/\/api.w.org\/{rel}","templated":true}]}}