{"id":1334737,"date":"2020-10-07T12:22:06","date_gmt":"2020-10-07T10:22:06","guid":{"rendered":"https:\/\/laboklin.de\/start-karriere-bei-laboklin\/offene-stellen-laboklin\/bachelor-master-biologie-oder-dipl-biologe-w-m-d\/"},"modified":"2020-10-07T12:22:06","modified_gmt":"2020-10-07T10:22:06","slug":"bachelor-master-biologie-oder-dipl-biologe-w-m-d","status":"publish","type":"page","link":"https:\/\/laboklin.de\/de-ch\/start-karriere-bei-laboklin\/offene-stellen-laboklin\/bachelor-master-biologie-oder-dipl-biologe-w-m-d\/","title":{"rendered":"Bachelor\/Master Biologie oder Dipl.-Biologe (w\/m\/d)"},"content":{"rendered":"<div class=\"wpb-content-wrapper\"><p>[vc_row][vc_column][vc_column_text]<strong><span style=\"color: #808080;\">Zur Verst\u00e4rkung unseres Teams in Bad Kissingen suchen wir in Vollzeit:<\/span><\/strong><\/p>\n<p>&nbsp;<\/p>\n<h1>Bachelor\/Master Biologie oder Dipl.-Biologe (w\/m\/d)<\/h1>\n<p>&nbsp;<\/p>\n<h5><strong>Zu Ihren T\u00e4tigkeiten geh\u00f6ren unter anderem:<\/strong><\/h5>\n<p>\u25aa Mitarbeit in molekularbiologischen Projekten,<br \/>\n\u25aa Auswertung und Validierung von molekularbiologischen Untersuchungen,<br \/>\n\u25aa Verfassen von Schriften und Vortr\u00e4gen,<br \/>\n\u25aa Kundenbetreuung,<br \/>\n\u25aa Qualit\u00e4tskontrollen im Labor<\/p>\n<h5><strong>Ihre Vorteile bei LABOKLIN:<\/strong><\/h5>\n<p>Wir bieten Ihnen<\/p>\n<p>\u25aa ein engagiertes und motiviertes Team in famili\u00e4rer Arbeitsumgebung,<br \/>\n\u25aa abwechslungsreiche Aufgaben und vor allem Spa\u00df bei der Arbeit,<br \/>\n\u25aa kostenfreie Getr\u00e4nke &amp; ausreichend Mitarbeiterparkpl\u00e4tze,<br \/>\n\u25aa angemessene Verg\u00fctung sowie verm\u00f6genswirksame Leistungen und eine betriebliche Altersvorsorge,<br \/>\n\u25aa bedarfsgerechte und flexible Arbeitszeitanpassung sowie<br \/>\n\u25aa pers\u00f6nliche Entwicklung durch Fort- und Weiterbildungsm\u00f6glichkeiten.<\/p>\n<p>Wir bei LABOKLIN leben Familienfreundlichkeit und sind Mitglied im \u201eFamilienpakt Bayern\u201c \u2013 weitere Infos unter www.familienpakt-bayern.de. Was noch erw\u00e4hnenswert ist: Bad Kissingen, Standort unserer Unternehmenszentrale, geh\u00f6rt zu den Kommunen, die von der IHK das Qualit\u00e4tszeichen &#171;Ausgezeichneter Wohnort f\u00fcr Fachkr\u00e4fte&#187; verliehen bekommen haben.<\/p>\n<h5><strong>Das bringen Sie mit: <\/strong><\/h5>\n<p>Sie haben einen Hochschulabschluss (Diplom) im Bereich Biologie bzw. einen Bachelor-\/Masterabschluss in diesem Bereich, sind auf dem Gebiet der Molekularbiologie zu Hause, arbeiten selbstst\u00e4ndig und sind belastbar. Zudem verf\u00fcgen Sie \u00fcber Interaktions- und Teamf\u00e4higkeit, eine strukturierte Arbeitsweise und analytisches Probleml\u00f6sungsverhalten. Flie\u00dfend Englisch in Wort und Schrift ist Voraussetzung, weitere Fremdsprachen sind von Vorteil.<\/p>\n<p><strong>Sie m\u00f6chten Teil unserer wachsenden LABOKLIN-Familie werden?<\/strong> Dann senden Sie uns bitte Ihre vollst\u00e4ndigen und aussagekr\u00e4ftigen Bewerbungsunterlagen zu, inklusive Gehaltsvorstellung und Angabe Ihres fr\u00fchestm\u00f6glichen Eintrittstermins.<\/p>\n<p><span style=\"color: #ff0000;\"><strong>Nutzen Sie am besten gleich unser Online-Bewerbungsformular oder bewerben Sie sich<\/strong><\/span>[\/vc_column_text][vc_row_inner css=&#187;.vc_custom_1600932356481{margin-top: 5px !important;}&#187;][vc_column_inner width=&#187;1\/3&#8243;][vc_column_text]<strong><span style=\"color: #ff0000;\">per E-Mail:<\/span><\/strong><br \/>\n<a href=\"mailto:jobs@laboklin.com\">jobs@laboklin.com<\/a>[\/vc_column_text][\/vc_column_inner][vc_column_inner width=&#187;1\/3&#8243;][vc_column_text]<strong><span style=\"color: #ff0000;\">per Post:<\/span><\/strong><br \/>\nLABOKLIN GmbH &amp; Co. KG<br \/>\nPersonal<br \/>\nSteubenstra\u00dfe 4<br \/>\n97688 Bad Kissingen[\/vc_column_text][\/vc_column_inner][vc_column_inner width=&#187;1\/3&#8243;][\/vc_column_inner][\/vc_row_inner][\/vc_column][\/vc_row][vc_row type=&#187;vc_default&#187; css=&#187;.vc_custom_1600937520353{margin-top: 20px !important;margin-bottom: 20px !important;}&#187;][vc_column css=&#187;.vc_custom_1600937472193{margin-top: 10px !important;}&#187;][vc_separator color=&#187;custom&#187; style=&#187;shadow&#187; css_animation=&#187;fadeIn&#187; accent_color=&#187;#e51e1e&#187;][\/vc_column][\/vc_row][vc_row][vc_column][vc_tta_accordion active_section=&#187;&#187; collapsible_all=&#187;true&#187;][vc_tta_section i_icon_fontawesome=&#187;fas fa-external-link-alt&#187; add_icon=&#187;true&#187; title=&#187;Jetzt ONLINE bewerben!&#187; tab_id=&#187;1601360641100-f158a246-72bb&#187;]<strong>Error:<\/strong> Super Forms could not find a form with ID: 5077[\/vc_tta_section][\/vc_tta_accordion][\/vc_column][\/vc_row][vc_row][vc_column][\/vc_column][\/vc_row]<\/p>\n<\/div>","protected":false},"excerpt":{"rendered":"<p>[vc_row][vc_column][vc_column_text]Zur Verst\u00e4rkung unseres Teams in Bad Kissingen suchen wir in Vollzeit: &nbsp; Bachelor\/Master Biologie oder Dipl.-Biologe (w\/m\/d) &nbsp; Zu Ihren T\u00e4tigkeiten geh\u00f6ren unter anderem: \u25aa Mitarbeit in molekularbiologischen Projekten, \u25aa Auswertung und Validierung von molekularbiologischen Untersuchungen, \u25aa Verfassen von Schriften und Vortr\u00e4gen, \u25aa Kundenbetreuung, \u25aa Qualit\u00e4tskontrollen im Labor Ihre Vorteile bei LABOKLIN: Wir bieten Ihnen&hellip;<\/p>\n","protected":false},"author":1,"featured_media":0,"parent":1332644,"menu_order":4,"comment_status":"closed","ping_status":"closed","template":"","meta":{"_seopress_robots_primary_cat":"","_seopress_titles_title":"","_seopress_titles_desc":"","_seopress_robots_index":"","footnotes":""},"class_list":["post-1334737","page","type-page","status-publish","hentry","description-off"],"_links":{"self":[{"href":"https:\/\/laboklin.de\/de-ch\/wp-json\/wp\/v2\/pages\/1334737","targetHints":{"allow":["GET"]}}],"collection":[{"href":"https:\/\/laboklin.de\/de-ch\/wp-json\/wp\/v2\/pages"}],"about":[{"href":"https:\/\/laboklin.de\/de-ch\/wp-json\/wp\/v2\/types\/page"}],"author":[{"embeddable":true,"href":"https:\/\/laboklin.de\/de-ch\/wp-json\/wp\/v2\/users\/1"}],"replies":[{"embeddable":true,"href":"https:\/\/laboklin.de\/de-ch\/wp-json\/wp\/v2\/comments?post=1334737"}],"version-history":[{"count":0,"href":"https:\/\/laboklin.de\/de-ch\/wp-json\/wp\/v2\/pages\/1334737\/revisions"}],"up":[{"embeddable":true,"href":"https:\/\/laboklin.de\/de-ch\/wp-json\/wp\/v2\/pages\/1332644"}],"wp:attachment":[{"href":"https:\/\/laboklin.de\/de-ch\/wp-json\/wp\/v2\/media?parent=1334737"}],"curies":[{"name":"wp","href":"https:\/\/api.w.org\/{rel}","templated":true}]}}