{"id":1334614,"date":"2021-08-10T15:52:15","date_gmt":"2021-08-10T13:52:15","guid":{"rendered":"https:\/\/laboklin.de\/leistungen\/genetik\/fellfarbe-haarstruktur\/pferd\/mushroom\/"},"modified":"2025-02-25T13:26:42","modified_gmt":"2025-02-25T12:26:42","slug":"mushroom","status":"publish","type":"page","link":"https:\/\/laboklin.de\/de-ch\/leistungen\/genetik\/fellfarbe-haarstruktur\/pferd\/mushroom\/","title":{"rendered":"Mushroom"},"content":{"rendered":"<h3 class=\"csc-firstHeader\">Mushroom<\/h3><p><span>LABOKLIN Leistungs-ID: 8726<\/span><\/p><p class=\"bodytext\">Die Grundfarben k\u00f6nnen durch das Vorliegen verschiedener Genvarianten aufgehellt werden, es entstehen Fellfarbaufhellungen wir Cream, Pearl, Champagne, Sunshine, Snowdrop, Dun und Silver. <br \/>\nDie Fellfarbaufhellung Mushroom ist bisher beim Shetlandpony beschrieben. Die Fellfarbverd\u00fcnnung wird rezessiv vererbt, d.h. nur Tiere, die zwei Kopien der Genvariante tragen (mu\/mu), zeigen einen aufgehellten Ph\u00e4notyp. <br \/>\nBei F\u00fcchsen ist die Aufhellung am deutlichsten zu erkennen, da es sich um eine Verd\u00fcnnung des roten Pigmentes (Ph\u00e4omelanin) handelt. Durch die Aufhellung des Deckhaars und des Langhaars entstehen hellere F\u00fcchse (sepiafarben) mit hellerer oder gestr\u00e4hnter M\u00e4hne bzw. Schweif, die in ihrer Auspr\u00e4gung variabel sein k\u00f6nnen. Der Ph\u00e4notyp kann z.B. dem eines Palominos oder auch dem eines silber gef\u00e4rbten Braunen \u00e4hneln. <br \/>\nBei Braunen findet trotz des homozygoten Vorliegens der Mushroom-Variante keine Aufhellung der dunklen M\u00e4hne und des Schweifs statt, da hier die Farbgebung durch das Pigment Eumelanin bestimmt wird, welches nicht durch die Mushroom-Variante aufgehellt wird. Kopf, Hals und Beine dieser Tiere bleiben dunkel, der Rest des K\u00f6rpers ist sepiafarben ohne den leicht r\u00f6tlichen Stich, den viele Braune normalerweise aufweisen.<br \/>\nBei Rappen findet durch das homozygote Vorliegen der Mushroom-Variante keine ph\u00e4notypische Ver\u00e4nderung der Fellfarbe statt.<\/p><table class=\"tx-laboklinleistung-table contenttable contenttable-2\" style=\"margin-top: 35px;\"><tr><td class=\"td-0\"><strong>Methode<\/strong><\/td><td class=\"td-1\"><p class=\"bodytext\">Sequenzierung<\/p><\/td><\/tr><tr><td class=\"td-0\"><strong>Rasse<\/strong><\/td><td class=\"td-1\"><p class=\"bodytext\">Shetlandpony<\/p><\/td><\/tr><tr><td class=\"td-0\"><strong>Erbgang<\/strong><\/td><td class=\"td-1\"><p class=\"bodytext\">autosomal-rezessiv<\/p><\/td><\/tr><tr><td class=\"td-0\"><strong>Dauer<\/strong><\/td><td class=\"td-1\"><p class=\"bodytext\">1 - 2 Wochen nach Erhalt der Probe<\/p><\/td><\/tr><\/table>\n","protected":false},"excerpt":{"rendered":"<p>MushroomLABOKLIN Leistungs-ID: 8726Die Grundfarben k\u00f6nnen durch das Vorliegen verschiedener Genvarianten aufgehellt werden, es entstehen Fellfarbaufhellungen wir Cream, Pearl, Champagne, Sunshine, Snowdrop, Dun und Silver. Die Fellfarbaufhellung Mushroom ist bisher beim Shetlandpony beschrieben. Die Fellfarbverd\u00fcnnung wird rezessiv vererbt, d.h. nur Tiere, die zwei Kopien der Genvariante tragen (mu\/mu), zeigen einen aufgehellten Ph\u00e4notyp. Bei F\u00fcchsen ist die&hellip;<\/p>\n","protected":false},"author":1,"featured_media":0,"parent":1332723,"menu_order":4,"comment_status":"closed","ping_status":"closed","template":"","meta":{"_seopress_robots_primary_cat":"","_seopress_titles_title":"","_seopress_titles_desc":"","_seopress_robots_index":"","footnotes":""},"class_list":["post-1334614","page","type-page","status-publish","hentry","description-off"],"_links":{"self":[{"href":"https:\/\/laboklin.de\/de-ch\/wp-json\/wp\/v2\/pages\/1334614","targetHints":{"allow":["GET"]}}],"collection":[{"href":"https:\/\/laboklin.de\/de-ch\/wp-json\/wp\/v2\/pages"}],"about":[{"href":"https:\/\/laboklin.de\/de-ch\/wp-json\/wp\/v2\/types\/page"}],"author":[{"embeddable":true,"href":"https:\/\/laboklin.de\/de-ch\/wp-json\/wp\/v2\/users\/1"}],"replies":[{"embeddable":true,"href":"https:\/\/laboklin.de\/de-ch\/wp-json\/wp\/v2\/comments?post=1334614"}],"version-history":[{"count":1,"href":"https:\/\/laboklin.de\/de-ch\/wp-json\/wp\/v2\/pages\/1334614\/revisions"}],"predecessor-version":[{"id":1510923,"href":"https:\/\/laboklin.de\/de-ch\/wp-json\/wp\/v2\/pages\/1334614\/revisions\/1510923"}],"up":[{"embeddable":true,"href":"https:\/\/laboklin.de\/de-ch\/wp-json\/wp\/v2\/pages\/1332723"}],"wp:attachment":[{"href":"https:\/\/laboklin.de\/de-ch\/wp-json\/wp\/v2\/media?parent=1334614"}],"curies":[{"name":"wp","href":"https:\/\/api.w.org\/{rel}","templated":true}]}}