{"id":1334537,"date":"2020-10-16T11:36:27","date_gmt":"2020-10-16T09:36:27","guid":{"rendered":"https:\/\/laboklin.de\/leistungen\/genetik\/identitaet-abstammung\/pferd-dna-profil-isag\/"},"modified":"2025-02-25T13:37:46","modified_gmt":"2025-02-25T12:37:46","slug":"pferd-dna-profil-isag","status":"publish","type":"page","link":"https:\/\/laboklin.de\/de-ch\/leistungen\/genetik\/identitaet-abstammung\/pferd-dna-profil-isag\/","title":{"rendered":"Pferd: DNA-Profil (ISAG)"},"content":{"rendered":"<h3 class=\"csc-firstHeader\">Pferd: DNA-Profil (ISAG 2006)<\/h3><p><span>LABOKLIN Leistungs-ID: 8507<\/span><\/p><p class=\"bodytext\">Das Prinzip des DNA-Profils beruht auf der Untersuchung hochvariabler DNA-Abschnitte (Mikrosatelliten), die sich zwischen den einzelnen Individuen durch ihre L\u00e4nge voneinander unterscheiden (L\u00e4ngenpolymorphismus). Die Gesamtheit der Mikrosatelliten in Kombination ergibt ein f\u00fcr jedes Individuum unverwechselbare DNA-Profil. Das DNA-Profil ist mit einer Wahrscheinlichkeit von gr\u00f6\u00dfer als 99,99% einzigartig. Die einzige Ausnahme hiervon bilden eineiige Mehrlinge. F\u00fcr die Identifizierung eines Tieres wird dessen DNA-Profil angefertigt und in einer DNA-Datenbank gespeichert. Zur Erstellung eines DNA-Profiles untersuchen wir die von der \u201eInternational Society for Animal Genetics (ISAG)\u201c empfohlenen Mikrosatelliten-Marker. Die erhaltenen DNA-Profile sind international mit den nach den ISAG-Empfehlungen arbeitenden Laboratorien vergleichbar.<\/p><table class=\"tx-laboklinleistung-table contenttable contenttable-2\" style=\"margin-top: 35px;\"><tr><td class=\"td-0\"><strong>Methode<\/strong><\/td><td class=\"td-1\"><p class=\"bodytext\">Mikrosatellitenanalyse<\/p><\/td><\/tr><tr><td class=\"td-0\"><strong>Dauer<\/strong><\/td><td class=\"td-1\"><p class=\"bodytext\">1 - 2 Wochen nach Erhalt der Probe<\/p><\/td><\/tr><\/table>\n","protected":false},"excerpt":{"rendered":"<p>Pferd: DNA-Profil (ISAG 2006)LABOKLIN Leistungs-ID: 8507Das Prinzip des DNA-Profils beruht auf der Untersuchung hochvariabler DNA-Abschnitte (Mikrosatelliten), die sich zwischen den einzelnen Individuen durch ihre L\u00e4nge voneinander unterscheiden (L\u00e4ngenpolymorphismus). Die Gesamtheit der Mikrosatelliten in Kombination ergibt ein f\u00fcr jedes Individuum unverwechselbare DNA-Profil. Das DNA-Profil ist mit einer Wahrscheinlichkeit von gr\u00f6\u00dfer als 99,99% einzigartig. Die einzige Ausnahme&hellip;<\/p>\n","protected":false},"author":1,"featured_media":0,"parent":1332689,"menu_order":3,"comment_status":"closed","ping_status":"closed","template":"","meta":{"_seopress_robots_primary_cat":"","_seopress_titles_title":"","_seopress_titles_desc":"","_seopress_robots_index":"","footnotes":""},"class_list":["post-1334537","page","type-page","status-publish","hentry","description-off"],"_links":{"self":[{"href":"https:\/\/laboklin.de\/de-ch\/wp-json\/wp\/v2\/pages\/1334537","targetHints":{"allow":["GET"]}}],"collection":[{"href":"https:\/\/laboklin.de\/de-ch\/wp-json\/wp\/v2\/pages"}],"about":[{"href":"https:\/\/laboklin.de\/de-ch\/wp-json\/wp\/v2\/types\/page"}],"author":[{"embeddable":true,"href":"https:\/\/laboklin.de\/de-ch\/wp-json\/wp\/v2\/users\/1"}],"replies":[{"embeddable":true,"href":"https:\/\/laboklin.de\/de-ch\/wp-json\/wp\/v2\/comments?post=1334537"}],"version-history":[{"count":1,"href":"https:\/\/laboklin.de\/de-ch\/wp-json\/wp\/v2\/pages\/1334537\/revisions"}],"predecessor-version":[{"id":1334538,"href":"https:\/\/laboklin.de\/de-ch\/wp-json\/wp\/v2\/pages\/1334537\/revisions\/1334538"}],"up":[{"embeddable":true,"href":"https:\/\/laboklin.de\/de-ch\/wp-json\/wp\/v2\/pages\/1332689"}],"wp:attachment":[{"href":"https:\/\/laboklin.de\/de-ch\/wp-json\/wp\/v2\/media?parent=1334537"}],"curies":[{"name":"wp","href":"https:\/\/api.w.org\/{rel}","templated":true}]}}