{"id":1334518,"date":"2020-10-16T11:36:27","date_gmt":"2020-10-16T09:36:27","guid":{"rendered":"https:\/\/laboklin.de\/leistungen\/mikrobiologie-parasitologie\/untersuchungen-bei-verdauungsstoerungen-und-diarrhoee\/einzelbestimmungen-bakterien\/macrorhabdus-ornithogaster-mikroskopie\/"},"modified":"2025-02-04T12:48:58","modified_gmt":"2025-02-04T11:48:58","slug":"macrorhabdus-ornithogaster-mikroskopie","status":"publish","type":"page","link":"https:\/\/laboklin.de\/de-ch\/leistungen\/mikrobiologie-parasitologie\/untersuchungen-bei-verdauungsstoerungen-und-diarrhoee\/einzelbestimmungen-bakterien\/macrorhabdus-ornithogaster-mikroskopie\/","title":{"rendered":"Macrorhabdus ornithogaster &#8211; Mikroskopie"},"content":{"rendered":"<h3 class=\"csc-firstHeader\">Macrorhabdus ornithogaster - Mikroskopie<\/h3><p><span>LABOKLIN Leistungs-ID: 2176<\/span><\/p><p class=\"bodytext\"><br><\/p><table class=\"tx-laboklinleistung-table contenttable contenttable-2\" style=\"margin-top: 35px;\"><tr><td class=\"td-0\"><strong>Material<\/strong><\/td><td class=\"td-1\"><p class=\"bodytext\">Faeces,  Ausstrich auf Objekttr\u00e4ger, Dr\u00fcsenmagen, Kropfsp\u00fclprobe<\/p><\/td><\/tr><tr><td class=\"td-0\"><strong>Methode<\/strong><\/td><td class=\"td-1\"><p class=\"bodytext\">F\u00e4rbung, mikroskopisch<\/p><\/td><\/tr><tr><td class=\"td-0\"><strong>Tierart(en)<\/strong><\/td><td class=\"td-1\"><p class=\"bodytext\">V\u00f6gel<\/p><\/td><\/tr><tr><td class=\"td-0\"><strong>Dauer<\/strong><\/td><td class=\"td-1\"><p class=\"bodytext\">1 - 2 Tage<\/p><\/td><\/tr><\/table>\n","protected":false},"excerpt":{"rendered":"<p>Macrorhabdus ornithogaster &#8211; MikroskopieLABOKLIN Leistungs-ID: 2176MaterialFaeces, Ausstrich auf Objekttr\u00e4ger, Dr\u00fcsenmagen, Kropfsp\u00fclprobeMethodeF\u00e4rbung, mikroskopischTierart(en)V\u00f6gelDauer1 &#8211; 2 Tage<\/p>\n","protected":false},"author":1,"featured_media":0,"parent":1333227,"menu_order":3,"comment_status":"closed","ping_status":"closed","template":"","meta":{"_seopress_robots_primary_cat":"","_seopress_titles_title":"","_seopress_titles_desc":"","_seopress_robots_index":"","footnotes":""},"class_list":["post-1334518","page","type-page","status-publish","hentry","description-off"],"_links":{"self":[{"href":"https:\/\/laboklin.de\/de-ch\/wp-json\/wp\/v2\/pages\/1334518","targetHints":{"allow":["GET"]}}],"collection":[{"href":"https:\/\/laboklin.de\/de-ch\/wp-json\/wp\/v2\/pages"}],"about":[{"href":"https:\/\/laboklin.de\/de-ch\/wp-json\/wp\/v2\/types\/page"}],"author":[{"embeddable":true,"href":"https:\/\/laboklin.de\/de-ch\/wp-json\/wp\/v2\/users\/1"}],"replies":[{"embeddable":true,"href":"https:\/\/laboklin.de\/de-ch\/wp-json\/wp\/v2\/comments?post=1334518"}],"version-history":[{"count":1,"href":"https:\/\/laboklin.de\/de-ch\/wp-json\/wp\/v2\/pages\/1334518\/revisions"}],"predecessor-version":[{"id":1506550,"href":"https:\/\/laboklin.de\/de-ch\/wp-json\/wp\/v2\/pages\/1334518\/revisions\/1506550"}],"up":[{"embeddable":true,"href":"https:\/\/laboklin.de\/de-ch\/wp-json\/wp\/v2\/pages\/1333227"}],"wp:attachment":[{"href":"https:\/\/laboklin.de\/de-ch\/wp-json\/wp\/v2\/media?parent=1334518"}],"curies":[{"name":"wp","href":"https:\/\/api.w.org\/{rel}","templated":true}]}}