{"id":1334463,"date":"2020-10-16T11:36:27","date_gmt":"2020-10-16T09:36:27","guid":{"rendered":"https:\/\/laboklin.de\/leistungen\/vitamine-medikamentenspiegel-vergiftungen\/medikamentenspiegel\/ciclosporin\/"},"modified":"2025-01-29T12:51:43","modified_gmt":"2025-01-29T11:51:43","slug":"ciclosporin","status":"publish","type":"page","link":"https:\/\/laboklin.de\/de-ch\/leistungen\/vitamine-medikamentenspiegel-vergiftungen\/medikamentenspiegel\/ciclosporin\/","title":{"rendered":"Ciclosporin"},"content":{"rendered":"<h3 class=\"csc-firstHeader\">Ciclosporin<\/h3><p><span>LABOKLIN Leistungs-ID: 2085<\/span><\/p><p class=\"bodytext\"><br><strong>Therapiekontrolle:<\/strong> Die Bestimmung ist geeignet zur \u00dcberwachung der Therapie mit Ciclosporin.<\/p><table class=\"tx-laboklinleistung-table contenttable contenttable-2\" style=\"margin-top: 35px;\"><tr><td class=\"td-0\"><strong>Material<\/strong><\/td><td class=\"td-1\"><p class=\"bodytext\">EDTA-Blut 1 ml (ausschlie\u00dflich Vollblut) (gefroren)<\/p><\/td><\/tr><tr><td class=\"td-0\"><strong>Methode<\/strong><\/td><td class=\"td-1\"><p class=\"bodytext\">Chemoluminiszenzassay (CLIA)<\/p><\/td><\/tr><tr><td class=\"td-0\"><strong>Tierart(en)<\/strong><\/td><td class=\"td-1\"><p class=\"bodytext\">Hund, Katze, weitere auf Anfrage<\/p><\/td><\/tr><tr><td class=\"td-0\"><strong>Dauer<\/strong><\/td><td class=\"td-1\"><p class=\"bodytext\">Befund\u00fcbermittlung am Tag des Probeneingangs (Mo.\u2013Fr.)<\/p><\/td><\/tr><\/table>\n","protected":false},"excerpt":{"rendered":"<p>CiclosporinLABOKLIN Leistungs-ID: 2085Therapiekontrolle: Die Bestimmung ist geeignet zur \u00dcberwachung der Therapie mit Ciclosporin.MaterialEDTA-Blut 1 ml (ausschlie\u00dflich Vollblut) (gefroren)MethodeChemoluminiszenzassay (CLIA)Tierart(en)Hund, Katze, weitere auf AnfrageDauerBefund\u00fcbermittlung am Tag des Probeneingangs (Mo.\u2013Fr.)<\/p>\n","protected":false},"author":1,"featured_media":0,"parent":1332769,"menu_order":3,"comment_status":"closed","ping_status":"closed","template":"","meta":{"_seopress_robots_primary_cat":"","_seopress_titles_title":"","_seopress_titles_desc":"","_seopress_robots_index":"","footnotes":""},"class_list":["post-1334463","page","type-page","status-publish","hentry","description-off"],"_links":{"self":[{"href":"https:\/\/laboklin.de\/de-ch\/wp-json\/wp\/v2\/pages\/1334463","targetHints":{"allow":["GET"]}}],"collection":[{"href":"https:\/\/laboklin.de\/de-ch\/wp-json\/wp\/v2\/pages"}],"about":[{"href":"https:\/\/laboklin.de\/de-ch\/wp-json\/wp\/v2\/types\/page"}],"author":[{"embeddable":true,"href":"https:\/\/laboklin.de\/de-ch\/wp-json\/wp\/v2\/users\/1"}],"replies":[{"embeddable":true,"href":"https:\/\/laboklin.de\/de-ch\/wp-json\/wp\/v2\/comments?post=1334463"}],"version-history":[{"count":1,"href":"https:\/\/laboklin.de\/de-ch\/wp-json\/wp\/v2\/pages\/1334463\/revisions"}],"predecessor-version":[{"id":1504642,"href":"https:\/\/laboklin.de\/de-ch\/wp-json\/wp\/v2\/pages\/1334463\/revisions\/1504642"}],"up":[{"embeddable":true,"href":"https:\/\/laboklin.de\/de-ch\/wp-json\/wp\/v2\/pages\/1332769"}],"wp:attachment":[{"href":"https:\/\/laboklin.de\/de-ch\/wp-json\/wp\/v2\/media?parent=1334463"}],"curies":[{"name":"wp","href":"https:\/\/api.w.org\/{rel}","templated":true}]}}