{"id":1334458,"date":"2020-10-16T11:36:27","date_gmt":"2020-10-16T09:36:27","guid":{"rendered":"https:\/\/laboklin.de\/leistungen\/haematologie-klin-chemie-endokrinologie\/funktionstests-berechnungsformeln\/hcg-stimulationstest\/"},"modified":"2025-01-29T11:12:39","modified_gmt":"2025-01-29T10:12:39","slug":"hcg-stimulationstest","status":"publish","type":"page","link":"https:\/\/laboklin.de\/de-ch\/leistungen\/haematologie-klin-chemie-endokrinologie\/funktionstests-berechnungsformeln\/hcg-stimulationstest\/","title":{"rendered":"HCG-Stimulationstest"},"content":{"rendered":"<h3 class=\"csc-firstHeader\">HCG-Stimulationstest <\/h3><p><span>LABOKLIN Leistungs-ID: 1360<\/span><\/p><table class=\"tx-laboklinleistung-table contenttable contenttable-2\" style=\"margin-top: 35px;\"><tr><td class=\"td-0\"><strong>Diagnose<\/strong><\/td><td class=\"td-1\"><p class=\"bodytext\"><ul><li>Nachweis von endokrin aktivem Gonadengewebe (Hoden, Ovar)<\/li><li>Verdacht auf Ovarian Remnant Syndrome (Hund)<\/li> <li>Abkl\u00e4rung von Kryptorchismus<\/li><ul><\/p><\/td><\/tr><tr><td class=\"td-0\"><strong>Material<\/strong><\/td><td class=\"td-1\"><p class=\"bodytext\">Serum 2 x 0,5 ml<\/p><\/td><\/tr><tr><td class=\"td-0\"><strong>Testdurchf&uuml;hrung<\/strong><\/td><td class=\"td-1\"><p><strong>H\u00fcndin, R\u00fcde, Kater, Hengst:<\/strong><ul><li>Erste Blutprobe = Basalwert (Testosteron R\u00fcde, Kater, Hengst bzw. \u00d6stradiol H\u00fcndin) <\/li> <li>Injektion von HCG<br><strong>Hund\/Kater:<\/strong> 500 I.E. HCG\/Tier i.v.<br><strong>Pferd:<\/strong> 5000-10000 I.E. HCG\/Tier i.v.<br><strong>Esel:<\/strong> 6000 I.E. HCG\/Tier i.v. <\/li><li>Zweite Blutprobe nach 1 Std. (Kater: nach 2 Stdn.) = Stimulationswert<\/li><li>(beim Hund eventuell zus\u00e4tzliche Blutprobe nach 30 min.)<\/li><\/ul><br><strong>Kaninchen (m\u00e4nnlich):<\/strong><ul><li>Erste Blutprobe = Basalwert (Testosteron)<\/li><li> Injektion von 250 I.E. HCG\/Tier i.m.<\/li><li>Zweite Blutprobe nach 1 Std. = Stimulationswert<\/li><\/ul><br><strong>Kaninchen (weiblich):<\/strong><ul><li> Erste Blutprobe = Basalwert (Progesteron)<\/li><li> Injektion von 250 I.E. HCG\/Tier i.m.<\/li><li> Zweite Blutprobe nach 5-7 Tagen = Stimulationswert<\/li><\/ul><\/p><\/td><\/tr><tr><td class=\"td-0\"><strong>Parameter<\/strong><\/td><td class=\"td-1\"><p class=\"bodytext\"><strong>Hund\/Kater:<\/strong> Testosteron (m\u00e4nnlich) bzw. Oestradiol (H\u00fcndin)<br><strong>Kaninchen:<\/strong> Testosteron (m\u00e4nnl.) bzw. Progesteron (weibl.)<br><strong>Pferd\/Esel:<\/strong> Testosteron<\/p><\/td><\/tr><tr><td class=\"td-0\"><strong>Methode<\/strong><\/td><td class=\"td-1\"><p class=\"bodytext\">Chemoluminiszenzassay (CLIA), Pferd, Esel: Kaninchen: LCMS<\/p><\/td><\/tr><tr><td class=\"td-0\"><strong>Tierart(en)<\/strong><\/td><td class=\"td-1\"><p class=\"bodytext\">Hund, Katze, Kaninchen, Pferd, Esel<\/p><\/td><\/tr><tr><td class=\"td-0\"><strong>Dauer<\/strong><\/td><td class=\"td-1\"><p class=\"bodytext\">1 Tag<\/p><\/td><\/tr><tr><td class=\"td-0\"><strong>Bewertung<\/strong><\/td><td class=\"td-1\"><p><ul><li>Die Bestimmung der AMH-Konzentration (siehe Rubrik Endokrinologie \/ Tumormarker) liefert in den meisten F\u00e4llen eine vergleichbare Aussage<\/li><li><strong>R\u00fcde: <\/strong>Testosteronkonzentrationen nach Stimulation > 1,0 ng\/ml sprechen f\u00fcr das Vorhandensein von Hodengewebe. <\/li><li><strong>Kaninchen:<\/strong> Stimulationswerte von > 1 ng\/ml Testosteron bzw. von > 4 ng\/ml Progesteron sind beweisend f\u00fcr hormonbildendes Gewebe.<\/li><li><strong>Hengst:<\/strong> Ein signifikanter Testosteronanstieg w\u00fcrde das Vorhandensein testosteronproduzierenden Gewebes beweisen. Grenzwertige Ergebnisse k\u00f6nnen durch eine Bestimmung des Anti-M\u00fcller-Hormons weiter abgekl\u00e4rt werden.<\/li><\/p><\/td><\/tr><tr><td class=\"td-0\"><strong>Anmerkung<\/strong><\/td><td class=\"td-1\"><p class=\"bodytext\"><ul><li>Bei der <strong>H\u00fcndin<\/strong> kann der HCG-Stimulationstest (ebenso wie der GnRH-Stimulationstest mit der Leistungsnummer 2281) zum Nachweis von endokrin aktivem Oavargewebe \/ dem Ovarian Remnant Syndrome dienen. Bestimmt wird dann \u00d6stradiol. Die Stimulation der \u00d6stradiolsekretion ist stark vom Zyklusstand abh\u00e4ngig. Aussagekr\u00e4ftige Konzentrationssteigerungen werden im Di\u00f6strus und sp\u00e4ten An\u00f6strus erwartet.<\/li><\/ul><\/p><\/td><\/tr><\/table>\n","protected":false},"excerpt":{"rendered":"<p>HCG-Stimulationstest LABOKLIN Leistungs-ID: 1360DiagnoseNachweis von endokrin aktivem Gonadengewebe (Hoden, Ovar)Verdacht auf Ovarian Remnant Syndrome (Hund) Abkl\u00e4rung von KryptorchismusMaterialSerum 2 x 0,5 mlTestdurchf&uuml;hrungH\u00fcndin, R\u00fcde, Kater, Hengst:Erste Blutprobe = Basalwert (Testosteron R\u00fcde, Kater, Hengst bzw. \u00d6stradiol H\u00fcndin) Injektion von HCGHund\/Kater: 500 I.E. HCG\/Tier i.v.Pferd: 5000-10000 I.E. HCG\/Tier i.v.Esel: 6000 I.E. HCG\/Tier i.v. Zweite Blutprobe nach 1 Std.&hellip;<\/p>\n","protected":false},"author":1,"featured_media":0,"parent":1332765,"menu_order":3,"comment_status":"closed","ping_status":"closed","template":"","meta":{"_seopress_robots_primary_cat":"","_seopress_titles_title":"","_seopress_titles_desc":"","_seopress_robots_index":"","footnotes":""},"class_list":["post-1334458","page","type-page","status-publish","hentry","description-off"],"_links":{"self":[{"href":"https:\/\/laboklin.de\/de-ch\/wp-json\/wp\/v2\/pages\/1334458","targetHints":{"allow":["GET"]}}],"collection":[{"href":"https:\/\/laboklin.de\/de-ch\/wp-json\/wp\/v2\/pages"}],"about":[{"href":"https:\/\/laboklin.de\/de-ch\/wp-json\/wp\/v2\/types\/page"}],"author":[{"embeddable":true,"href":"https:\/\/laboklin.de\/de-ch\/wp-json\/wp\/v2\/users\/1"}],"replies":[{"embeddable":true,"href":"https:\/\/laboklin.de\/de-ch\/wp-json\/wp\/v2\/comments?post=1334458"}],"version-history":[{"count":1,"href":"https:\/\/laboklin.de\/de-ch\/wp-json\/wp\/v2\/pages\/1334458\/revisions"}],"predecessor-version":[{"id":1504605,"href":"https:\/\/laboklin.de\/de-ch\/wp-json\/wp\/v2\/pages\/1334458\/revisions\/1504605"}],"up":[{"embeddable":true,"href":"https:\/\/laboklin.de\/de-ch\/wp-json\/wp\/v2\/pages\/1332765"}],"wp:attachment":[{"href":"https:\/\/laboklin.de\/de-ch\/wp-json\/wp\/v2\/media?parent=1334458"}],"curies":[{"name":"wp","href":"https:\/\/api.w.org\/{rel}","templated":true}]}}