{"id":1334444,"date":"2020-10-16T11:36:27","date_gmt":"2020-10-16T09:36:27","guid":{"rendered":"https:\/\/laboklin.de\/leistungen\/haematologie-klin-chemie-endokrinologie\/klinisch-chemische-parameter\/enzyme\/ck-kreatinkinase\/"},"modified":"2025-01-28T12:31:42","modified_gmt":"2025-01-28T11:31:42","slug":"ck-kreatinkinase","status":"publish","type":"page","link":"https:\/\/laboklin.de\/de-ch\/leistungen\/haematologie-klin-chemie-endokrinologie\/klinisch-chemische-parameter\/enzyme\/ck-kreatinkinase\/","title":{"rendered":"CK (Kreatinkinase)"},"content":{"rendered":"<h3 class=\"csc-firstHeader\">CK (Kreatinkinase)<\/h3><p><span>LABOKLIN Leistungs-ID: 8<\/span><\/p><p class=\"bodytext\"><br><\/p><table class=\"tx-laboklinleistung-table contenttable contenttable-2\" style=\"margin-top: 35px;\"><tr><td class=\"td-0\"><strong>Material<\/strong><\/td><td class=\"td-1\"><p class=\"bodytext\">Serum oder EDTA-Plasma oder Heparin-Plasma 0,5 ml<\/p><\/td><\/tr><tr><td class=\"td-0\"><strong>Methode<\/strong><\/td><td class=\"td-1\"><p class=\"bodytext\">Photometrie<\/p><\/td><\/tr><tr><td class=\"td-0\"><strong>Dauer<\/strong><\/td><td class=\"td-1\"><p class=\"bodytext\">Befund\u00fcbermittlung am Tag des Probeneingangs (Mo.-Sa.)<\/p><\/td><\/tr><tr><td class=\"td-0\"><strong>Anmerkung<\/strong><\/td><td class=\"td-1\"><p class=\"bodytext\"><ul><li>H\u00f6chste Aktivit\u00e4t in der Skelettmuskulatur, gefolgt von Herz- und Hirngewebe.<\/li><li>CK ist ein empfindlicher, aber unspezifischer Marker f\u00fcr Muskelzellsch\u00e4digung. Erh\u00f6hte Serumkonzentrationen entstehen bei Myopathien, Traumata, i.m. Injektionen oder nach starker Belastung.<\/li><li>Hirnsch\u00e4den f\u00fchren bei intakter Blut-Hirn-Schranke nicht zu erh\u00f6hten Serum-CK-Konzentrationen.<\/li><\/ul><\/p><\/td><\/tr><\/table>\n","protected":false},"excerpt":{"rendered":"<p>CK (Kreatinkinase)LABOKLIN Leistungs-ID: 8MaterialSerum oder EDTA-Plasma oder Heparin-Plasma 0,5 mlMethodePhotometrieDauerBefund\u00fcbermittlung am Tag des Probeneingangs (Mo.-Sa.)AnmerkungH\u00f6chste Aktivit\u00e4t in der Skelettmuskulatur, gefolgt von Herz- und Hirngewebe.CK ist ein empfindlicher, aber unspezifischer Marker f\u00fcr Muskelzellsch\u00e4digung. Erh\u00f6hte Serumkonzentrationen entstehen bei Myopathien, Traumata, i.m. Injektionen oder nach starker Belastung.Hirnsch\u00e4den f\u00fchren bei intakter Blut-Hirn-Schranke nicht zu erh\u00f6hten Serum-CK-Konzentrationen.<\/p>\n","protected":false},"author":1,"featured_media":0,"parent":1332893,"menu_order":3,"comment_status":"closed","ping_status":"closed","template":"","meta":{"_seopress_robots_primary_cat":"","_seopress_titles_title":"","_seopress_titles_desc":"","_seopress_robots_index":"","footnotes":""},"class_list":["post-1334444","page","type-page","status-publish","hentry","description-off"],"_links":{"self":[{"href":"https:\/\/laboklin.de\/de-ch\/wp-json\/wp\/v2\/pages\/1334444","targetHints":{"allow":["GET"]}}],"collection":[{"href":"https:\/\/laboklin.de\/de-ch\/wp-json\/wp\/v2\/pages"}],"about":[{"href":"https:\/\/laboklin.de\/de-ch\/wp-json\/wp\/v2\/types\/page"}],"author":[{"embeddable":true,"href":"https:\/\/laboklin.de\/de-ch\/wp-json\/wp\/v2\/users\/1"}],"replies":[{"embeddable":true,"href":"https:\/\/laboklin.de\/de-ch\/wp-json\/wp\/v2\/comments?post=1334444"}],"version-history":[{"count":1,"href":"https:\/\/laboklin.de\/de-ch\/wp-json\/wp\/v2\/pages\/1334444\/revisions"}],"predecessor-version":[{"id":1504273,"href":"https:\/\/laboklin.de\/de-ch\/wp-json\/wp\/v2\/pages\/1334444\/revisions\/1504273"}],"up":[{"embeddable":true,"href":"https:\/\/laboklin.de\/de-ch\/wp-json\/wp\/v2\/pages\/1332893"}],"wp:attachment":[{"href":"https:\/\/laboklin.de\/de-ch\/wp-json\/wp\/v2\/media?parent=1334444"}],"curies":[{"name":"wp","href":"https:\/\/api.w.org\/{rel}","templated":true}]}}