{"id":1334439,"date":"2020-10-16T11:36:27","date_gmt":"2020-10-16T09:36:27","guid":{"rendered":"https:\/\/laboklin.de\/leistungen\/haematologie-klin-chemie-endokrinologie\/haematologie\/blutbild\/blutbild-klein\/"},"modified":"2025-01-28T10:26:43","modified_gmt":"2025-01-28T09:26:43","slug":"blutbild-klein","status":"publish","type":"page","link":"https:\/\/laboklin.de\/de-ch\/leistungen\/haematologie-klin-chemie-endokrinologie\/haematologie\/blutbild\/blutbild-klein\/","title":{"rendered":"Blutbild (klein)"},"content":{"rendered":"<h3 class=\"csc-firstHeader\">Blutbild (klein)<\/h3><p><span>LABOKLIN Leistungs-ID: 1011<\/span><\/p><table class=\"tx-laboklinleistung-table contenttable contenttable-2\" style=\"margin-top: 35px;\"><tr><td class=\"td-0\"><strong>Material<\/strong><\/td><td class=\"td-1\"><p class=\"bodytext\">EDTA-Blut 1 ml (+ Blutausstrich)<br>Kleins\u00e4uger: EDTA-Blut oder Heparin-Blut 0,5 ml (+ Blutausstrich)<\/p><\/td><\/tr><tr><td class=\"td-0\"><strong>Parameter<\/strong><\/td><td class=\"td-1\"><p class=\"bodytext\">rotes Blutbild, Indizes (Hund, Katze), Leukozyten, Thrombozyten<\/p><\/td><\/tr><tr><td class=\"td-0\"><strong>Methode<\/strong><\/td><td class=\"td-1\"><p class=\"bodytext\">Durchflusszytometrie <\/p><\/td><\/tr><tr><td class=\"td-0\"><strong>Tierart(en)<\/strong><\/td><td class=\"td-1\"><p class=\"bodytext\">S\u00e4ugetiere<\/p><\/td><\/tr><tr><td class=\"td-0\"><strong>Dauer<\/strong><\/td><td class=\"td-1\"><p class=\"bodytext\">Befund\u00fcbermittlung am Tag des Probeneingangs (Mo.-Sa.)<\/p><\/td><\/tr><tr><td class=\"td-0\"><strong>Anmerkung<\/strong><\/td><td class=\"td-1\"><p class=\"bodytext\"><ul><li>F\u00fcr aussagekr\u00e4ftige Resultate sollte die Probe <strong>nicht \u00e4lter als 48 Stdn.<\/strong> sein.<\/li><li>Das kleine Blutbild umfasst die Parameter Erythrozyten, Leukozyten, Thrombozyten, H\u00e4moglobin und H\u00e4matokrit sowie bei <strong>Hund<\/strong> und <strong>Katze<\/strong> die Erythrozytenindizes MCV, MCHC und MCH.<\/li><\/ul><\/p><\/td><\/tr><\/table>\n","protected":false},"excerpt":{"rendered":"<p>Blutbild (klein)LABOKLIN Leistungs-ID: 1011MaterialEDTA-Blut 1 ml (+ Blutausstrich)Kleins\u00e4uger: EDTA-Blut oder Heparin-Blut 0,5 ml (+ Blutausstrich)Parameterrotes Blutbild, Indizes (Hund, Katze), Leukozyten, ThrombozytenMethodeDurchflusszytometrie Tierart(en)S\u00e4ugetiereDauerBefund\u00fcbermittlung am Tag des Probeneingangs (Mo.-Sa.)AnmerkungF\u00fcr aussagekr\u00e4ftige Resultate sollte die Probe nicht \u00e4lter als 48 Stdn. sein.Das kleine Blutbild umfasst die Parameter Erythrozyten, Leukozyten, Thrombozyten, H\u00e4moglobin und H\u00e4matokrit sowie bei Hund und Katze die&hellip;<\/p>\n","protected":false},"author":1,"featured_media":0,"parent":1332883,"menu_order":3,"comment_status":"closed","ping_status":"closed","template":"","meta":{"_seopress_robots_primary_cat":"","_seopress_titles_title":"","_seopress_titles_desc":"","_seopress_robots_index":"","footnotes":""},"class_list":["post-1334439","page","type-page","status-publish","hentry","description-off"],"_links":{"self":[{"href":"https:\/\/laboklin.de\/de-ch\/wp-json\/wp\/v2\/pages\/1334439","targetHints":{"allow":["GET"]}}],"collection":[{"href":"https:\/\/laboklin.de\/de-ch\/wp-json\/wp\/v2\/pages"}],"about":[{"href":"https:\/\/laboklin.de\/de-ch\/wp-json\/wp\/v2\/types\/page"}],"author":[{"embeddable":true,"href":"https:\/\/laboklin.de\/de-ch\/wp-json\/wp\/v2\/users\/1"}],"replies":[{"embeddable":true,"href":"https:\/\/laboklin.de\/de-ch\/wp-json\/wp\/v2\/comments?post=1334439"}],"version-history":[{"count":1,"href":"https:\/\/laboklin.de\/de-ch\/wp-json\/wp\/v2\/pages\/1334439\/revisions"}],"predecessor-version":[{"id":1504191,"href":"https:\/\/laboklin.de\/de-ch\/wp-json\/wp\/v2\/pages\/1334439\/revisions\/1504191"}],"up":[{"embeddable":true,"href":"https:\/\/laboklin.de\/de-ch\/wp-json\/wp\/v2\/pages\/1332883"}],"wp:attachment":[{"href":"https:\/\/laboklin.de\/de-ch\/wp-json\/wp\/v2\/media?parent=1334439"}],"curies":[{"name":"wp","href":"https:\/\/api.w.org\/{rel}","templated":true}]}}