{"id":1334437,"date":"2020-10-19T15:48:03","date_gmt":"2020-10-19T13:48:03","guid":{"rendered":"https:\/\/laboklin.de\/leistungen\/mikrobiologie-parasitologie\/autovakzine-bestandsspezifische-vakzine\/inhalationsimpfstoff\/"},"modified":"2020-10-19T15:48:03","modified_gmt":"2020-10-19T13:48:03","slug":"inhalationsimpfstoff","status":"publish","type":"page","link":"https:\/\/laboklin.de\/de-ch\/leistungen\/mikrobiologie-parasitologie\/autovakzine-bestandsspezifische-vakzine\/inhalationsimpfstoff\/","title":{"rendered":"Inhalationsimpfstoff"},"content":{"rendered":"<h3 class=\"csc-firstHeader\">Inhalationsimpfstoff<\/h3><p><span>LABOKLIN Leistungs-ID: 1554<\/span><\/p><p class=\"bodytext\"><br><ul> <li>bei chronischen Atemwegsinfektionen (Nasen-Rachen-Raum)<\/li> <li>Es ist eine vorausgehende bakteriologische Untersuchung erforderlich<\/li> <li><strong>Bitte beachten Sie: <\/strong>Zur Herstellung dieses Pr\u00e4parates ben\u00f6tigen wir von Ihrer Praxis ein <strong>Rezept!<\/strong><\/li><\/ul><\/p><table class=\"tx-laboklinleistung-table contenttable contenttable-2\" style=\"margin-top: 35px;\"><tr><td class=\"td-0\"><strong>Material<\/strong><\/td><td class=\"td-1\"><p class=\"bodytext\">Tupfer mit Medium  (Respirationstrakt), bronchoalveol\u00e4re Lavage, Trachealsp\u00fclung<\/p><\/td><\/tr><tr><td class=\"td-0\"><strong>Methode<\/strong><\/td><td class=\"td-1\"><p class=\"bodytext\">Bakteriologische Anzucht der aeroben Keime, darauf folgende Inaktivierung der Erreger und anschlie\u00dfende Herstellung der Autovakzine-L\u00f6sung <\/p><\/td><\/tr><tr><td class=\"td-0\"><strong>Tierart(en)<\/strong><\/td><td class=\"td-1\"><p class=\"bodytext\">siehe Seite \"Autovakzine\/bestandsspezifische Vakzine\"<\/p><\/td><\/tr><tr><td class=\"td-0\"><strong>Dauer<\/strong><\/td><td class=\"td-1\"><p class=\"bodytext\">3 Wochen<\/p><\/td><\/tr><\/table>\n","protected":false},"excerpt":{"rendered":"<p>InhalationsimpfstoffLABOKLIN Leistungs-ID: 1554 bei chronischen Atemwegsinfektionen (Nasen-Rachen-Raum) Es ist eine vorausgehende bakteriologische Untersuchung erforderlich Bitte beachten Sie: Zur Herstellung dieses Pr\u00e4parates ben\u00f6tigen wir von Ihrer Praxis ein Rezept!MaterialTupfer mit Medium (Respirationstrakt), bronchoalveol\u00e4re Lavage, Trachealsp\u00fclungMethodeBakteriologische Anzucht der aeroben Keime, darauf folgende Inaktivierung der Erreger und anschlie\u00dfende Herstellung der Autovakzine-L\u00f6sung Tierart(en)siehe Seite &#171;Autovakzine\/bestandsspezifische Vakzine&#187;Dauer3 Wochen<\/p>\n","protected":false},"author":1,"featured_media":0,"parent":1332791,"menu_order":3,"comment_status":"closed","ping_status":"closed","template":"","meta":{"_seopress_robots_primary_cat":"","_seopress_titles_title":"","_seopress_titles_desc":"","_seopress_robots_index":"","footnotes":""},"class_list":["post-1334437","page","type-page","status-publish","hentry","description-off"],"_links":{"self":[{"href":"https:\/\/laboklin.de\/de-ch\/wp-json\/wp\/v2\/pages\/1334437","targetHints":{"allow":["GET"]}}],"collection":[{"href":"https:\/\/laboklin.de\/de-ch\/wp-json\/wp\/v2\/pages"}],"about":[{"href":"https:\/\/laboklin.de\/de-ch\/wp-json\/wp\/v2\/types\/page"}],"author":[{"embeddable":true,"href":"https:\/\/laboklin.de\/de-ch\/wp-json\/wp\/v2\/users\/1"}],"replies":[{"embeddable":true,"href":"https:\/\/laboklin.de\/de-ch\/wp-json\/wp\/v2\/comments?post=1334437"}],"version-history":[{"count":0,"href":"https:\/\/laboklin.de\/de-ch\/wp-json\/wp\/v2\/pages\/1334437\/revisions"}],"up":[{"embeddable":true,"href":"https:\/\/laboklin.de\/de-ch\/wp-json\/wp\/v2\/pages\/1332791"}],"wp:attachment":[{"href":"https:\/\/laboklin.de\/de-ch\/wp-json\/wp\/v2\/media?parent=1334437"}],"curies":[{"name":"wp","href":"https:\/\/api.w.org\/{rel}","templated":true}]}}