{"id":1334218,"date":"2020-10-16T11:36:27","date_gmt":"2020-10-16T09:36:27","guid":{"rendered":"https:\/\/laboklin.de\/leistungen\/infektionskrankheiten-erreger-und-antikoerpernachweise\/viren\/bornaviren\/bornavirus-saeugetiere-pcr\/"},"modified":"2025-01-30T08:34:06","modified_gmt":"2025-01-30T07:34:06","slug":"bornavirus-saeugetiere-pcr","status":"publish","type":"page","link":"https:\/\/laboklin.de\/de-ch\/leistungen\/infektionskrankheiten-erreger-und-antikoerpernachweise\/viren\/bornaviren\/bornavirus-saeugetiere-pcr\/","title":{"rendered":"Bornavirus (S\u00e4ugetiere) &#8211; PCR"},"content":{"rendered":"<h3 class=\"csc-firstHeader\">Bornavirus (S\u00e4ugetiere) - PCR<\/h3><p><span>LABOKLIN Leistungs-ID: 8343<\/span><\/p><table class=\"tx-laboklinleistung-table contenttable contenttable-2\" style=\"margin-top: 35px;\"><tr><td class=\"td-0\"><strong>Material<\/strong><\/td><td class=\"td-1\"><p class=\"bodytext\">Liquor, Gewebe (Gehirn), EDTA-Blut (Vir\u00e4mie), Kammerwasser (nur Pferd), Retina (nur Pferd)<\/p><\/td><\/tr><tr><td class=\"td-0\"><strong>Methode<\/strong><\/td><td class=\"td-1\"><p class=\"bodytext\">realtime PCR<\/p><\/td><\/tr><tr><td class=\"td-0\"><strong>Tierart(en)<\/strong><\/td><td class=\"td-1\"><p class=\"bodytext\">Katze, Pferd, Wiederk\u00e4uer, Neuweltkamele<\/p><\/td><\/tr><tr><td class=\"td-0\"><strong>Dauer<\/strong><\/td><td class=\"td-1\"><p class=\"bodytext\">1 - 3 Tage<\/p><\/td><\/tr><\/table>\n","protected":false},"excerpt":{"rendered":"<p>Bornavirus (S\u00e4ugetiere) &#8211; PCRLABOKLIN Leistungs-ID: 8343MaterialLiquor, Gewebe (Gehirn), EDTA-Blut (Vir\u00e4mie), Kammerwasser (nur Pferd), Retina (nur Pferd)Methoderealtime PCRTierart(en)Katze, Pferd, Wiederk\u00e4uer, NeuweltkameleDauer1 &#8211; 3 Tage<\/p>\n","protected":false},"author":1,"featured_media":0,"parent":1332912,"menu_order":2,"comment_status":"closed","ping_status":"closed","template":"","meta":{"_seopress_robots_primary_cat":"","_seopress_titles_title":"","_seopress_titles_desc":"","_seopress_robots_index":"","footnotes":""},"class_list":["post-1334218","page","type-page","status-publish","hentry","description-off"],"_links":{"self":[{"href":"https:\/\/laboklin.de\/de-ch\/wp-json\/wp\/v2\/pages\/1334218","targetHints":{"allow":["GET"]}}],"collection":[{"href":"https:\/\/laboklin.de\/de-ch\/wp-json\/wp\/v2\/pages"}],"about":[{"href":"https:\/\/laboklin.de\/de-ch\/wp-json\/wp\/v2\/types\/page"}],"author":[{"embeddable":true,"href":"https:\/\/laboklin.de\/de-ch\/wp-json\/wp\/v2\/users\/1"}],"replies":[{"embeddable":true,"href":"https:\/\/laboklin.de\/de-ch\/wp-json\/wp\/v2\/comments?post=1334218"}],"version-history":[{"count":1,"href":"https:\/\/laboklin.de\/de-ch\/wp-json\/wp\/v2\/pages\/1334218\/revisions"}],"predecessor-version":[{"id":1504729,"href":"https:\/\/laboklin.de\/de-ch\/wp-json\/wp\/v2\/pages\/1334218\/revisions\/1504729"}],"up":[{"embeddable":true,"href":"https:\/\/laboklin.de\/de-ch\/wp-json\/wp\/v2\/pages\/1332912"}],"wp:attachment":[{"href":"https:\/\/laboklin.de\/de-ch\/wp-json\/wp\/v2\/media?parent=1334218"}],"curies":[{"name":"wp","href":"https:\/\/api.w.org\/{rel}","templated":true}]}}