{"id":1334192,"date":"2020-10-16T11:36:27","date_gmt":"2020-10-16T09:36:27","guid":{"rendered":"https:\/\/laboklin.de\/leistungen\/haematologie-klin-chemie-endokrinologie\/haematologie\/blutgruppen-bestimmung\/kreuztest-hund-katze\/"},"modified":"2025-01-28T12:24:40","modified_gmt":"2025-01-28T11:24:40","slug":"kreuztest-hund-katze","status":"publish","type":"page","link":"https:\/\/laboklin.de\/de-ch\/leistungen\/haematologie-klin-chemie-endokrinologie\/haematologie\/blutgruppen-bestimmung\/kreuztest-hund-katze\/","title":{"rendered":"Kreuztest (Hund, Katze)"},"content":{"rendered":"<h3 class=\"csc-firstHeader\">Kreuztest (Hund, Katze)<\/h3><p><span>LABOKLIN Leistungs-ID: 1034<\/span><\/p><table class=\"tx-laboklinleistung-table contenttable contenttable-2\" style=\"margin-top: 35px;\"><tr><td class=\"td-0\"><strong>Material<\/strong><\/td><td class=\"td-1\"><p class=\"bodytext\">von Spender und Empf\u00e4nger: EDTA-Blut 1,5 ml (maximales <strong>Probenalter<\/strong> siehe <strong>Untersuchungsauftrag<\/strong>)<\/p><\/td><\/tr><tr><td class=\"td-0\"><strong>Methode<\/strong><\/td><td class=\"td-1\"><p class=\"bodytext\">Immunchromatographie<\/p><\/td><\/tr><tr><td class=\"td-0\"><strong>Dauer<\/strong><\/td><td class=\"td-1\"><p class=\"bodytext\">1-2 Tage<\/p><\/td><\/tr><tr><td class=\"td-0\"><strong>Anmerkung<\/strong><\/td><td class=\"td-1\"><p class=\"bodytext\"><ul><li>Bitte nehmen Sie vor Probenahme Kontakt mit uns auf.<\/li> <li>Pr\u00fcfung auf evtl. negative Effekte zwischen Spender- und Empf\u00e4ngerblut.<\/li> <li>Um eine sichere Vollbluttransfusion zu gew\u00e4hrleisten,\numfasst der Test den Major- und den Minor-Kreuztest.\n(Major-Kreuztest: Spender-Erythrozyten + Empf\u00e4nger-Plasma;\nMinor-Kreuztest: Empf\u00e4nger-Erythrozyten + Spender-Plasma)<\/li> <li>Kreuztests k\u00f6nnen auch f\u00fcr den Praxisgebrauch versendet werden. Zur Durchf\u00fchrung finden Sie ein Tutorial in der Rubrik Fachinformationen unter Video-Tutorials.<\/li><\/ul>\n<\/p><\/td><\/tr><\/table>\n","protected":false},"excerpt":{"rendered":"<p>Kreuztest (Hund, Katze)LABOKLIN Leistungs-ID: 1034Materialvon Spender und Empf\u00e4nger: EDTA-Blut 1,5 ml (maximales Probenalter siehe Untersuchungsauftrag)MethodeImmunchromatographieDauer1-2 TageAnmerkungBitte nehmen Sie vor Probenahme Kontakt mit uns auf. Pr\u00fcfung auf evtl. negative Effekte zwischen Spender- und Empf\u00e4ngerblut. Um eine sichere Vollbluttransfusion zu gew\u00e4hrleisten, umfasst der Test den Major- und den Minor-Kreuztest. (Major-Kreuztest: Spender-Erythrozyten + Empf\u00e4nger-Plasma; Minor-Kreuztest: Empf\u00e4nger-Erythrozyten + Spender-Plasma)&hellip;<\/p>\n","protected":false},"author":1,"featured_media":0,"parent":1332887,"menu_order":2,"comment_status":"closed","ping_status":"closed","template":"","meta":{"_seopress_robots_primary_cat":"","_seopress_titles_title":"","_seopress_titles_desc":"","_seopress_robots_index":"","footnotes":""},"class_list":["post-1334192","page","type-page","status-publish","hentry","description-off"],"_links":{"self":[{"href":"https:\/\/laboklin.de\/de-ch\/wp-json\/wp\/v2\/pages\/1334192","targetHints":{"allow":["GET"]}}],"collection":[{"href":"https:\/\/laboklin.de\/de-ch\/wp-json\/wp\/v2\/pages"}],"about":[{"href":"https:\/\/laboklin.de\/de-ch\/wp-json\/wp\/v2\/types\/page"}],"author":[{"embeddable":true,"href":"https:\/\/laboklin.de\/de-ch\/wp-json\/wp\/v2\/users\/1"}],"replies":[{"embeddable":true,"href":"https:\/\/laboklin.de\/de-ch\/wp-json\/wp\/v2\/comments?post=1334192"}],"version-history":[{"count":1,"href":"https:\/\/laboklin.de\/de-ch\/wp-json\/wp\/v2\/pages\/1334192\/revisions"}],"predecessor-version":[{"id":1504245,"href":"https:\/\/laboklin.de\/de-ch\/wp-json\/wp\/v2\/pages\/1334192\/revisions\/1504245"}],"up":[{"embeddable":true,"href":"https:\/\/laboklin.de\/de-ch\/wp-json\/wp\/v2\/pages\/1332887"}],"wp:attachment":[{"href":"https:\/\/laboklin.de\/de-ch\/wp-json\/wp\/v2\/media?parent=1334192"}],"curies":[{"name":"wp","href":"https:\/\/api.w.org\/{rel}","templated":true}]}}