{"id":1334182,"date":"2020-11-03T12:02:51","date_gmt":"2020-11-03T11:02:51","guid":{"rendered":"https:\/\/laboklin.de\/leistungen\/mikrobiologie-parasitologie\/parasitologie\/untersuchung-auf-blutparasiten\/mikrofilarien-knott-test\/"},"modified":"2020-11-03T12:02:51","modified_gmt":"2020-11-03T11:02:51","slug":"mikrofilarien-knott-test","status":"publish","type":"page","link":"https:\/\/laboklin.de\/de-ch\/leistungen\/mikrobiologie-parasitologie\/parasitologie\/untersuchung-auf-blutparasiten\/mikrofilarien-knott-test\/","title":{"rendered":"Mikrofilarien &#8211; Knott-Test"},"content":{"rendered":"<h3 class=\"csc-firstHeader\">Mikrofilarien - Knott-Test<\/h3><p><span>LABOKLIN Leistungs-ID: 2017<\/span><\/p><table class=\"tx-laboklinleistung-table contenttable contenttable-2\" style=\"margin-top: 35px;\"><tr><td class=\"td-0\"><strong>Material<\/strong><\/td><td class=\"td-1\"><p class=\"bodytext\">EDTA-Blut 0,5 ml<\/p><\/td><\/tr><tr><td class=\"td-0\"><strong>Methode<\/strong><\/td><td class=\"td-1\"><p class=\"bodytext\">Knott-Test<\/p><\/td><\/tr><tr><td class=\"td-0\"><strong>Dauer<\/strong><\/td><td class=\"td-1\"><p class=\"bodytext\">1 Tag<\/p><\/td><\/tr><tr><td class=\"td-0\"><strong>Anmerkung<\/strong><\/td><td class=\"td-1\"><p class=\"bodytext\"><ul><li>Die Mikrofilarien von Dirofilaria immitis reichern sich abends im peripheren Blut an (Adaptation an das Stechverhalten der \u00dcbertr\u00e4germ\u00fccken). F\u00fcr die anderen Filarienarten ist dieses Verhalten zwar noch nicht dokumentiert, es ist jedoch sinnvoll, die Blutprobe m\u00f6glichst in den Abendstunden zu nehmen. <\/li> <li>F\u00fcr die Ausreise nach S\u00fcdafrika ist der Filtrationstest vorgeschrieben. <\/li><\/ul><\/p><\/td><\/tr><\/table>\n","protected":false},"excerpt":{"rendered":"<p>Mikrofilarien &#8211; Knott-TestLABOKLIN Leistungs-ID: 2017MaterialEDTA-Blut 0,5 mlMethodeKnott-TestDauer1 TagAnmerkungDie Mikrofilarien von Dirofilaria immitis reichern sich abends im peripheren Blut an (Adaptation an das Stechverhalten der \u00dcbertr\u00e4germ\u00fccken). F\u00fcr die anderen Filarienarten ist dieses Verhalten zwar noch nicht dokumentiert, es ist jedoch sinnvoll, die Blutprobe m\u00f6glichst in den Abendstunden zu nehmen. F\u00fcr die Ausreise nach S\u00fcdafrika ist der&hellip;<\/p>\n","protected":false},"author":1,"featured_media":0,"parent":1333222,"menu_order":2,"comment_status":"closed","ping_status":"closed","template":"","meta":{"_seopress_robots_primary_cat":"","_seopress_titles_title":"","_seopress_titles_desc":"","_seopress_robots_index":"","footnotes":""},"class_list":["post-1334182","page","type-page","status-publish","hentry","description-off"],"_links":{"self":[{"href":"https:\/\/laboklin.de\/de-ch\/wp-json\/wp\/v2\/pages\/1334182","targetHints":{"allow":["GET"]}}],"collection":[{"href":"https:\/\/laboklin.de\/de-ch\/wp-json\/wp\/v2\/pages"}],"about":[{"href":"https:\/\/laboklin.de\/de-ch\/wp-json\/wp\/v2\/types\/page"}],"author":[{"embeddable":true,"href":"https:\/\/laboklin.de\/de-ch\/wp-json\/wp\/v2\/users\/1"}],"replies":[{"embeddable":true,"href":"https:\/\/laboklin.de\/de-ch\/wp-json\/wp\/v2\/comments?post=1334182"}],"version-history":[{"count":0,"href":"https:\/\/laboklin.de\/de-ch\/wp-json\/wp\/v2\/pages\/1334182\/revisions"}],"up":[{"embeddable":true,"href":"https:\/\/laboklin.de\/de-ch\/wp-json\/wp\/v2\/pages\/1333222"}],"wp:attachment":[{"href":"https:\/\/laboklin.de\/de-ch\/wp-json\/wp\/v2\/media?parent=1334182"}],"curies":[{"name":"wp","href":"https:\/\/api.w.org\/{rel}","templated":true}]}}