{"id":1334060,"date":"2020-10-16T11:36:27","date_gmt":"2020-10-16T09:36:27","guid":{"rendered":"https:\/\/laboklin.de\/leistungen\/genetik\/fellfarbe-haarstruktur\/pferd\/graying\/"},"modified":"2025-02-25T13:25:14","modified_gmt":"2025-02-25T12:25:14","slug":"graying","status":"publish","type":"page","link":"https:\/\/laboklin.de\/de-ch\/leistungen\/genetik\/fellfarbe-haarstruktur\/pferd\/graying\/","title":{"rendered":"Graying*"},"content":{"rendered":"<h3 class=\"csc-firstHeader\">Graying*<\/h3><p><span>LABOKLIN Leistungs-ID: 8159<\/span><\/p><p class=\"bodytext\">Pferde, die die Graying-Mutation tragen, kommen farbig zur Welt und verlieren nach und nach die Pigmentierung der Haare. Die Pigmentierung der Haut bleibt in der urspr\u00fcnglichen Farbe. Bis zum Alter von 6 - 8 Jahren werden die Pferde vollst\u00e4ndig grau\/wei\u00df. Die genetische Ursache daf\u00fcr ist eine Duplikation im STX17-Gen, die autosomal-dominant vererbt wird, das hei\u00dft auch Pferde, die nur eine Kopie der Mutation tragen (hetereozygote Tiere G\/g), werden grau\/wei\u00df. Diese Pferde werden h\u00e4ufig nicht rein wei\u00df sondern bleiben Apfel- oder Fliegenschimmel bis an ihr Lebensende. Homozygote (G\/G) werden meist schon in jungen Jahren vollst\u00e4ndig wei\u00df. Im direkten Zusammenhang mit der Graying-Mutation steht die Bildung von Melanomen, so haben 70 - 80 % aller Schimmel \u00fcber 15 Jahre ein oder mehrere Melanome. Die Inzidenz ist statistisch gesehen h\u00f6her f\u00fcr Pferde, die die Duplikation homozygot tragen im vergleich zu Heterozygoten, ebenso ist sie abh\u00e4ngig von der Grundfarbe des Pferdes, die am Agouti-Lokus bestimmt wird. Schwarz geborene Schimmel tragen ein signifikant h\u00f6heres Risiko Melanome zu bekommen als wei\u00dfe Pferde, die braun zur Welt kommen. <\/p><table class=\"tx-laboklinleistung-table contenttable contenttable-2\" style=\"margin-top: 35px;\"><tr><td class=\"td-0\"><strong>Material<\/strong><\/td><td class=\"td-1\"><p class=\"bodytext\">nur M\u00e4hnen-\/Schweifhaare<\/p><\/td><\/tr><tr><td class=\"td-0\"><strong>Methode<\/strong><\/td><td class=\"td-1\"><p class=\"bodytext\">Partnerlabor<\/p><\/td><\/tr><tr><td class=\"td-0\"><strong>Dauer<\/strong><\/td><td class=\"td-1\"><p class=\"bodytext\">4 - 6 Wochen nach Erhalt der Probe<\/p><\/td><\/tr><\/table>\n","protected":false},"excerpt":{"rendered":"<p>Graying*LABOKLIN Leistungs-ID: 8159Pferde, die die Graying-Mutation tragen, kommen farbig zur Welt und verlieren nach und nach die Pigmentierung der Haare. Die Pigmentierung der Haut bleibt in der urspr\u00fcnglichen Farbe. Bis zum Alter von 6 &#8211; 8 Jahren werden die Pferde vollst\u00e4ndig grau\/wei\u00df. Die genetische Ursache daf\u00fcr ist eine Duplikation im STX17-Gen, die autosomal-dominant vererbt wird,&hellip;<\/p>\n","protected":false},"author":1,"featured_media":0,"parent":1332723,"menu_order":1,"comment_status":"closed","ping_status":"closed","template":"","meta":{"_seopress_robots_primary_cat":"","_seopress_titles_title":"","_seopress_titles_desc":"","_seopress_robots_index":"","footnotes":""},"class_list":["post-1334060","page","type-page","status-publish","hentry","description-off"],"_links":{"self":[{"href":"https:\/\/laboklin.de\/de-ch\/wp-json\/wp\/v2\/pages\/1334060","targetHints":{"allow":["GET"]}}],"collection":[{"href":"https:\/\/laboklin.de\/de-ch\/wp-json\/wp\/v2\/pages"}],"about":[{"href":"https:\/\/laboklin.de\/de-ch\/wp-json\/wp\/v2\/types\/page"}],"author":[{"embeddable":true,"href":"https:\/\/laboklin.de\/de-ch\/wp-json\/wp\/v2\/users\/1"}],"replies":[{"embeddable":true,"href":"https:\/\/laboklin.de\/de-ch\/wp-json\/wp\/v2\/comments?post=1334060"}],"version-history":[{"count":1,"href":"https:\/\/laboklin.de\/de-ch\/wp-json\/wp\/v2\/pages\/1334060\/revisions"}],"predecessor-version":[{"id":1510914,"href":"https:\/\/laboklin.de\/de-ch\/wp-json\/wp\/v2\/pages\/1334060\/revisions\/1510914"}],"up":[{"embeddable":true,"href":"https:\/\/laboklin.de\/de-ch\/wp-json\/wp\/v2\/pages\/1332723"}],"wp:attachment":[{"href":"https:\/\/laboklin.de\/de-ch\/wp-json\/wp\/v2\/media?parent=1334060"}],"curies":[{"name":"wp","href":"https:\/\/api.w.org\/{rel}","templated":true}]}}