{"id":1334014,"date":"2020-10-16T11:36:27","date_gmt":"2020-10-16T09:36:27","guid":{"rendered":"https:\/\/laboklin.de\/leistungen\/infektionskrankheiten-erreger-und-antikoerpernachweise\/parasiten\/toxoplasmen\/toxoplasma-antikoerper\/"},"modified":"2025-02-03T10:55:05","modified_gmt":"2025-02-03T09:55:05","slug":"toxoplasma-antikoerper","status":"publish","type":"page","link":"https:\/\/laboklin.de\/de-ch\/leistungen\/infektionskrankheiten-erreger-und-antikoerpernachweise\/parasiten\/toxoplasmen\/toxoplasma-antikoerper\/","title":{"rendered":"Toxoplasma &#8211; Antik\u00f6rper"},"content":{"rendered":"<h3 class=\"csc-firstHeader\">Toxoplasma - Antik\u00f6rper<\/h3><p><span>LABOKLIN Leistungs-ID: 132<\/span><\/p><table class=\"tx-laboklinleistung-table contenttable contenttable-2\" style=\"margin-top: 35px;\"><tr><td class=\"td-0\"><strong>Material<\/strong><\/td><td class=\"td-1\"><p class=\"bodytext\">Serum oder EDTA-Plasma oder Heparin-Plasma 0,5 ml<\/p><\/td><\/tr><tr><td class=\"td-0\"><strong>Parameter<\/strong><\/td><td class=\"td-1\"><p class=\"bodytext\">IgG + IgM <br>Ziege: IgG<\/p><\/td><\/tr><tr><td class=\"td-0\"><strong>Methode<\/strong><\/td><td class=\"td-1\"><p class=\"bodytext\">ELISA<\/p><\/td><\/tr><tr><td class=\"td-0\"><strong>Tierart(en)<\/strong><\/td><td class=\"td-1\"><p class=\"bodytext\">Hund, Katze, Kaninchen, Meerschweinchen, Wiederk\u00e4uer, Neuweltkamele, Schwein, weitere auf Anfrage<\/p><\/td><\/tr><tr><td class=\"td-0\"><strong>Dauer<\/strong><\/td><td class=\"td-1\"><p class=\"bodytext\">1 - 2 Tage<\/p><\/td><\/tr><tr><td class=\"td-0\"><strong>Anmerkung<\/strong><\/td><td class=\"td-1\"><p class=\"bodytext\"><strong>Katze: <\/strong>Erh\u00f6hte IgM-Titer k\u00f6nnen auf eine Ausscheidung von Oozysten hinweisen. IgG-Antik\u00f6rpertiter zeigen Exposition und k\u00f6nnen auch bei der Katze auf eine klinische Symptomatik hinweisen.<\/p><\/td><\/tr><\/table>\n","protected":false},"excerpt":{"rendered":"<p>Toxoplasma &#8211; Antik\u00f6rperLABOKLIN Leistungs-ID: 132MaterialSerum oder EDTA-Plasma oder Heparin-Plasma 0,5 mlParameterIgG + IgM Ziege: IgGMethodeELISATierart(en)Hund, Katze, Kaninchen, Meerschweinchen, Wiederk\u00e4uer, Neuweltkamele, Schwein, weitere auf AnfrageDauer1 &#8211; 2 TageAnmerkungKatze: Erh\u00f6hte IgM-Titer k\u00f6nnen auf eine Ausscheidung von Oozysten hinweisen. IgG-Antik\u00f6rpertiter zeigen Exposition und k\u00f6nnen auch bei der Katze auf eine klinische Symptomatik hinweisen.<\/p>\n","protected":false},"author":1,"featured_media":0,"parent":1333177,"menu_order":1,"comment_status":"closed","ping_status":"closed","template":"","meta":{"_seopress_robots_primary_cat":"","_seopress_titles_title":"","_seopress_titles_desc":"","_seopress_robots_index":"","footnotes":""},"class_list":["post-1334014","page","type-page","status-publish","hentry","description-off"],"_links":{"self":[{"href":"https:\/\/laboklin.de\/de-ch\/wp-json\/wp\/v2\/pages\/1334014","targetHints":{"allow":["GET"]}}],"collection":[{"href":"https:\/\/laboklin.de\/de-ch\/wp-json\/wp\/v2\/pages"}],"about":[{"href":"https:\/\/laboklin.de\/de-ch\/wp-json\/wp\/v2\/types\/page"}],"author":[{"embeddable":true,"href":"https:\/\/laboklin.de\/de-ch\/wp-json\/wp\/v2\/users\/1"}],"replies":[{"embeddable":true,"href":"https:\/\/laboklin.de\/de-ch\/wp-json\/wp\/v2\/comments?post=1334014"}],"version-history":[{"count":1,"href":"https:\/\/laboklin.de\/de-ch\/wp-json\/wp\/v2\/pages\/1334014\/revisions"}],"predecessor-version":[{"id":1506174,"href":"https:\/\/laboklin.de\/de-ch\/wp-json\/wp\/v2\/pages\/1334014\/revisions\/1506174"}],"up":[{"embeddable":true,"href":"https:\/\/laboklin.de\/de-ch\/wp-json\/wp\/v2\/pages\/1333177"}],"wp:attachment":[{"href":"https:\/\/laboklin.de\/de-ch\/wp-json\/wp\/v2\/media?parent=1334014"}],"curies":[{"name":"wp","href":"https:\/\/api.w.org\/{rel}","templated":true}]}}