{"id":1333978,"date":"2020-10-16T11:36:27","date_gmt":"2020-10-16T09:36:27","guid":{"rendered":"https:\/\/laboklin.de\/leistungen\/infektionskrankheiten-erreger-und-antikoerpernachweise\/bakterien\/yersinien\/yersinien-und-campylobacter-kultur\/"},"modified":"2025-02-03T09:47:48","modified_gmt":"2025-02-03T08:47:48","slug":"yersinien-und-campylobacter-kultur","status":"publish","type":"page","link":"https:\/\/laboklin.de\/de-ch\/leistungen\/infektionskrankheiten-erreger-und-antikoerpernachweise\/bakterien\/yersinien\/yersinien-und-campylobacter-kultur\/","title":{"rendered":"Yersinien und Campylobacter &#8211; Kultur"},"content":{"rendered":"<h3 class=\"csc-firstHeader\">Yersinien und Campylobacter - Kultur<\/h3><p><span>LABOKLIN Leistungs-ID: 1508<\/span><\/p><table class=\"tx-laboklinleistung-table contenttable contenttable-2\" style=\"margin-top: 35px;\"><tr><td class=\"td-0\"><strong>Material<\/strong><\/td><td class=\"td-1\"><p class=\"bodytext\">Faeces<\/p><\/td><\/tr><tr><td class=\"td-0\"><strong>Methode<\/strong><\/td><td class=\"td-1\"><p class=\"bodytext\">kulturell bakteriologisch (MALDI-TOF-Identifizierung) mit K\u00e4lteanreicherung<\/p><\/td><\/tr><tr><td class=\"td-0\"><strong>Dauer<\/strong><\/td><td class=\"td-1\"><p class=\"bodytext\">bis 4 Wochen<\/p><\/td><\/tr><tr><td class=\"td-0\"><strong>Anmerkung<\/strong><\/td><td class=\"td-1\"><p class=\"bodytext\"><ul><li>Mindestens kirschgro\u00dfe Faecesprobe einsenden.<\/li> <li> Im Ausnahmefall auch Tupfer mit Transportmedium m\u00f6glich.<\/li><li>Nach erfolgreicher kultureller Anzucht von Yersinien erfolgt eine serologische Keimdifferenzierung (kostenpflichtig).<li><strong>Schweiz:<\/strong> keine amtliche Untersuchung<\/li><\/ul><\/p><\/td><\/tr><\/table>\n","protected":false},"excerpt":{"rendered":"<p>Yersinien und Campylobacter &#8211; KulturLABOKLIN Leistungs-ID: 1508MaterialFaecesMethodekulturell bakteriologisch (MALDI-TOF-Identifizierung) mit K\u00e4lteanreicherungDauerbis 4 WochenAnmerkungMindestens kirschgro\u00dfe Faecesprobe einsenden. Im Ausnahmefall auch Tupfer mit Transportmedium m\u00f6glich.Nach erfolgreicher kultureller Anzucht von Yersinien erfolgt eine serologische Keimdifferenzierung (kostenpflichtig).Schweiz: keine amtliche Untersuchung<\/p>\n","protected":false},"author":1,"featured_media":0,"parent":1333126,"menu_order":1,"comment_status":"closed","ping_status":"closed","template":"","meta":{"_seopress_robots_primary_cat":"","_seopress_titles_title":"","_seopress_titles_desc":"","_seopress_robots_index":"","footnotes":""},"class_list":["post-1333978","page","type-page","status-publish","hentry","description-off"],"_links":{"self":[{"href":"https:\/\/laboklin.de\/de-ch\/wp-json\/wp\/v2\/pages\/1333978","targetHints":{"allow":["GET"]}}],"collection":[{"href":"https:\/\/laboklin.de\/de-ch\/wp-json\/wp\/v2\/pages"}],"about":[{"href":"https:\/\/laboklin.de\/de-ch\/wp-json\/wp\/v2\/types\/page"}],"author":[{"embeddable":true,"href":"https:\/\/laboklin.de\/de-ch\/wp-json\/wp\/v2\/users\/1"}],"replies":[{"embeddable":true,"href":"https:\/\/laboklin.de\/de-ch\/wp-json\/wp\/v2\/comments?post=1333978"}],"version-history":[{"count":1,"href":"https:\/\/laboklin.de\/de-ch\/wp-json\/wp\/v2\/pages\/1333978\/revisions"}],"predecessor-version":[{"id":1506023,"href":"https:\/\/laboklin.de\/de-ch\/wp-json\/wp\/v2\/pages\/1333978\/revisions\/1506023"}],"up":[{"embeddable":true,"href":"https:\/\/laboklin.de\/de-ch\/wp-json\/wp\/v2\/pages\/1333126"}],"wp:attachment":[{"href":"https:\/\/laboklin.de\/de-ch\/wp-json\/wp\/v2\/media?parent=1333978"}],"curies":[{"name":"wp","href":"https:\/\/api.w.org\/{rel}","templated":true}]}}