{"id":1333904,"date":"2020-10-16T11:36:27","date_gmt":"2020-10-16T09:36:27","guid":{"rendered":"https:\/\/laboklin.de\/leistungen\/infektionskrankheiten-erreger-und-antikoerpernachweise\/viren\/equine-infektioese-anaemie-virus-eiav\/equine-infektioese-anaemie-virus-eiav-antikoerper-celisa\/"},"modified":"2026-01-08T12:54:26","modified_gmt":"2026-01-08T11:54:26","slug":"equine-infektioese-anaemie-virus-eiav-antikoerper-elisa","status":"publish","type":"page","link":"https:\/\/laboklin.de\/de-ch\/leistungen\/infektionskrankheiten-erreger-und-antikoerpernachweise\/viren\/equine-infektioese-anaemie-virus-eiav\/equine-infektioese-anaemie-virus-eiav-antikoerper-elisa\/","title":{"rendered":"Equine-infekti\u00f6se-An\u00e4mie-Virus (EIAV) &#8211; Antik\u00f6rper: ELISA"},"content":{"rendered":"<h3 class=\"csc-firstHeader\">Equine-infekti\u00f6se-An\u00e4mie-Virus (EIAV) - Antik\u00f6rper: ELISA<\/h3><p><span>LABOKLIN Leistungs-ID: 2546<\/span><\/p><table class=\"tx-laboklinleistung-table contenttable contenttable-2\" style=\"margin-top: 35px;\"><tr><td class=\"td-0\"><strong>Material<\/strong><\/td><td class=\"td-1\"><p class=\"bodytext\">Serum 2 ml<\/p><\/td><\/tr><tr><td class=\"td-0\"><strong>Methode<\/strong><\/td><td class=\"td-1\"><p class=\"bodytext\">Enzym Linked Immunosorbent Assay (ELISA)<\/p><\/td><\/tr><tr><td class=\"td-0\"><strong>Dauer<\/strong><\/td><td class=\"td-1\"><p class=\"bodytext\">1 - 2 Tage<\/p><\/td><\/tr><tr><td class=\"td-0\"><strong>Anmerkung<\/strong><\/td><td class=\"td-1\"><p class=\"bodytext\"><ul><li>Antik\u00f6rper sind fr\u00fchestens 2 - 3 Wochen post inf. nachweisbar. <\/li><li>Bei negativer serologischer Untersuchung sollten verd\u00e4chtige Tiere \u2013 ggf. auch mehrfach \u2013 in 3 - 4 w\u00f6chigen Abst\u00e4nden nachgetestet werden.<\/li> <li> Das Ergebnis eines positiven Coggins-Tests ist in Deutschland anzeigepflichtig. Ein positiver ELISA muss durch einen Coggins-Test (Leistungsnummer 3130) best\u00e4tigt werden.<\/li> <li><strong>Schweiz: <\/strong>keine amtliche Untersuchung; nur f\u00fcr Ausreise.<\/li><\/ul>  <\/p><\/td><\/tr><\/table>\n","protected":false},"excerpt":{"rendered":"<p>Equine Infekti\u00f6se An\u00e4mie (EIA) bei Pferden: Ursachen, Symptome, Diagnose (Coggins-Test, ELISA), Ansteckung und Vorbeugung kompakt erkl\u00e4rt \u2013 f\u00fcr sichere Bestands- und Turnierplanung.<\/p>\n","protected":false},"author":1,"featured_media":0,"parent":1332933,"menu_order":1,"comment_status":"closed","ping_status":"closed","template":"","meta":{"_seopress_robots_primary_cat":"","_seopress_titles_title":"Equine Infekti\u00f6se An\u00e4mie Virus ELISA Test","_seopress_titles_desc":"Equine Infekti\u00f6se An\u00e4mie (EIA) bei Pferden: Ursachen, Symptome, Diagnose (Coggins-Test, ELISA), Ansteckung und Vorbeugung kompakt erkl\u00e4rt.","_seopress_robots_index":"","footnotes":""},"class_list":["post-1333904","page","type-page","status-publish","hentry","description-off"],"_links":{"self":[{"href":"https:\/\/laboklin.de\/de-ch\/wp-json\/wp\/v2\/pages\/1333904","targetHints":{"allow":["GET"]}}],"collection":[{"href":"https:\/\/laboklin.de\/de-ch\/wp-json\/wp\/v2\/pages"}],"about":[{"href":"https:\/\/laboklin.de\/de-ch\/wp-json\/wp\/v2\/types\/page"}],"author":[{"embeddable":true,"href":"https:\/\/laboklin.de\/de-ch\/wp-json\/wp\/v2\/users\/1"}],"replies":[{"embeddable":true,"href":"https:\/\/laboklin.de\/de-ch\/wp-json\/wp\/v2\/comments?post=1333904"}],"version-history":[{"count":3,"href":"https:\/\/laboklin.de\/de-ch\/wp-json\/wp\/v2\/pages\/1333904\/revisions"}],"predecessor-version":[{"id":1580803,"href":"https:\/\/laboklin.de\/de-ch\/wp-json\/wp\/v2\/pages\/1333904\/revisions\/1580803"}],"up":[{"embeddable":true,"href":"https:\/\/laboklin.de\/de-ch\/wp-json\/wp\/v2\/pages\/1332933"}],"wp:attachment":[{"href":"https:\/\/laboklin.de\/de-ch\/wp-json\/wp\/v2\/media?parent=1333904"}],"curies":[{"name":"wp","href":"https:\/\/api.w.org\/{rel}","templated":true}]}}