{"id":1333875,"date":"2020-10-16T11:36:27","date_gmt":"2020-10-16T09:36:27","guid":{"rendered":"https:\/\/laboklin.de\/leistungen\/haematologie-klin-chemie-endokrinologie\/immunologische-untersuchungen-entzuendungsparameter\/immunglobulin-g-igg\/"},"modified":"2025-01-28T13:43:18","modified_gmt":"2025-01-28T12:43:18","slug":"immunglobulin-g-igg","status":"publish","type":"page","link":"https:\/\/laboklin.de\/de-ch\/leistungen\/haematologie-klin-chemie-endokrinologie\/immunologische-untersuchungen-entzuendungsparameter\/immunglobulin-g-igg\/","title":{"rendered":"Immunglobulin G (IgG)"},"content":{"rendered":"<h3 class=\"csc-firstHeader\">Immunglobulin G (IgG)<\/h3><p><span>LABOKLIN Leistungs-ID: 751<\/span><\/p><p class=\"bodytext\"><br>IgG ist die st\u00e4rkste Immunglobulinfraktion im Blutserum. Die Hauptbedeutung von IgG liegt in der antik\u00f6rpervermittelten (humoralen) Immunantwort. IgG kann aufgrund seiner geringen Gr\u00f6\u00dfe aus den Kapillaren diffundieren und hat so eine zus\u00e4tzliche Bedeutung bei Immunreaktionen in Geweber\u00e4umen und an der K\u00f6rperoberfl\u00e4che.<\/p><table class=\"tx-laboklinleistung-table contenttable contenttable-2\" style=\"margin-top: 35px;\"><tr><td class=\"td-0\"><strong>Material<\/strong><\/td><td class=\"td-1\"><p class=\"bodytext\">Serum 0,5 ml<\/p><\/td><\/tr><tr><td class=\"td-0\"><strong>Methode<\/strong><\/td><td class=\"td-1\"><p class=\"bodytext\">Kapillarelektrophorese<\/p><\/td><\/tr><tr><td class=\"td-0\"><strong>Dauer<\/strong><\/td><td class=\"td-1\"><p class=\"bodytext\">Befund\u00fcbermittlung am Tag des Probeneingangs (Mo.-Fr.)<\/p><\/td><\/tr><\/table>\n","protected":false},"excerpt":{"rendered":"<p>Immunglobulin G (IgG)LABOKLIN Leistungs-ID: 751IgG ist die st\u00e4rkste Immunglobulinfraktion im Blutserum. Die Hauptbedeutung von IgG liegt in der antik\u00f6rpervermittelten (humoralen) Immunantwort. IgG kann aufgrund seiner geringen Gr\u00f6\u00dfe aus den Kapillaren diffundieren und hat so eine zus\u00e4tzliche Bedeutung bei Immunreaktionen in Geweber\u00e4umen und an der K\u00f6rperoberfl\u00e4che.MaterialSerum 0,5 mlMethodeKapillarelektrophoreseDauerBefund\u00fcbermittlung am Tag des Probeneingangs (Mo.-Fr.)<\/p>\n","protected":false},"author":1,"featured_media":0,"parent":1332760,"menu_order":1,"comment_status":"closed","ping_status":"closed","template":"","meta":{"_seopress_robots_primary_cat":"","_seopress_titles_title":"","_seopress_titles_desc":"","_seopress_robots_index":"","footnotes":""},"class_list":["post-1333875","page","type-page","status-publish","hentry","description-off"],"_links":{"self":[{"href":"https:\/\/laboklin.de\/de-ch\/wp-json\/wp\/v2\/pages\/1333875","targetHints":{"allow":["GET"]}}],"collection":[{"href":"https:\/\/laboklin.de\/de-ch\/wp-json\/wp\/v2\/pages"}],"about":[{"href":"https:\/\/laboklin.de\/de-ch\/wp-json\/wp\/v2\/types\/page"}],"author":[{"embeddable":true,"href":"https:\/\/laboklin.de\/de-ch\/wp-json\/wp\/v2\/users\/1"}],"replies":[{"embeddable":true,"href":"https:\/\/laboklin.de\/de-ch\/wp-json\/wp\/v2\/comments?post=1333875"}],"version-history":[{"count":1,"href":"https:\/\/laboklin.de\/de-ch\/wp-json\/wp\/v2\/pages\/1333875\/revisions"}],"predecessor-version":[{"id":1504433,"href":"https:\/\/laboklin.de\/de-ch\/wp-json\/wp\/v2\/pages\/1333875\/revisions\/1504433"}],"up":[{"embeddable":true,"href":"https:\/\/laboklin.de\/de-ch\/wp-json\/wp\/v2\/pages\/1332760"}],"wp:attachment":[{"href":"https:\/\/laboklin.de\/de-ch\/wp-json\/wp\/v2\/media?parent=1333875"}],"curies":[{"name":"wp","href":"https:\/\/api.w.org\/{rel}","templated":true}]}}