{"id":1333868,"date":"2020-10-16T11:36:27","date_gmt":"2020-10-16T09:36:27","guid":{"rendered":"https:\/\/laboklin.de\/leistungen\/haematologie-klin-chemie-endokrinologie\/klinisch-chemische-parameter\/substrate\/harnsaeure\/"},"modified":"2025-01-28T12:57:25","modified_gmt":"2025-01-28T11:57:25","slug":"harnsaeure","status":"publish","type":"page","link":"https:\/\/laboklin.de\/de-ch\/leistungen\/haematologie-klin-chemie-endokrinologie\/klinisch-chemische-parameter\/substrate\/harnsaeure\/","title":{"rendered":"Harns\u00e4ure"},"content":{"rendered":"<h3 class=\"csc-firstHeader\">Harns\u00e4ure<\/h3><p><span>LABOKLIN Leistungs-ID: 200<\/span><\/p><p class=\"bodytext\"><br><\/p><table class=\"tx-laboklinleistung-table contenttable contenttable-2\" style=\"margin-top: 35px;\"><tr><td class=\"td-0\"><strong>Material<\/strong><\/td><td class=\"td-1\"><p class=\"bodytext\">Serum oder EDTA-Plasma oder Heparin-Plasma 0,5 ml <br>Reptilien: Heparin-Plasma oder Serum 0,2 ml<\/p><\/td><\/tr><tr><td class=\"td-0\"><strong>Methode<\/strong><\/td><td class=\"td-1\"><p class=\"bodytext\">Photometrie<\/p><\/td><\/tr><tr><td class=\"td-0\"><strong>Dauer<\/strong><\/td><td class=\"td-1\"><p class=\"bodytext\">Befund\u00fcbermittlung am Tag des Probeneingangs (Mo.\u2013Sa.)<\/p><\/td><\/tr><tr><td class=\"td-0\"><strong>Anmerkung<\/strong><\/td><td class=\"td-1\"><p class=\"bodytext\"><ul><li><strong>Hund:<\/strong> Besonders beim Dalmatiner kann eine genetisch bedingte Stoffwechselst\u00f6rung zu erh\u00f6htem Harns\u00e4urespiegel (Hyperurikosurie) f\u00fchren. Klinisch treten Harns\u00e4uresteine und eine br\u00e4unlich-gelbliche Haarverf\u00e4rbung (Bronzing-Syndrom) auf. Der Nachweis erfolgt \u00fcber den Gentest Hyperurikosurie (HUU\/SLC) (siehe Genetik\/Erbkrankheiten).<\/li><li><strong>V\u00f6gel:<\/strong> Konzentrationen \u00fcber 500 \u03bcmol\/l weisen je nach Vogelart auf Nephropathie oder Exsikkose hin. <\/li><li><strong>V\u00f6gel\/Reptilien:<\/strong> Der Harns\u00e4uregehalt variiert in Abh\u00e4ngigkeit von verschiedenen Faktoren wie z.B. Nahrungsaufnahme, Eiwei\u00dfgehalt der Ration, Jahreszeit und Spezies. Harns\u00e4ure ist der wichtigste Nierenparameter bei Vogel- und terrestrischen Reptilienarten.<\/li><\/ul><\/p><\/td><\/tr><\/table>\n","protected":false},"excerpt":{"rendered":"<p>Harns\u00e4ureLABOKLIN Leistungs-ID: 200MaterialSerum oder EDTA-Plasma oder Heparin-Plasma 0,5 ml Reptilien: Heparin-Plasma oder Serum 0,2 mlMethodePhotometrieDauerBefund\u00fcbermittlung am Tag des Probeneingangs (Mo.\u2013Sa.)AnmerkungHund: Besonders beim Dalmatiner kann eine genetisch bedingte Stoffwechselst\u00f6rung zu erh\u00f6htem Harns\u00e4urespiegel (Hyperurikosurie) f\u00fchren. Klinisch treten Harns\u00e4uresteine und eine br\u00e4unlich-gelbliche Haarverf\u00e4rbung (Bronzing-Syndrom) auf. Der Nachweis erfolgt \u00fcber den Gentest Hyperurikosurie (HUU\/SLC) (siehe Genetik\/Erbkrankheiten).V\u00f6gel: Konzentrationen \u00fcber 500&hellip;<\/p>\n","protected":false},"author":1,"featured_media":0,"parent":1332895,"menu_order":1,"comment_status":"closed","ping_status":"closed","template":"","meta":{"_seopress_robots_primary_cat":"","_seopress_titles_title":"","_seopress_titles_desc":"","_seopress_robots_index":"","footnotes":""},"class_list":["post-1333868","page","type-page","status-publish","hentry","description-off"],"_links":{"self":[{"href":"https:\/\/laboklin.de\/de-ch\/wp-json\/wp\/v2\/pages\/1333868","targetHints":{"allow":["GET"]}}],"collection":[{"href":"https:\/\/laboklin.de\/de-ch\/wp-json\/wp\/v2\/pages"}],"about":[{"href":"https:\/\/laboklin.de\/de-ch\/wp-json\/wp\/v2\/types\/page"}],"author":[{"embeddable":true,"href":"https:\/\/laboklin.de\/de-ch\/wp-json\/wp\/v2\/users\/1"}],"replies":[{"embeddable":true,"href":"https:\/\/laboklin.de\/de-ch\/wp-json\/wp\/v2\/comments?post=1333868"}],"version-history":[{"count":1,"href":"https:\/\/laboklin.de\/de-ch\/wp-json\/wp\/v2\/pages\/1333868\/revisions"}],"predecessor-version":[{"id":1504331,"href":"https:\/\/laboklin.de\/de-ch\/wp-json\/wp\/v2\/pages\/1333868\/revisions\/1504331"}],"up":[{"embeddable":true,"href":"https:\/\/laboklin.de\/de-ch\/wp-json\/wp\/v2\/pages\/1332895"}],"wp:attachment":[{"href":"https:\/\/laboklin.de\/de-ch\/wp-json\/wp\/v2\/media?parent=1333868"}],"curies":[{"name":"wp","href":"https:\/\/api.w.org\/{rel}","templated":true}]}}