{"id":1333861,"date":"2020-10-16T11:36:27","date_gmt":"2020-10-16T09:36:27","guid":{"rendered":"https:\/\/laboklin.de\/leistungen\/haematologie-klin-chemie-endokrinologie\/haematologie\/gerinnung\/faktor-viii\/"},"modified":"2025-01-28T10:33:49","modified_gmt":"2025-01-28T09:33:49","slug":"faktor-viii","status":"publish","type":"page","link":"https:\/\/laboklin.de\/de-ch\/leistungen\/haematologie-klin-chemie-endokrinologie\/haematologie\/gerinnung\/faktor-viii\/","title":{"rendered":"Faktor VIII"},"content":{"rendered":"<h3 class=\"csc-firstHeader\">Faktor VIII<\/h3><p><span>LABOKLIN Leistungs-ID: 597<\/span><\/p><p class=\"bodytext\"><br><ul><li>Der Mangel an Faktor VIII, der h\u00e4ufigste Einzelfaktorenmangel, ist die Ursache von H\u00e4mophilie A. <\/li><li>Die Bestimmung von Einzelfaktoren ist sinnvoll, wenn die partielle Thromboplastinzeit Ver\u00e4nderungen aufweist.<\/li><\/ul><\/p><table class=\"tx-laboklinleistung-table contenttable contenttable-2\" style=\"margin-top: 35px;\"><tr><td class=\"td-0\"><strong>Material<\/strong><\/td><td class=\"td-1\"><p class=\"bodytext\">Citrat-Plasma 1:10 (1 Teil Citrat + 9 Teile Blut) 0,5 ml (sofort zentrifugiert, abpipettiert; gefroren bis zur Ankunft im Labor) <br>Bitte beachten Sie die Einleitung zur Rubrik Gerinnung!<\/p><\/td><\/tr><tr><td class=\"td-0\"><strong>Methode<\/strong><\/td><td class=\"td-1\"><p class=\"bodytext\">Koagulometrie<\/p><\/td><\/tr><tr><td class=\"td-0\"><strong>Tierart(en)<\/strong><\/td><td class=\"td-1\"><p class=\"bodytext\">Hund<\/p><\/td><\/tr><tr><td class=\"td-0\"><strong>Dauer<\/strong><\/td><td class=\"td-1\"><p class=\"bodytext\">Befund\u00fcbermittlung am Tag des Probeneingangs (Mo.-Sa.)<\/p><\/td><\/tr><\/table>\n","protected":false},"excerpt":{"rendered":"<p>Faktor VIIILABOKLIN Leistungs-ID: 597Der Mangel an Faktor VIII, der h\u00e4ufigste Einzelfaktorenmangel, ist die Ursache von H\u00e4mophilie A. Die Bestimmung von Einzelfaktoren ist sinnvoll, wenn die partielle Thromboplastinzeit Ver\u00e4nderungen aufweist.MaterialCitrat-Plasma 1:10 (1 Teil Citrat + 9 Teile Blut) 0,5 ml (sofort zentrifugiert, abpipettiert; gefroren bis zur Ankunft im Labor) Bitte beachten Sie die Einleitung zur Rubrik&hellip;<\/p>\n","protected":false},"author":1,"featured_media":0,"parent":1332885,"menu_order":1,"comment_status":"closed","ping_status":"closed","template":"","meta":{"_seopress_robots_primary_cat":"","_seopress_titles_title":"","_seopress_titles_desc":"","_seopress_robots_index":"","footnotes":""},"class_list":["post-1333861","page","type-page","status-publish","hentry","description-off"],"_links":{"self":[{"href":"https:\/\/laboklin.de\/de-ch\/wp-json\/wp\/v2\/pages\/1333861","targetHints":{"allow":["GET"]}}],"collection":[{"href":"https:\/\/laboklin.de\/de-ch\/wp-json\/wp\/v2\/pages"}],"about":[{"href":"https:\/\/laboklin.de\/de-ch\/wp-json\/wp\/v2\/types\/page"}],"author":[{"embeddable":true,"href":"https:\/\/laboklin.de\/de-ch\/wp-json\/wp\/v2\/users\/1"}],"replies":[{"embeddable":true,"href":"https:\/\/laboklin.de\/de-ch\/wp-json\/wp\/v2\/comments?post=1333861"}],"version-history":[{"count":1,"href":"https:\/\/laboklin.de\/de-ch\/wp-json\/wp\/v2\/pages\/1333861\/revisions"}],"predecessor-version":[{"id":1504210,"href":"https:\/\/laboklin.de\/de-ch\/wp-json\/wp\/v2\/pages\/1333861\/revisions\/1504210"}],"up":[{"embeddable":true,"href":"https:\/\/laboklin.de\/de-ch\/wp-json\/wp\/v2\/pages\/1332885"}],"wp:attachment":[{"href":"https:\/\/laboklin.de\/de-ch\/wp-json\/wp\/v2\/media?parent=1333861"}],"curies":[{"name":"wp","href":"https:\/\/api.w.org\/{rel}","templated":true}]}}