{"id":1333832,"date":"2021-01-30T13:52:58","date_gmt":"2021-01-30T12:52:58","guid":{"rendered":"https:\/\/laboklin.de\/leistungen\/mikrobiologie-parasitologie\/bakteriologie-mykologie\/resistenztests-empfindlichkeitspruefungen\/aromatogramm-hefen\/"},"modified":"2025-02-04T09:31:44","modified_gmt":"2025-02-04T08:31:44","slug":"aromatogramm-hefen","status":"publish","type":"page","link":"https:\/\/laboklin.de\/de-ch\/leistungen\/mikrobiologie-parasitologie\/bakteriologie-mykologie\/resistenztests-empfindlichkeitspruefungen\/aromatogramm-hefen\/","title":{"rendered":"Aromatogramm Hefen"},"content":{"rendered":"<h3 class=\"csc-firstHeader\">Aromatogramm Hefen<\/h3><p><span>LABOKLIN Leistungs-ID: 1072<\/span><\/p><p class=\"bodytext\"><br>Das Aromatogramm ist ein In-vitro-Test zur Empfindlichkeitspr\u00fcfung von Hefen\/Malassezien gegen verschiedene \u00e4therische \u00d6le.<\/p><table class=\"tx-laboklinleistung-table contenttable contenttable-2\" style=\"margin-top: 35px;\"><tr><td class=\"td-0\"><strong>Parameter<\/strong><\/td><td class=\"td-1\"><p class=\"bodytext\">verschiedene \u00e4therische \u00d6le<\/p><\/td><\/tr><tr><td class=\"td-0\"><strong>Methode<\/strong><\/td><td class=\"td-1\"><p class=\"bodytext\">Agardiffusionstest<\/p><\/td><\/tr><tr><td class=\"td-0\"><strong>Dauer<\/strong><\/td><td class=\"td-1\"><p class=\"bodytext\">2 - 7 Tage<\/p><\/td><\/tr><tr><td class=\"td-0\"><strong>Anmerkung<\/strong><\/td><td class=\"td-1\"><p class=\"bodytext\">Die Einteilung der In-vitro-Wirksamkeit der \u00e4therischen \u00d6le erfolgt in 4 Kategorien: von nicht wirksam \u00fcber gering-, mittel- bis hochgradig wirksam. <\/p><\/td><\/tr><\/table>\n","protected":false},"excerpt":{"rendered":"<p>Aromatogramm HefenLABOKLIN Leistungs-ID: 1072Das Aromatogramm ist ein In-vitro-Test zur Empfindlichkeitspr\u00fcfung von Hefen\/Malassezien gegen verschiedene \u00e4therische \u00d6le.Parameterverschiedene \u00e4therische \u00d6leMethodeAgardiffusionstestDauer2 &#8211; 7 TageAnmerkungDie Einteilung der In-vitro-Wirksamkeit der \u00e4therischen \u00d6le erfolgt in 4 Kategorien: von nicht wirksam \u00fcber gering-, mittel- bis hochgradig wirksam.<\/p>\n","protected":false},"author":1,"featured_media":0,"parent":1333212,"menu_order":1,"comment_status":"closed","ping_status":"closed","template":"","meta":{"_seopress_robots_primary_cat":"","_seopress_titles_title":"","_seopress_titles_desc":"","_seopress_robots_index":"","footnotes":""},"class_list":["post-1333832","page","type-page","status-publish","hentry","description-off"],"_links":{"self":[{"href":"https:\/\/laboklin.de\/de-ch\/wp-json\/wp\/v2\/pages\/1333832","targetHints":{"allow":["GET"]}}],"collection":[{"href":"https:\/\/laboklin.de\/de-ch\/wp-json\/wp\/v2\/pages"}],"about":[{"href":"https:\/\/laboklin.de\/de-ch\/wp-json\/wp\/v2\/types\/page"}],"author":[{"embeddable":true,"href":"https:\/\/laboklin.de\/de-ch\/wp-json\/wp\/v2\/users\/1"}],"replies":[{"embeddable":true,"href":"https:\/\/laboklin.de\/de-ch\/wp-json\/wp\/v2\/comments?post=1333832"}],"version-history":[{"count":1,"href":"https:\/\/laboklin.de\/de-ch\/wp-json\/wp\/v2\/pages\/1333832\/revisions"}],"predecessor-version":[{"id":1506433,"href":"https:\/\/laboklin.de\/de-ch\/wp-json\/wp\/v2\/pages\/1333832\/revisions\/1506433"}],"up":[{"embeddable":true,"href":"https:\/\/laboklin.de\/de-ch\/wp-json\/wp\/v2\/pages\/1333212"}],"wp:attachment":[{"href":"https:\/\/laboklin.de\/de-ch\/wp-json\/wp\/v2\/media?parent=1333832"}],"curies":[{"name":"wp","href":"https:\/\/api.w.org\/{rel}","templated":true}]}}