{"id":1333693,"date":"2020-10-16T11:36:27","date_gmt":"2020-10-16T09:36:27","guid":{"rendered":"https:\/\/laboklin.de\/leistungen\/genetik\/rassezuordnung\/rassezuordnung-hund-datenbankanalyse\/"},"modified":"2025-02-25T13:38:22","modified_gmt":"2025-02-25T12:38:22","slug":"rassezuordnung-hund-datenbankanalyse","status":"publish","type":"page","link":"https:\/\/laboklin.de\/de-ch\/leistungen\/genetik\/rassezuordnung\/rassezuordnung-hund-datenbankanalyse\/","title":{"rendered":"Rassezuordnung Hund (Datenbankanalyse)"},"content":{"rendered":"<h3 class=\"csc-firstHeader\">Rassezuordnung Hund (Datenbankanalyse)<\/h3><p><span>LABOKLIN Leistungs-ID: 8211<\/span><\/p><p class=\"bodytext\">Lange Zeit war die Feststellung der Rassezugeh\u00f6rigkeit eines Tieres nur anhand ersichtlicher Merkmale und\/oder einer belegten Ahnentafel m\u00f6glich und oft nicht eindeutig. Seit einigen Jahren k\u00f6nnen sog. Mikrosatelliten als molekulare Marker herangezogen werden, um sowohl die Abstammung eines Tieres als auch seine Rassezugeh\u00f6rigkeit auf genetischer Basis aufzukl\u00e4ren. Die Analyse von mehreren Mikrosatelliten-Loci ergibt letztlich ein einzigartiges, individuenspezifisches Muster: das DNA-Profil oder \u201egenetischer Fingerabdruck\u201c. Die Wahrscheinlichkeit, dass zwei nicht verwandte Tiere das gleiche DNA-Profil zeigen, liegt bei 1 zu 1 Milliarde. <br \/>\n<br \/>\nDie Rassezuordnung basiert auf einer Wahrscheinlichkeitsberechnung, bei der das DNA-Profil eines Hundes \/ einer Katze mit einer Datenbank abgeglichen wird. Grundlage ist daher das Vorliegen von Referenzpopulationen in der Datenbank. Das Ergebnis der Rassezuordnung stellt dann eine Zuordnungswahrscheinlichkeit des fraglichen Tieres zu einer der im Datenpool befindlichen Rassen dar. Dabei wird f\u00fcr jede Rasse separat die Zuordnung bzw. der Ausschluss des zu testenden Tieres gepr\u00fcft. Die Zuordnungswahrscheinlichkeit zu einer Rasse aufgrund des DNA-Profils liegt bei reinrassigen Tieren zwischen 80% und 100%. Auch bei Tieren, bei denen ein Elternteil reinrassig ist, kann der DNA-Abgleich Auskunft \u00fcber die Abstammung geben. Hier werden Zuordnungswahrscheinlichkeiten zwischen 40% und 60% f\u00fcr die Rasse des reinrassigen Elternteils erwartet. Zuordnungswahrscheinlichkeiten  unter 30% sind nicht aussagekr\u00e4ftig und weisen darauf hin, dass es sich weder um ein reinrassiges Tier der in der Datenbank hinterlegten Rassen handelt noch um einen Mischling, bei dem ein Elternteil zu einer der Referenzpopulationen geh\u00f6rt. <br \/>\n<br \/>\nBitte informieren Sie sich vorab \u00fcber die Rassen, die in unserer Datenbank vorliegen. \u00dcber eine Zugeh\u00f6rigkeit zu alle anderen Rassen k\u00f6nnen wir leider keine Aussage treffen. <br \/>\n<br \/>\n<\/p><table class=\"tx-laboklinleistung-table contenttable contenttable-2\" style=\"margin-top: 35px;\"><tr><td class=\"td-0\"><strong>Methode<\/strong><\/td><td class=\"td-1\"><p class=\"bodytext\">Mikrosatelliten-Analyse (STRs)<\/p><\/td><\/tr><tr><td class=\"td-0\"><strong>Rasse<\/strong><\/td><td class=\"td-1\"><p class=\"bodytext\">American Staffordshire Terrier, Australian Shepherd, Bearded Collie, Berner Sennenhund, Bordeauxdogge, Border Collie, Bull Terrier, Bullmastiff, Cane Corso Italiano, Chihuahua, Collie (Kurzhaar\/Langhaar), Deutsch Drahthaar, Deutsche Dogge, Deutscher Boxer, Deutscher Sch\u00e4ferhund, Dobermann, Dogo Argentino, English Springer Spaniel, Fila Brasileiro, Golden Retriever, Havaneser, Labrador Retriever, Mischling, Mops, Neufundl\u00e4nder, Parson Russell Terrier, Presa Canario, Pyren\u00e4en-Mastiff, Rhodesian Ridgeback, Rottweiler, Spanischer Mastiff, Staffordshire Bull Terrier, Weimaraner, sonstige \/ unbekannt<\/p><\/td><\/tr><tr><td class=\"td-0\"><strong>Dauer<\/strong><\/td><td class=\"td-1\"><p class=\"bodytext\">2 - 3 Wochen nach Erhalt der Probe<\/p><\/td><\/tr><\/table>\n","protected":false},"excerpt":{"rendered":"<p>Rassezuordnung Hund (Datenbankanalyse)LABOKLIN Leistungs-ID: 8211Lange Zeit war die Feststellung der Rassezugeh\u00f6rigkeit eines Tieres nur anhand ersichtlicher Merkmale und\/oder einer belegten Ahnentafel m\u00f6glich und oft nicht eindeutig. Seit einigen Jahren k\u00f6nnen sog. Mikrosatelliten als molekulare Marker herangezogen werden, um sowohl die Abstammung eines Tieres als auch seine Rassezugeh\u00f6rigkeit auf genetischer Basis aufzukl\u00e4ren. Die Analyse von mehreren&hellip;<\/p>\n","protected":false},"author":1,"featured_media":0,"parent":1332692,"menu_order":0,"comment_status":"closed","ping_status":"closed","template":"","meta":{"_seopress_robots_primary_cat":"","_seopress_titles_title":"","_seopress_titles_desc":"","_seopress_robots_index":"","footnotes":""},"class_list":["post-1333693","page","type-page","status-publish","hentry","description-off"],"_links":{"self":[{"href":"https:\/\/laboklin.de\/de-ch\/wp-json\/wp\/v2\/pages\/1333693","targetHints":{"allow":["GET"]}}],"collection":[{"href":"https:\/\/laboklin.de\/de-ch\/wp-json\/wp\/v2\/pages"}],"about":[{"href":"https:\/\/laboklin.de\/de-ch\/wp-json\/wp\/v2\/types\/page"}],"author":[{"embeddable":true,"href":"https:\/\/laboklin.de\/de-ch\/wp-json\/wp\/v2\/users\/1"}],"replies":[{"embeddable":true,"href":"https:\/\/laboklin.de\/de-ch\/wp-json\/wp\/v2\/comments?post=1333693"}],"version-history":[{"count":1,"href":"https:\/\/laboklin.de\/de-ch\/wp-json\/wp\/v2\/pages\/1333693\/revisions"}],"predecessor-version":[{"id":1510950,"href":"https:\/\/laboklin.de\/de-ch\/wp-json\/wp\/v2\/pages\/1333693\/revisions\/1510950"}],"up":[{"embeddable":true,"href":"https:\/\/laboklin.de\/de-ch\/wp-json\/wp\/v2\/pages\/1332692"}],"wp:attachment":[{"href":"https:\/\/laboklin.de\/de-ch\/wp-json\/wp\/v2\/media?parent=1333693"}],"curies":[{"name":"wp","href":"https:\/\/api.w.org\/{rel}","templated":true}]}}