{"id":1333676,"date":"2020-10-16T11:36:27","date_gmt":"2020-10-16T09:36:27","guid":{"rendered":"https:\/\/laboklin.de\/leistungen\/genetik\/erbkrankheiten\/pferd\/hyperkaliaemische-periodische-paralyse-hypp\/"},"modified":"2025-02-25T12:36:11","modified_gmt":"2025-02-25T11:36:11","slug":"hyperkaliaemische-periodische-paralyse-hypp","status":"publish","type":"page","link":"https:\/\/laboklin.de\/de-ch\/leistungen\/genetik\/erbkrankheiten\/pferd\/hyperkaliaemische-periodische-paralyse-hypp\/","title":{"rendered":"Hyperkali\u00e4mische periodische Paralyse (HYPP)"},"content":{"rendered":"<h3 class=\"csc-firstHeader\">Hyperkali\u00e4mische periodische Paralyse (HYPP)<\/h3><p><span>LABOKLIN Leistungs-ID: 8000<\/span><\/p><p class=\"bodytext\">Betroffen von der \u201ehypercalemic periodic paralysis\u201c (HYPP) sind Quarter Horse (QH), Paint Horse Appaloosa und andere Blutlinien, die vom QH-Hengst \u201eImpressive\u201c abstammen. Die Pferde sind meist sehr gut bemuskelt und k\u00f6nnen zwischen Episoden klinischer Erkrankung h\u00f6chst erfolgreiche Show-\/Sportpferde sein. Das vorherrschende klinische Symptom ist allgemein Schw\u00e4che; Muskelkr\u00e4mpfe und Faszikulationen k\u00f6nnen auftreten. Dabei kann die Auspr\u00e4gung der klinischen Zeichen von subklinisch bis schwerwiegend reichen. Lebensbedrohliche Komplikationen sind Herzarrhythmien (sekund\u00e4r zur Hyperkali\u00e4mie) sowie Erstickungsgefahr durch Laryngospasmus. Labordiagnostisch l\u00e4sst sich bei Vorliegen klinischer Symptome eine Hyperkali\u00e4mie nachweisen; die Muskelwerte liegen meist im Referenzbereich oder leicht dar\u00fcber. Die ersten Krankheitsepisoden werden h\u00e4ufig im Alter von 3 -7 Jahren beobachtet. Im Gegensatz zum Kreuzverschlag, der immer mit einer Bewegung des Pferdes verbunden ist, tritt HYPP \u00fcblicherweise nicht in Verbindung mit dem Arbeiten des Pferdes auf, sondern w\u00e4hrend Ruhephasen, zur F\u00fctterungszeit oder in Stresssituationen (Transport, Futtermittelwechsel, Fasten); auch Stehphasen und eine kaliumreiche Di\u00e4t k\u00f6nnen klinische Symptome ausl\u00f6sen.<\/p><table class=\"tx-laboklinleistung-table contenttable contenttable-2\" style=\"margin-top: 35px;\"><tr><td class=\"td-0\"><strong>Methode<\/strong><\/td><td class=\"td-1\"><p class=\"bodytext\">TaqMan SNP Assay<\/p><\/td><\/tr><tr><td class=\"td-0\"><strong>Rasse<\/strong><\/td><td class=\"td-1\"><p class=\"bodytext\">Appaloosa, Paint Horse, Quarab, Quarter Horse, Quarter Pony<\/p><\/td><\/tr><tr><td class=\"td-0\"><strong>Erbgang<\/strong><\/td><td class=\"td-1\"><p class=\"bodytext\">autosomal-dominant<\/p><\/td><\/tr><tr><td class=\"td-0\"><strong>Dauer<\/strong><\/td><td class=\"td-1\"><p class=\"bodytext\">3 - 5 Werktage nach Erhalt der Probe<\/p><\/td><\/tr><\/table>\n","protected":false},"excerpt":{"rendered":"<p>Hyperkali\u00e4mische periodische Paralyse (HYPP)LABOKLIN Leistungs-ID: 8000Betroffen von der \u201ehypercalemic periodic paralysis\u201c (HYPP) sind Quarter Horse (QH), Paint Horse Appaloosa und andere Blutlinien, die vom QH-Hengst \u201eImpressive\u201c abstammen. Die Pferde sind meist sehr gut bemuskelt und k\u00f6nnen zwischen Episoden klinischer Erkrankung h\u00f6chst erfolgreiche Show-\/Sportpferde sein. Das vorherrschende klinische Symptom ist allgemein Schw\u00e4che; Muskelkr\u00e4mpfe und Faszikulationen k\u00f6nnen&hellip;<\/p>\n","protected":false},"author":1,"featured_media":0,"parent":1332709,"menu_order":0,"comment_status":"closed","ping_status":"closed","template":"","meta":{"_seopress_robots_primary_cat":"","_seopress_titles_title":"","_seopress_titles_desc":"","_seopress_robots_index":"","footnotes":""},"class_list":["post-1333676","page","type-page","status-publish","hentry","description-off"],"_links":{"self":[{"href":"https:\/\/laboklin.de\/de-ch\/wp-json\/wp\/v2\/pages\/1333676","targetHints":{"allow":["GET"]}}],"collection":[{"href":"https:\/\/laboklin.de\/de-ch\/wp-json\/wp\/v2\/pages"}],"about":[{"href":"https:\/\/laboklin.de\/de-ch\/wp-json\/wp\/v2\/types\/page"}],"author":[{"embeddable":true,"href":"https:\/\/laboklin.de\/de-ch\/wp-json\/wp\/v2\/users\/1"}],"replies":[{"embeddable":true,"href":"https:\/\/laboklin.de\/de-ch\/wp-json\/wp\/v2\/comments?post=1333676"}],"version-history":[{"count":1,"href":"https:\/\/laboklin.de\/de-ch\/wp-json\/wp\/v2\/pages\/1333676\/revisions"}],"predecessor-version":[{"id":1510736,"href":"https:\/\/laboklin.de\/de-ch\/wp-json\/wp\/v2\/pages\/1333676\/revisions\/1510736"}],"up":[{"embeddable":true,"href":"https:\/\/laboklin.de\/de-ch\/wp-json\/wp\/v2\/pages\/1332709"}],"wp:attachment":[{"href":"https:\/\/laboklin.de\/de-ch\/wp-json\/wp\/v2\/media?parent=1333676"}],"curies":[{"name":"wp","href":"https:\/\/api.w.org\/{rel}","templated":true}]}}