{"id":1333611,"date":"2020-10-16T11:36:27","date_gmt":"2020-10-16T09:36:27","guid":{"rendered":"https:\/\/laboklin.de\/leistungen\/infektionskrankheiten-erreger-und-antikoerpernachweise\/parasiten\/hepatozoon\/hepatozoon-mikroskopisch\/"},"modified":"2025-02-03T10:48:08","modified_gmt":"2025-02-03T09:48:08","slug":"hepatozoon-mikroskopisch","status":"publish","type":"page","link":"https:\/\/laboklin.de\/de-ch\/leistungen\/infektionskrankheiten-erreger-und-antikoerpernachweise\/parasiten\/hepatozoon\/hepatozoon-mikroskopisch\/","title":{"rendered":"Hepatozoon &#8211; mikroskopisch"},"content":{"rendered":"<h3 class=\"csc-firstHeader\">Hepatozoon - mikroskopisch<\/h3><p><span>LABOKLIN Leistungs-ID: 109<\/span><\/p><table class=\"tx-laboklinleistung-table contenttable contenttable-2\" style=\"margin-top: 35px;\"><tr><td class=\"td-0\"><strong>Material<\/strong><\/td><td class=\"td-1\"><p class=\"bodytext\">EDTA-Blut<\/p><\/td><\/tr><tr><td class=\"td-0\"><strong>Methode<\/strong><\/td><td class=\"td-1\"><p class=\"bodytext\">Mikroskopie (Buffy-Coat-Ausstrich, semiquantitativ)<\/p><\/td><\/tr><tr><td class=\"td-0\"><strong>Tierart(en)<\/strong><\/td><td class=\"td-1\"><p class=\"bodytext\">Hund, Katze<\/p><\/td><\/tr><tr><td class=\"td-0\"><strong>Dauer<\/strong><\/td><td class=\"td-1\"><p class=\"bodytext\">1 Tag<\/p><\/td><\/tr><tr><td class=\"td-0\"><strong>Anmerkung<\/strong><\/td><td class=\"td-1\"><p class=\"bodytext\">Das Auftreten der Erkrankung ist \u00fcberwiegend an das Vorkommen der Vektoren (bevorzugt subtropische und tropische L\u00e4nder) gebunden, kann aber auch in Tierheimen erfolgen, wo Rhipicephalus h\u00e4ufig auch im Winter \u00fcberlebt.<\/p><\/td><\/tr><\/table>\n","protected":false},"excerpt":{"rendered":"<p>Hepatozoon &#8211; mikroskopischLABOKLIN Leistungs-ID: 109MaterialEDTA-BlutMethodeMikroskopie (Buffy-Coat-Ausstrich, semiquantitativ)Tierart(en)Hund, KatzeDauer1 TagAnmerkungDas Auftreten der Erkrankung ist \u00fcberwiegend an das Vorkommen der Vektoren (bevorzugt subtropische und tropische L\u00e4nder) gebunden, kann aber auch in Tierheimen erfolgen, wo Rhipicephalus h\u00e4ufig auch im Winter \u00fcberlebt.<\/p>\n","protected":false},"author":1,"featured_media":0,"parent":1333160,"menu_order":0,"comment_status":"closed","ping_status":"closed","template":"","meta":{"_seopress_robots_primary_cat":"","_seopress_titles_title":"","_seopress_titles_desc":"","_seopress_robots_index":"","footnotes":""},"class_list":["post-1333611","page","type-page","status-publish","hentry","description-off"],"_links":{"self":[{"href":"https:\/\/laboklin.de\/de-ch\/wp-json\/wp\/v2\/pages\/1333611","targetHints":{"allow":["GET"]}}],"collection":[{"href":"https:\/\/laboklin.de\/de-ch\/wp-json\/wp\/v2\/pages"}],"about":[{"href":"https:\/\/laboklin.de\/de-ch\/wp-json\/wp\/v2\/types\/page"}],"author":[{"embeddable":true,"href":"https:\/\/laboklin.de\/de-ch\/wp-json\/wp\/v2\/users\/1"}],"replies":[{"embeddable":true,"href":"https:\/\/laboklin.de\/de-ch\/wp-json\/wp\/v2\/comments?post=1333611"}],"version-history":[{"count":1,"href":"https:\/\/laboklin.de\/de-ch\/wp-json\/wp\/v2\/pages\/1333611\/revisions"}],"predecessor-version":[{"id":1506140,"href":"https:\/\/laboklin.de\/de-ch\/wp-json\/wp\/v2\/pages\/1333611\/revisions\/1506140"}],"up":[{"embeddable":true,"href":"https:\/\/laboklin.de\/de-ch\/wp-json\/wp\/v2\/pages\/1333160"}],"wp:attachment":[{"href":"https:\/\/laboklin.de\/de-ch\/wp-json\/wp\/v2\/media?parent=1333611"}],"curies":[{"name":"wp","href":"https:\/\/api.w.org\/{rel}","templated":true}]}}