{"id":1333551,"date":"2020-10-16T11:36:27","date_gmt":"2020-10-16T09:36:27","guid":{"rendered":"https:\/\/laboklin.de\/leistungen\/infektionskrankheiten-erreger-und-antikoerpernachweise\/bakterien\/leptospiren\/leptospiren-antikoerper\/"},"modified":"2025-02-03T09:24:06","modified_gmt":"2025-02-03T08:24:06","slug":"leptospiren-antikoerper","status":"publish","type":"page","link":"https:\/\/laboklin.de\/de-ch\/leistungen\/infektionskrankheiten-erreger-und-antikoerpernachweise\/bakterien\/leptospiren\/leptospiren-antikoerper\/","title":{"rendered":"Leptospiren &#8211; Antik\u00f6rper"},"content":{"rendered":"<h3 class=\"csc-firstHeader\">Leptospiren - Antik\u00f6rper<\/h3><p><span>LABOKLIN Leistungs-ID: 157<\/span><\/p><table class=\"tx-laboklinleistung-table contenttable contenttable-2\" style=\"margin-top: 35px;\"><tr><td class=\"td-0\"><strong>Material<\/strong><\/td><td class=\"td-1\"><p class=\"bodytext\">Serum oder EDTA-Plasma oder Heparin-Plasma 0,5 ml<br>Pferd: auch Kammerwasser\/Glask\u00f6rper (bei ERU-Symptomatik)<\/p><\/td><\/tr><tr><td class=\"td-0\"><strong>Methode<\/strong><\/td><td class=\"td-1\"><p class=\"bodytext\">Mikroagglutinationstest<\/p><\/td><\/tr><tr><td class=\"td-0\"><strong>Dauer<\/strong><\/td><td class=\"td-1\"><p class=\"bodytext\">1 - 2 Tage<\/p><\/td><\/tr><tr><td class=\"td-0\"><strong>Anmerkung<\/strong><\/td><td class=\"td-1\"><p class=\"bodytext\"><ul><li>Antik\u00f6rpertiter best\u00e4tigen zun\u00e4chst nur einen Erregerkontakt. Viele Tiere sind seropositiv, ohne klinische Symptome zu zeigen. Generell werden Titer von > 1:400 oder ein drei- bis vierfacher Titeranstieg in einer gepaarten Serumprobe im Abstand von 14 Tagen als positiv angesehen. Perakut erkrankte Tiere zeigen nur niedrige oder sogar negative Antik\u00f6rpertiter. Werden Tiere schon in einer Fr\u00fchphase der Infektion antibiotisch behandelt, entf\u00e4llt zudem h\u00e4ufig der erwartete Titeranstieg. <\/li> <li>Ein Direktnachweis aus Urin und Blut ist bei akut erkrankten Tieren empfohlen.<\/li> <li><strong>Schweiz:<\/strong> keine amtliche Untersuchung<\/li> <li><strong>Pferd: <\/strong>Serum-Antik\u00f6rpertiter haben keine Relevanz bez\u00fcglich ERU.<\/li><\/ul><\/p><\/td><\/tr><\/table>\n","protected":false},"excerpt":{"rendered":"<p>Leptospiren &#8211; Antik\u00f6rperLABOKLIN Leistungs-ID: 157MaterialSerum oder EDTA-Plasma oder Heparin-Plasma 0,5 mlPferd: auch Kammerwasser\/Glask\u00f6rper (bei ERU-Symptomatik)MethodeMikroagglutinationstestDauer1 &#8211; 2 TageAnmerkungAntik\u00f6rpertiter best\u00e4tigen zun\u00e4chst nur einen Erregerkontakt. Viele Tiere sind seropositiv, ohne klinische Symptome zu zeigen. Generell werden Titer von > 1:400 oder ein drei- bis vierfacher Titeranstieg in einer gepaarten Serumprobe im Abstand von 14 Tagen als positiv&hellip;<\/p>\n","protected":false},"author":1,"featured_media":0,"parent":1333085,"menu_order":0,"comment_status":"closed","ping_status":"closed","template":"","meta":{"_seopress_robots_primary_cat":"","_seopress_titles_title":"","_seopress_titles_desc":"","_seopress_robots_index":"","footnotes":""},"class_list":["post-1333551","page","type-page","status-publish","hentry","description-off"],"_links":{"self":[{"href":"https:\/\/laboklin.de\/de-ch\/wp-json\/wp\/v2\/pages\/1333551","targetHints":{"allow":["GET"]}}],"collection":[{"href":"https:\/\/laboklin.de\/de-ch\/wp-json\/wp\/v2\/pages"}],"about":[{"href":"https:\/\/laboklin.de\/de-ch\/wp-json\/wp\/v2\/types\/page"}],"author":[{"embeddable":true,"href":"https:\/\/laboklin.de\/de-ch\/wp-json\/wp\/v2\/users\/1"}],"replies":[{"embeddable":true,"href":"https:\/\/laboklin.de\/de-ch\/wp-json\/wp\/v2\/comments?post=1333551"}],"version-history":[{"count":1,"href":"https:\/\/laboklin.de\/de-ch\/wp-json\/wp\/v2\/pages\/1333551\/revisions"}],"predecessor-version":[{"id":1505947,"href":"https:\/\/laboklin.de\/de-ch\/wp-json\/wp\/v2\/pages\/1333551\/revisions\/1505947"}],"up":[{"embeddable":true,"href":"https:\/\/laboklin.de\/de-ch\/wp-json\/wp\/v2\/pages\/1333085"}],"wp:attachment":[{"href":"https:\/\/laboklin.de\/de-ch\/wp-json\/wp\/v2\/media?parent=1333551"}],"curies":[{"name":"wp","href":"https:\/\/api.w.org\/{rel}","templated":true}]}}