{"id":1333544,"date":"2020-10-16T11:36:27","date_gmt":"2020-10-16T09:36:27","guid":{"rendered":"https:\/\/laboklin.de\/leistungen\/infektionskrankheiten-erreger-und-antikoerpernachweise\/bakterien\/helicobacter\/helicobacter-spp-pcr\/"},"modified":"2025-02-03T09:22:14","modified_gmt":"2025-02-03T08:22:14","slug":"helicobacter-spp-pcr","status":"publish","type":"page","link":"https:\/\/laboklin.de\/de-ch\/leistungen\/infektionskrankheiten-erreger-und-antikoerpernachweise\/bakterien\/helicobacter\/helicobacter-spp-pcr\/","title":{"rendered":"Helicobacter spp. &#8211; PCR"},"content":{"rendered":"<h3 class=\"csc-firstHeader\">Helicobacter spp. - PCR<\/h3><p><span>LABOKLIN Leistungs-ID: 8329<\/span><\/p><table class=\"tx-laboklinleistung-table contenttable contenttable-2\" style=\"margin-top: 35px;\"><tr><td class=\"td-0\"><strong>Material<\/strong><\/td><td class=\"td-1\"><p class=\"bodytext\">Erbrochenes, Magensp\u00fclprobe, Magenbiopsie, Schaf: nur Abortmaterial, Schildkr\u00f6te: nur Abstrich (ohne Medium)<\/p><\/td><\/tr><tr><td class=\"td-0\"><strong>Methode<\/strong><\/td><td class=\"td-1\"><p class=\"bodytext\">PCR<\/p><\/td><\/tr><tr><td class=\"td-0\"><strong>Tierart(en)<\/strong><\/td><td class=\"td-1\"><p class=\"bodytext\">Hund, Katze, Hamster, Maus, Frettchen, Schildkr\u00f6te, Schaf<\/p><\/td><\/tr><tr><td class=\"td-0\"><strong>Dauer<\/strong><\/td><td class=\"td-1\"><p class=\"bodytext\">1 - 3 Tage<\/p><\/td><\/tr><tr><td class=\"td-0\"><strong>Anmerkung<\/strong><\/td><td class=\"td-1\"><p class=\"bodytext\"><ul><li>Bei positiven PCR-Ergebnissen aus Faecesproben kann nicht auf eine Magenbeteiligung (Gastritis, Magenulcus etc.) geschlossen werden, da die PCR auch intestinale Helicobacter spp. nachweist. F\u00fcr diese Fragestellung werden Magenbiopsien oder Erbrochenes als Probenmaterial empfohlen.<\/li> <li>Gesichert erfasst werden von dieser PCR mindestens H. pylori, H. felis, H. bizzozeroni, H. hepaticus, H. bilis, H. heilmannii, H. muridarum, H. mustelae, H. cinaedi, H. canis, Flexispira rappini.<\/li> <li> Bei M\u00e4useartigen kann Helicobacter Typhlitis und Rektumprolaps, bei\nSchafen dagegen Aborte verursachen.<\/li><\/ul> <\/p><\/td><\/tr><\/table>\n","protected":false},"excerpt":{"rendered":"<p>Helicobacter spp. &#8211; PCRLABOKLIN Leistungs-ID: 8329MaterialErbrochenes, Magensp\u00fclprobe, Magenbiopsie, Schaf: nur Abortmaterial, Schildkr\u00f6te: nur Abstrich (ohne Medium)MethodePCRTierart(en)Hund, Katze, Hamster, Maus, Frettchen, Schildkr\u00f6te, SchafDauer1 &#8211; 3 TageAnmerkungBei positiven PCR-Ergebnissen aus Faecesproben kann nicht auf eine Magenbeteiligung (Gastritis, Magenulcus etc.) geschlossen werden, da die PCR auch intestinale Helicobacter spp. nachweist. F\u00fcr diese Fragestellung werden Magenbiopsien oder Erbrochenes als&hellip;<\/p>\n","protected":false},"author":1,"featured_media":0,"parent":1333078,"menu_order":0,"comment_status":"closed","ping_status":"closed","template":"","meta":{"_seopress_robots_primary_cat":"","_seopress_titles_title":"","_seopress_titles_desc":"","_seopress_robots_index":"","footnotes":""},"class_list":["post-1333544","page","type-page","status-publish","hentry","description-off"],"_links":{"self":[{"href":"https:\/\/laboklin.de\/de-ch\/wp-json\/wp\/v2\/pages\/1333544","targetHints":{"allow":["GET"]}}],"collection":[{"href":"https:\/\/laboklin.de\/de-ch\/wp-json\/wp\/v2\/pages"}],"about":[{"href":"https:\/\/laboklin.de\/de-ch\/wp-json\/wp\/v2\/types\/page"}],"author":[{"embeddable":true,"href":"https:\/\/laboklin.de\/de-ch\/wp-json\/wp\/v2\/users\/1"}],"replies":[{"embeddable":true,"href":"https:\/\/laboklin.de\/de-ch\/wp-json\/wp\/v2\/comments?post=1333544"}],"version-history":[{"count":1,"href":"https:\/\/laboklin.de\/de-ch\/wp-json\/wp\/v2\/pages\/1333544\/revisions"}],"predecessor-version":[{"id":1505937,"href":"https:\/\/laboklin.de\/de-ch\/wp-json\/wp\/v2\/pages\/1333544\/revisions\/1505937"}],"up":[{"embeddable":true,"href":"https:\/\/laboklin.de\/de-ch\/wp-json\/wp\/v2\/pages\/1333078"}],"wp:attachment":[{"href":"https:\/\/laboklin.de\/de-ch\/wp-json\/wp\/v2\/media?parent=1333544"}],"curies":[{"name":"wp","href":"https:\/\/api.w.org\/{rel}","templated":true}]}}