{"id":1333496,"date":"2020-10-16T11:36:27","date_gmt":"2020-10-16T09:36:27","guid":{"rendered":"https:\/\/laboklin.de\/leistungen\/infektionskrankheiten-erreger-und-antikoerpernachweise\/viren\/staupevirus\/staupevirus-pcr-qualitativ\/"},"modified":"2025-01-31T09:13:51","modified_gmt":"2025-01-31T08:13:51","slug":"staupevirus-pcr-qualitativ","status":"publish","type":"page","link":"https:\/\/laboklin.de\/de-ch\/leistungen\/infektionskrankheiten-erreger-und-antikoerpernachweise\/viren\/staupevirus\/staupevirus-pcr-qualitativ\/","title":{"rendered":"Staupevirus &#8211; PCR (qualitativ)"},"content":{"rendered":"<h3 class=\"csc-firstHeader\">Staupevirus - PCR (qualitativ)<\/h3><p><span>LABOKLIN Leistungs-ID: 8003<\/span><\/p><table class=\"tx-laboklinleistung-table contenttable contenttable-2\" style=\"margin-top: 35px;\"><tr><td class=\"td-0\"><strong>Material<\/strong><\/td><td class=\"td-1\"><p class=\"bodytext\">Abstrich ohne Medium (Auge, Nase, Pharynx oder Tonsillen), EDTA-Blut (Vir\u00e4mie), Liquor, Harn, Faeces<\/p><\/td><\/tr><tr><td class=\"td-0\"><strong>Methode<\/strong><\/td><td class=\"td-1\"><p class=\"bodytext\">realtime PCR<\/p><\/td><\/tr><tr><td class=\"td-0\"><strong>Tierart(en)<\/strong><\/td><td class=\"td-1\"><p class=\"bodytext\">Hund, Frettchen, Gro\u00dfkatzen, Waschb\u00e4r, andere Tierarten<\/p><\/td><\/tr><tr><td class=\"td-0\"><strong>Dauer<\/strong><\/td><td class=\"td-1\"><p class=\"bodytext\">1 - 3 Tage<\/p><\/td><\/tr><tr><td class=\"td-0\"><strong>Anmerkung<\/strong><\/td><td class=\"td-1\"><p class=\"bodytext\"><strong>Hund: <\/strong>Die quantitative PCR kann auch nach der qualitativen PCR nachgefordert werden. Der Erregergehalt kann Hinweise geben, ob es sich um Feld- oder Impfviren handelt.<\/p><\/td><\/tr><\/table>\n","protected":false},"excerpt":{"rendered":"<p>Staupevirus &#8211; PCR (qualitativ)LABOKLIN Leistungs-ID: 8003MaterialAbstrich ohne Medium (Auge, Nase, Pharynx oder Tonsillen), EDTA-Blut (Vir\u00e4mie), Liquor, Harn, FaecesMethoderealtime PCRTierart(en)Hund, Frettchen, Gro\u00dfkatzen, Waschb\u00e4r, andere TierartenDauer1 &#8211; 3 TageAnmerkungHund: Die quantitative PCR kann auch nach der qualitativen PCR nachgefordert werden. Der Erregergehalt kann Hinweise geben, ob es sich um Feld- oder Impfviren handelt.<\/p>\n","protected":false},"author":1,"featured_media":0,"parent":1333017,"menu_order":0,"comment_status":"closed","ping_status":"closed","template":"","meta":{"_seopress_robots_primary_cat":"","_seopress_titles_title":"","_seopress_titles_desc":"","_seopress_robots_index":"","footnotes":""},"class_list":["post-1333496","page","type-page","status-publish","hentry","description-off"],"_links":{"self":[{"href":"https:\/\/laboklin.de\/de-ch\/wp-json\/wp\/v2\/pages\/1333496","targetHints":{"allow":["GET"]}}],"collection":[{"href":"https:\/\/laboklin.de\/de-ch\/wp-json\/wp\/v2\/pages"}],"about":[{"href":"https:\/\/laboklin.de\/de-ch\/wp-json\/wp\/v2\/types\/page"}],"author":[{"embeddable":true,"href":"https:\/\/laboklin.de\/de-ch\/wp-json\/wp\/v2\/users\/1"}],"replies":[{"embeddable":true,"href":"https:\/\/laboklin.de\/de-ch\/wp-json\/wp\/v2\/comments?post=1333496"}],"version-history":[{"count":1,"href":"https:\/\/laboklin.de\/de-ch\/wp-json\/wp\/v2\/pages\/1333496\/revisions"}],"predecessor-version":[{"id":1505100,"href":"https:\/\/laboklin.de\/de-ch\/wp-json\/wp\/v2\/pages\/1333496\/revisions\/1505100"}],"up":[{"embeddable":true,"href":"https:\/\/laboklin.de\/de-ch\/wp-json\/wp\/v2\/pages\/1333017"}],"wp:attachment":[{"href":"https:\/\/laboklin.de\/de-ch\/wp-json\/wp\/v2\/media?parent=1333496"}],"curies":[{"name":"wp","href":"https:\/\/api.w.org\/{rel}","templated":true}]}}